{"id":1895,"date":"2019-01-12T07:20:33","date_gmt":"2019-01-12T07:20:33","guid":{"rendered":"https:\/\/ecobnb.fr\/blog\/?page_id=1895"},"modified":"2021-05-06T15:48:27","modified_gmt":"2021-05-06T15:48:27","slug":"carte-cadeau-comment-utiliser","status":"publish","type":"page","link":"https:\/\/ecobnb.fr\/blog\/carte-cadeau-comment-utiliser\/","title":{"rendered":"Comment utiliser la Carte Cadeau digitale sur Ecobnb?"},"content":{"rendered":"<h2>Vous avez achet\u00e9 ou re\u00e7u comme cadeau une\u00a0CARTE CADEAU\u00a0digitale de Ecobnb? D\u00e9couvrez comme l\u2019utiliser pour reserver votre s\u00e9jour en armonie avec la nature.<span class=\"Apple-converted-space\">\u00a0<\/span><\/h2>\n<p>Vous avez re\u00e7u une <strong>Carte Cadeau digitale<\/strong> \u00e0 utiliser sur Ecobnb? Pr\u00e9parez vous \u00e0 d\u00e9couvrir des<strong> milliers de logements eco-friendly<\/strong> en Italie et dans le monde entier. Hotels diffus\u00e9s et incroyables maison sur les arbres, chalets et glamping plong\u00e9s dans la nature, agrotourismes biologiques et hotels qui ont comme priorit\u00e9 la durabilit\u00e9. Utiliser votre Carte Cadeau sur Ecobnb est tr\u00e8s simple. Ici, comme vous pouvez faire:<\/p>\n<h2>Carte cadeau digitale: qu\u2019est-ce c\u2019est?<span class=\"Apple-converted-space\">\u00a0<\/span><\/h2>\n<p>La Gift Card digitale est une <strong>Carte Cadeau<\/strong> d\u00e9mat\u00e9rialis\u00e9e, c\u2019est \u00e0 dire une carte de paiement pr\u00e9pay\u00e9 disponible pour des sommes diff\u00e9rentes (10\u20ac, 50\u20ac, 100\u20ac, etc.) qu\u2019on peut utiliser sur le site <a href=\"https:\/\/ecobnb.fr\" target=\"_blank\" rel=\"noopener\">Ecobnb<\/a>.<span class=\"Apple-converted-space\">\u00a0 <\/span>Les Cartes cadeau sont \u00e9mis digitalement et ont une <strong>validit\u00e9 de 12 mois<\/strong> \u00e0 partir du moment de l\u2019activation.<span class=\"Apple-converted-space\">\u00a0<\/span><\/p>\n<h2>Comment acheter une Carte Cadeau sur Ecobnb?<\/h2>\n<p>Acheter un carte cadeau sur Ecobnb est vraiment tr\u00e8s simple, ici les 3 passages:<\/p>\n<p><strong>Step. 1<\/strong>: <a href=\"https:\/\/ecobnb.it\/acquista-giftcard\" target=\"_blank\" rel=\"noopener\">Se connecter \u00e0 la page speciale Gift Card<\/a>\u00a0de Ecobnb:<\/p>\n<ul>\n<li>Choisir un th\u00e8me: No\u00ebl, Anniversaire, F\u00e9licitations\u2026<\/li>\n<li>Choisir la somme. On vous offre carte cadeau de sommes diff\u00e9rentes (20\u20ac, 50\u20ac, 100\u20ac, etc)<\/li>\n<li>Introduire un message pour le destinataire, qui va apparaitre sur la Carte Cadeau.<span class=\"Apple-converted-space\">\u00a0<\/span><\/li>\n<li>Cliquer sur \u201cContinuer\u201d<span class=\"Apple-converted-space\">\u00a0<\/span><\/li>\n<\/ul>\n<p><strong>Step. 2<\/strong>: Finalisez l\u2019achat avec la confirmation du moyen de paiement d\u00e9sir\u00e9 ( carte de cr\u00e9dit ou Paypal) et remplissez avec les informations demand\u00e9es.<span class=\"Apple-converted-space\">\u00a0<\/span><\/p>\n<p><strong>Step. 3<\/strong>: Vous allez recevoir une mail de r\u00e9sum\u00e9 de l\u2019achat et la page de la Carte Cadeau qui contient le code univoque de la carte cadeau. S\u2019il s\u2019agit d\u2019un cadeau, vous pouvez imprimer la page et l\u2019ins\u00e9rer dans une carte de f\u00e9licitations ou envoyer le lien via mail au destinataire.<span class=\"Apple-converted-space\">\u00a0<\/span><\/p>\n<h2>Comment utiliser votre Carte Cadeau?<span class=\"Apple-converted-space\">\u00a0<\/span><\/h2>\n<p>Vous avez une carte cadeau de Ecobnb? Utiliser la carte cadeau digitale est tr\u00e8s simple:<span class=\"Apple-converted-space\">\u00a0<\/span><\/p>\n<ol>\n<li>Tout d\u2019abord il faut se connecter \u00e0 <a href=\"https:\/\/ecobnb.fr\" target=\"_blank\" rel=\"noopener\">Ecobnb,<\/a> d\u00e9couvrir les offres green et choisir o\u00f9 vous voulez aller parmi les milliers de destination eco-friendly en Italie et dans le monde entier.<span class=\"Apple-converted-space\">\u00a0<\/span><\/li>\n<li>Envoyer une ou plus demande de disponibilit\u00e9 (voir l\u2019image suivante). Se rappeler d\u2019 ins\u00e9rer tous les donn\u00e9es demand\u00e9es, s\u00e9lectionner \u201cVous avez un coupon code\u201d, pr\u00e9ciser le code, c\u2019est \u00e0 dire le numero de trois chiffres de votre Carte Cadeau digitale et cliquer sur le bouton \u201c Appliquer le Coupon\u201d (qui v\u00e9rifie si le code ins\u00e9r\u00e9 est correct).<span class=\"Apple-converted-space\">\u00a0<\/span><\/li>\n<li>Attendez les r\u00e9ponses de disponibilit\u00e9 des logements (si vous n\u2019\u00eates pas satisfait, vous pouvez envoyer des autres), et une fois que vous avez re\u00e7u la disponibilit\u00e9, Confirmer votre r\u00e9servation.<span class=\"Apple-converted-space\">\u00a0<\/span><\/li>\n<\/ol>\n<div id=\"attachment_2534\" class=\"thumbnail alignnone\"><img class=\"size-large wp-image-2534\" src=\"https:\/\/ecobnb.fr\/blog\/app\/uploads\/sites\/7\/2021\/05\/HOY-PARIS-Home-Of-Yoga-H\u00f4tel-\u2013-Vert-Hotel-en-Paris-\u00cele-de-France-FR-e1620316078607-870x477.png\" alt=\"Comment introduire le code coupon de votre Carte Cadeau dans une demande de disponibilit\u00e9 sur Ecobnb.\" width=\"870\" height=\"477\" \/><div class=\"caption\">Comment introduire le code coupon de votre Carte Cadeau dans une demande de disponibilit\u00e9 sur Ecobnb.<\/div><\/div>\n<h2>Plus d\u2019info sur la Carte Cadeau digitale de Ecobnb<\/h2>\n<p>Vous avez des doutes ou des demandes? Ecrivez nous \u00e0 <a href=\"mailto:coupon@ecobnb.com\">coupon@ecobnb.com<\/a>.<\/p>\n","protected":false},"excerpt":{"rendered":"<p>Vous avez achet\u00e9 ou re\u00e7u comme cadeau une\u00a0CARTE CADEAU\u00a0digitale de Ecobnb? D\u00e9couvrez comme l\u2019utiliser pour reserver votre s\u00e9jour en armonie avec la nature.\u00a0 Vous avez re\u00e7u une Carte Cadeau digitale \u00e0 utiliser sur Ecobnb? Pr\u00e9parez vous \u00e0 d\u00e9couvrir des milliers de logements eco-friendly en Italie et dans le monde entier. Hotels diffus\u00e9s et incroyables maison [&hellip;]<\/p>\n","protected":false},"author":3,"featured_media":1890,"parent":0,"menu_order":0,"comment_status":"closed","ping_status":"open","template":"page-nosidebar.php","meta":[],"acf":[],"yoast_head":"<!-- This site is optimized with the Yoast SEO plugin v19.9 - https:\/\/yoast.com\/wordpress\/plugins\/seo\/ -->\n<title>Comment utiliser la Carte Cadeau digitale sur Ecobnb? - Ecobnb<\/title>\n<meta name=\"description\" content=\"Vous avez achet\u00e9 ou re\u00e7u comme cadeau une CARTE CADEAU digitale de Ecobnb? D\u00e9couvrez comme l\u2019utiliser pour reserver votre s\u00e9jour en armonie avec la nature.\" \/>\n<meta name=\"robots\" content=\"index, follow, max-snippet:-1, max-image-preview:large, max-video-preview:-1\" \/>\n<link rel=\"canonical\" href=\"https:\/\/ecobnb.fr\/blog\/carte-cadeau-comment-utiliser\/\" \/>\n<meta property=\"og:locale\" content=\"fr_FR\" \/>\n<meta property=\"og:type\" content=\"article\" \/>\n<meta property=\"og:title\" content=\"Comment utiliser la Carte Cadeau digitale sur Ecobnb? - Ecobnb\" \/>\n<meta property=\"og:description\" content=\"Vous avez achet\u00e9 ou re\u00e7u comme cadeau une CARTE CADEAU digitale de Ecobnb? D\u00e9couvrez comme l\u2019utiliser pour reserver votre s\u00e9jour en armonie avec la nature.\" \/>\n<meta property=\"og:url\" content=\"https:\/\/ecobnb.fr\/blog\/carte-cadeau-comment-utiliser\/\" \/>\n<meta property=\"og:site_name\" content=\"Ecobnb\" \/>\n<meta property=\"article:modified_time\" content=\"2021-05-06T15:48:27+00:00\" \/>\n<meta property=\"og:image\" content=\"https:\/\/ecobnb.fr\/blog\/app\/uploads\/sites\/7\/2019\/01\/terms-and-conditions.jpg\" \/>\n\t<meta property=\"og:image:width\" content=\"1170\" \/>\n\t<meta property=\"og:image:height\" content=\"490\" \/>\n\t<meta property=\"og:image:type\" content=\"image\/jpeg\" \/>\n<meta name=\"twitter:card\" content=\"summary_large_image\" \/>\n<meta name=\"twitter:label1\" content=\"Est. reading time\" \/>\n\t<meta name=\"twitter:data1\" content=\"3 minutes\" \/>\n<!-- \/ Yoast SEO plugin. -->","yoast_head_json":{"title":"Comment utiliser la Carte Cadeau digitale sur Ecobnb? - Ecobnb","description":"Vous avez achet\u00e9 ou re\u00e7u comme cadeau une CARTE CADEAU digitale de Ecobnb? D\u00e9couvrez comme l\u2019utiliser pour reserver votre s\u00e9jour en armonie avec la nature.","robots":{"index":"index","follow":"follow","max-snippet":"max-snippet:-1","max-image-preview":"max-image-preview:large","max-video-preview":"max-video-preview:-1"},"canonical":"https:\/\/ecobnb.fr\/blog\/carte-cadeau-comment-utiliser\/","og_locale":"fr_FR","og_type":"article","og_title":"Comment utiliser la Carte Cadeau digitale sur Ecobnb? - Ecobnb","og_description":"Vous avez achet\u00e9 ou re\u00e7u comme cadeau une CARTE CADEAU digitale de Ecobnb? D\u00e9couvrez comme l\u2019utiliser pour reserver votre s\u00e9jour en armonie avec la nature.","og_url":"https:\/\/ecobnb.fr\/blog\/carte-cadeau-comment-utiliser\/","og_site_name":"Ecobnb","article_modified_time":"2021-05-06T15:48:27+00:00","og_image":[{"width":1170,"height":490,"url":"https:\/\/ecobnb.fr\/blog\/app\/uploads\/sites\/7\/2019\/01\/terms-and-conditions.jpg","type":"image\/jpeg"}],"twitter_card":"summary_large_image","twitter_misc":{"Est. reading time":"3 minutes"},"schema":{"@context":"https:\/\/schema.org","@graph":[{"@type":"WebPage","@id":"https:\/\/ecobnb.fr\/blog\/carte-cadeau-comment-utiliser\/","url":"https:\/\/ecobnb.fr\/blog\/carte-cadeau-comment-utiliser\/","name":"Comment utiliser la Carte Cadeau digitale sur Ecobnb? - Ecobnb","isPartOf":{"@id":"https:\/\/ecobnb.fr\/blog\/#website"},"datePublished":"2019-01-12T07:20:33+00:00","dateModified":"2021-05-06T15:48:27+00:00","description":"Vous avez achet\u00e9 ou re\u00e7u comme cadeau une CARTE CADEAU digitale de Ecobnb? D\u00e9couvrez comme l\u2019utiliser pour reserver votre s\u00e9jour en armonie avec la nature.","breadcrumb":{"@id":"https:\/\/ecobnb.fr\/blog\/carte-cadeau-comment-utiliser\/#breadcrumb"},"inLanguage":"fr-FR","potentialAction":[{"@type":"ReadAction","target":["https:\/\/ecobnb.fr\/blog\/carte-cadeau-comment-utiliser\/"]}]},{"@type":"BreadcrumbList","@id":"https:\/\/ecobnb.fr\/blog\/carte-cadeau-comment-utiliser\/#breadcrumb","itemListElement":[{"@type":"ListItem","position":1,"name":"Home","item":"https:\/\/ecobnb.fr\/blog\/"},{"@type":"ListItem","position":2,"name":"Comment utiliser la Carte Cadeau digitale sur Ecobnb?"}]},{"@type":"WebSite","@id":"https:\/\/ecobnb.fr\/blog\/#website","url":"https:\/\/ecobnb.fr\/blog\/","name":"Ecobnb","description":"Find sustainable accommodation","potentialAction":[{"@type":"SearchAction","target":{"@type":"EntryPoint","urlTemplate":"https:\/\/ecobnb.fr\/blog\/?s={search_term_string}"},"query-input":"required name=search_term_string"}],"inLanguage":"fr-FR"}]}},"_links":{"self":[{"href":"https:\/\/ecobnb.fr\/blog\/wp-json\/wp\/v2\/pages\/1895"}],"collection":[{"href":"https:\/\/ecobnb.fr\/blog\/wp-json\/wp\/v2\/pages"}],"about":[{"href":"https:\/\/ecobnb.fr\/blog\/wp-json\/wp\/v2\/types\/page"}],"author":[{"embeddable":true,"href":"https:\/\/ecobnb.fr\/blog\/wp-json\/wp\/v2\/users\/3"}],"replies":[{"embeddable":true,"href":"https:\/\/ecobnb.fr\/blog\/wp-json\/wp\/v2\/comments?post=1895"}],"version-history":[{"count":5,"href":"https:\/\/ecobnb.fr\/blog\/wp-json\/wp\/v2\/pages\/1895\/revisions"}],"predecessor-version":[{"id":2536,"href":"https:\/\/ecobnb.fr\/blog\/wp-json\/wp\/v2\/pages\/1895\/revisions\/2536"}],"wp:featuredmedia":[{"embeddable":true,"href":"https:\/\/ecobnb.fr\/blog\/wp-json\/wp\/v2\/media\/1890"}],"wp:attachment":[{"href":"https:\/\/ecobnb.fr\/blog\/wp-json\/wp\/v2\/media?parent=1895"}],"curies":[{"name":"wp","href":"https:\/\/api.w.org\/{rel}","templated":true}]}}