{"id":1948,"date":"2019-08-28T14:16:09","date_gmt":"2019-08-28T14:16:09","guid":{"rendered":"https:\/\/ecobnb.fr\/blog\/?page_id=1948"},"modified":"2019-09-03T08:13:54","modified_gmt":"2019-09-03T08:13:54","slug":"arbres","status":"publish","type":"page","link":"https:\/\/ecobnb.fr\/blog\/arbres\/","title":{"rendered":"CO2 \u00e9vit\u00e9 et d\u2019arbres plant\u00e9s : notre contribution \u00e0 une plan\u00e8te plus verte"},"content":{"rendered":"<h2>Voyager avec Ecobnb et s\u00e9journer dans une structure \u00e9cologique r\u00e9duit votre empreinte carbone, et donc vous aidez \u00e0 lutter contre le grand probl\u00e8me du <a href=\"https:\/\/ecobnb.com\/blog\/2017\/08\/climate-changes-u-s-report\/\" target=\"_blank\">changement climatique<\/a>.<\/h2>\n<p>Choisir un\u00a0<strong>lieu d\u2019h\u00e9bergement touristique \u00e9cologique<\/strong>\u00a0est important pour\u00a0<strong>r\u00e9duire les \u00e9missions de CO2<\/strong>\u00a0(presque 8 kg de CO2 \u00e9vit\u00e9 par personne par nuit dans un Ecobnb)- l\u2019\u00e9quivalant de\u00a0<strong>planter de nouveaux arbres<\/strong>\u00a0(295 par personne par nuit selon\u00a0<strong><em><a href=\"https:\/\/ecobnb.fr\/blog\/arbres-epargner-voyageant\/\" target=\"_blank\">HowManyTrees<\/a><\/em><\/strong>). Au m\u00eame temps, choisir une structure \u00e9cologique r\u00e9duit la consommation d\u2019<strong>eau<\/strong>\u00a0et d\u2019\u00e9nergie, produit beaucoup moins de\u00a0<strong>d\u00e9chets<\/strong>, contribue \u00e0 rendre notre plan\u00e8te un endroit\u00a0<strong>plus vert<\/strong>. Dans cette fa\u00e7on, vous aidez ceux qui veulent vivre dans un monde meilleur.<\/p>\n<blockquote><p>\u00ab Vous devez \u00eatre les acteurs du changement que vous souhaitez \u00bb (Ghandi)<\/p><\/blockquote>\n<p><iframe loading=\"lazy\" src=\"https:\/\/www.youtube.com\/embed\/Au1RewRlWxs\" width=\"870\" height=\"490\" frameborder=\"0\" allowfullscreen=\"allowfullscreen\"><\/iframe><\/p>\n<h2>Une double compensation de CO2<\/h2>\n<h2>1. Combien de CO2 vous \u00e9vitez et combien d\u2019arbres vous sauvez en voyageant avec Ecobnb<\/h2>\n<p>Gr\u00e2ce aux estimations de <a href=\"http:\/\/howmanytrees.org\/\" target=\"_blank\">howmanytrees<\/a>, on peut savoir parfaitement <strong>combien de CO2 vous \u00e9conomisez<\/strong> par nuit, en s\u00e9journant dans un Ecobnb plut\u00f4t que dans un h\u00f4tel traditionnel. Produire moins de CO2 c\u2019est comme <strong>planter de nouveaux arbres<\/strong>, voici ce qu\u2019on appelle \u00ab compensation passif \u00bb. Choisir une structure Ecobnb c\u2019est une fa\u00e7on de r\u00e9duire les \u00e9missions de gaz \u00e0 effet de serre et lutter contre le <em>global warming<\/em>.<\/p>\n<p>Dans un Ecobnb, vous sauvez par nuit :<br \/>\n<strong>\u2022 8 KG de CO2<\/strong><br \/>\n<strong> \u2022 302 litres d\u2019eau<\/strong><br \/>\n<strong>\u2022 295 arbres<\/strong><\/p>\n<p>En fait, <strong>\u00e9viter du CO2<\/strong> c\u2019est comme planter de <strong>nouveaux arbres<\/strong>, tandis qu\u2019augmenter les \u00e9missions \u00e9quivaut \u00e0 les couper. Pour en savoir davantage, <a href=\"https:\/\/ecobnb.fr\/blog\/arbres-epargner-voyageant\/\" target=\"_blank\">cliquez ici.<\/a><\/p>\n<p><img class=\"alignnone wp-image-1960 size-full\" src=\"https:\/\/ecobnb.fr\/blog\/app\/uploads\/sites\/7\/2019\/08\/Copia-di-co2-e-alberi-4.png\" alt=\"Combien de CO2 vous \u00e9vitez et combien d\u2019arbres vous sauvez en voyageant avec Ecobnb\" width=\"1170\" height=\"490\" srcset=\"https:\/\/ecobnb.fr\/blog\/app\/uploads\/sites\/7\/2019\/08\/Copia-di-co2-e-alberi-4.png 1170w, https:\/\/ecobnb.fr\/blog\/app\/uploads\/sites\/7\/2019\/08\/Copia-di-co2-e-alberi-4-536x224.png 536w, https:\/\/ecobnb.fr\/blog\/app\/uploads\/sites\/7\/2019\/08\/Copia-di-co2-e-alberi-4-344x144.png 344w\" sizes=\"(max-width: 1170px) 100vw, 1170px\" \/><\/p>\n<p>&nbsp;<\/p>\n<h2>2. Planter de nouveaux arbres localement<\/h2>\n<p>Chaque fois qu\u2019on voyage avec Ecobnb, on peut choisir d\u2019apporter une petite contribution aux projets de \u00ab <strong>compensation actif<\/strong> \u00bb, c\u2019est-\u00e0-dire de plantation d\u2019arbres. Dans cette fa\u00e7on, nous pourrions alors tous nous engager dans l\u2019action sociale de <strong>planter de nouveaux v\u00e9g\u00e9taux<\/strong> localement.<\/p>\n<p>O\u00f9 seront plant\u00e9s ces arbres de Ecobnb ? En Italie et en Europe. Comment ? En choisissant des <strong>esp\u00e8ces autochtones<\/strong> \u00e0 cultiver suivant la m\u00e9thode biologique. Par qui ? Par les paysans de Ecobnb : des <strong>fermes biologiques<\/strong> et des agritourismes \u00e9cologiques que vous pouvez visiter en personne. On parle d\u2019un projet tr\u00e8s important qui d\u00e9butera en 2020, nous vous tiendrons au courant avec plus d\u2019informations\u2026stay tuned !<\/p>\n<div id=\"attachment_1953\" class=\"thumbnail alignnone\"><img class=\"size-full wp-image-1953\" src=\"https:\/\/ecobnb.fr\/blog\/app\/uploads\/sites\/7\/2019\/09\/1.jpg\" alt=\"arbres et feuilles vertes\" width=\"870\" height=\"490\" srcset=\"https:\/\/ecobnb.fr\/blog\/app\/uploads\/sites\/7\/2019\/09\/1.jpg 870w, https:\/\/ecobnb.fr\/blog\/app\/uploads\/sites\/7\/2019\/09\/1-536x302.jpg 536w, https:\/\/ecobnb.fr\/blog\/app\/uploads\/sites\/7\/2019\/09\/1-570x320.jpg 570w, https:\/\/ecobnb.fr\/blog\/app\/uploads\/sites\/7\/2019\/09\/1-344x194.jpg 344w\" sizes=\"(max-width: 870px) 100vw, 870px\" \/><div class=\"caption\">Photo by David Vig on Unsplash<\/div><\/div>\n<p>Dans la page d\u2019accueil du<a href=\"https:\/\/ecobnb.fr\" target=\"_blank\"> site Ecobnb <\/a>vous pouvez voir les <strong>chiffres exacts d\u2019arbres sauv\u00e9s<\/strong> gr\u00e2ce aux r\u00e9servations dans des eco-bnb.<\/p>\n<h3>Planter des arbres localement, pourquoi est-il important ?<\/h3>\n<p>Pour neutraliser nos \u00e9missions de CO2, il faut qu\u2019<strong>on s\u00e8me des arbres<\/strong> tout pr\u00e8s des <strong>sources d\u2019\u00e9missions<\/strong>, conform\u00e9ment aux instructions donn\u00e9es par le <em>Protocole de Kyoto<\/em>. En fait, les arbres quand absorbent le <strong>dioxyde de carbone<\/strong> (CO2) pendant la photosynth\u00e8se, bloquent le carbone dans la biomasse et dans le sol (qui sont consid\u00e9r\u00e9es les vraies banques de carbone sur la surface de la Terre), et lib\u00e8rent l&rsquo;oxyg\u00e8ne. Pour cette raison, il vaut mieux qu\u2019on plante les arbres pr\u00e8s de celles qu\u2019on consid\u00e8re les sources de pollution. Par exemple, planter des arbres dans la plaine du P\u00f4 -o\u00f9 malheureusement la pollution atteint les pics- c\u2019est une fa\u00e7on pour lutter contre le changement climatique global, mais au m\u00eame temps pour <strong>r\u00e9habiliter<\/strong> les diff\u00e9rents endroits et les rendre plus <strong>vivables<\/strong>.<\/p>\n<p><strong>Compenser les \u00e9missions de CO2 localement<\/strong> et planter de nouveaux arbres ici et maintenant, am\u00e9liore notre efficacit\u00e9 \u00e0 l\u2019\u00e9gard de la r\u00e9duction de CO2 dans l\u2019aire par rapport aux projets dans des r\u00e9gions \u00e9loign\u00e9s.<\/p>\n<div id=\"attachment_1954\" class=\"thumbnail alignnone\"><img class=\"size-full wp-image-1954\" src=\"https:\/\/ecobnb.fr\/blog\/app\/uploads\/sites\/7\/2019\/09\/2.jpg\" alt=\"arbres et coucher du soleil\" width=\"870\" height=\"490\" srcset=\"https:\/\/ecobnb.fr\/blog\/app\/uploads\/sites\/7\/2019\/09\/2.jpg 870w, https:\/\/ecobnb.fr\/blog\/app\/uploads\/sites\/7\/2019\/09\/2-536x302.jpg 536w, https:\/\/ecobnb.fr\/blog\/app\/uploads\/sites\/7\/2019\/09\/2-570x320.jpg 570w, https:\/\/ecobnb.fr\/blog\/app\/uploads\/sites\/7\/2019\/09\/2-344x194.jpg 344w\" sizes=\"(max-width: 870px) 100vw, 870px\" \/><div class=\"caption\">photo via pxhere<\/div><\/div>\n<h3>Les avantages du vert<\/h3>\n<p>Les effets b\u00e9n\u00e9fiques des v\u00e9g\u00e9taux sont plusieurs, en voici quelques-uns :<\/p>\n<ol>\n<li>\u00a0<strong>REDUCTION DES EMISSIONS DE CO2<\/strong> : chaque plante soustrait dioxyde de carbone (CO2) dans l\u2019atmosph\u00e8re, en contribuant \u00e0 r\u00e9duire le r\u00e9chauffement climatique (le CO2 est consid\u00e9r\u00e9 le gaz \u00e0 effet de serre le plus important).<\/li>\n<li>\u00a0<strong>AVOIR UN AIR PLUS PUR ET RESPIRABLE<\/strong> : le vert fonctionne comme un filtre, convertissant le CO2 en oxyg\u00e8ne, et en plus \u00e9vitant la propagation des gaz toxiques.<\/li>\n<li><strong>\u00a0DES EFFETS BENEFIQUES SUR LA SANTE<\/strong> : des \u00e9tudes scientifiques montrent que notre sant\u00e9, tant physique que mentale, d\u00e9pend de la pr\u00e9sence de vert dans nos autours.<\/li>\n<li>\u00a0<strong>DES COMMUNAUTES PLUS COHESES<\/strong> : la plantation locale peut avoir des effets b\u00e9n\u00e9fiques sur les vies des communaut\u00e9s locales, en produisant des ph\u00e9nom\u00e8nes de participation actif, des coh\u00e9sion sociale et rares actes de vandalisme.<\/li>\n<\/ol>\n<div id=\"attachment_1955\" class=\"thumbnail alignnone\"><img class=\"size-full wp-image-1955\" src=\"https:\/\/ecobnb.fr\/blog\/app\/uploads\/sites\/7\/2019\/09\/4.jpg\" alt=\"mains d'une jeume fille qui jeue avec le terrain du sol\" width=\"870\" height=\"490\" srcset=\"https:\/\/ecobnb.fr\/blog\/app\/uploads\/sites\/7\/2019\/09\/4.jpg 870w, https:\/\/ecobnb.fr\/blog\/app\/uploads\/sites\/7\/2019\/09\/4-536x302.jpg 536w, https:\/\/ecobnb.fr\/blog\/app\/uploads\/sites\/7\/2019\/09\/4-570x320.jpg 570w, https:\/\/ecobnb.fr\/blog\/app\/uploads\/sites\/7\/2019\/09\/4-344x194.jpg 344w\" sizes=\"(max-width: 870px) 100vw, 870px\" \/><div class=\"caption\">photo via pxhere<\/div><\/div>\n<h2>Les paysans Ecobnb<\/h2>\n<p>Est-ce-que voulez vous connaitre les visages et les histoires de nos familles de paysans Ecobnb, qui vont nous aider \u00e0 promouvoir la compensation de CO2 dans une fa\u00e7on \u00e9tique, locale, solidaire et tra\u00e7able ?<br \/>\nN\u2019arr\u00eatez pas de nous suivre, nous vous donnerons plus d\u2019informations !<\/p>\n","protected":false},"excerpt":{"rendered":"<p>Voyager avec Ecobnb et s\u00e9journer dans une structure \u00e9cologique r\u00e9duit votre empreinte carbone, et donc vous aidez \u00e0 lutter contre le grand probl\u00e8me du changement climatique. Choisir un\u00a0lieu d\u2019h\u00e9bergement touristique \u00e9cologique\u00a0est important pour\u00a0r\u00e9duire les \u00e9missions de CO2\u00a0(presque 8 kg de CO2 \u00e9vit\u00e9 par personne par nuit dans un Ecobnb)- l\u2019\u00e9quivalant de\u00a0planter de nouveaux arbres\u00a0(295 par [&hellip;]<\/p>\n","protected":false},"author":115,"featured_media":1949,"parent":0,"menu_order":0,"comment_status":"closed","ping_status":"open","template":"page-nosidebar.php","meta":[],"acf":[],"yoast_head":"<!-- This site is optimized with the Yoast SEO plugin v19.9 - https:\/\/yoast.com\/wordpress\/plugins\/seo\/ -->\n<title>CO2 \u00e9vit\u00e9 et d\u2019arbres plant\u00e9s : contribution des touristes-Ecobnb<\/title>\n<meta name=\"description\" content=\"Voyager avec Ecobnb et s\u00e9journer dans une structure \u00e9cologique r\u00e9duit votre empreinte carbone, et donc vous aidez \u00e0 lutter contre le changement climatique\" \/>\n<meta name=\"robots\" content=\"index, follow, max-snippet:-1, max-image-preview:large, max-video-preview:-1\" \/>\n<link rel=\"canonical\" href=\"https:\/\/ecobnb.fr\/blog\/arbres\/\" \/>\n<meta property=\"og:locale\" content=\"fr_FR\" \/>\n<meta property=\"og:type\" content=\"article\" \/>\n<meta property=\"og:title\" content=\"CO2 \u00e9vit\u00e9 et d\u2019arbres plant\u00e9s : contribution des touristes-Ecobnb\" \/>\n<meta property=\"og:description\" content=\"Voyager avec Ecobnb et s\u00e9journer dans une structure \u00e9cologique r\u00e9duit votre empreinte carbone, et donc vous aidez \u00e0 lutter contre le changement climatique\" \/>\n<meta property=\"og:url\" content=\"https:\/\/ecobnb.fr\/blog\/arbres\/\" \/>\n<meta property=\"og:site_name\" content=\"Ecobnb\" \/>\n<meta property=\"article:modified_time\" content=\"2019-09-03T08:13:54+00:00\" \/>\n<meta property=\"og:image\" content=\"https:\/\/ecobnb.fr\/blog\/app\/uploads\/sites\/7\/2019\/08\/arbres.jpg\" \/>\n\t<meta property=\"og:image:width\" content=\"1170\" \/>\n\t<meta property=\"og:image:height\" content=\"490\" \/>\n\t<meta property=\"og:image:type\" content=\"image\/jpeg\" \/>\n<meta name=\"twitter:card\" content=\"summary_large_image\" \/>\n<meta name=\"twitter:label1\" content=\"Est. reading time\" \/>\n\t<meta name=\"twitter:data1\" content=\"4 minutes\" \/>\n<!-- \/ Yoast SEO plugin. -->","yoast_head_json":{"title":"CO2 \u00e9vit\u00e9 et d\u2019arbres plant\u00e9s : contribution des touristes-Ecobnb","description":"Voyager avec Ecobnb et s\u00e9journer dans une structure \u00e9cologique r\u00e9duit votre empreinte carbone, et donc vous aidez \u00e0 lutter contre le changement climatique","robots":{"index":"index","follow":"follow","max-snippet":"max-snippet:-1","max-image-preview":"max-image-preview:large","max-video-preview":"max-video-preview:-1"},"canonical":"https:\/\/ecobnb.fr\/blog\/arbres\/","og_locale":"fr_FR","og_type":"article","og_title":"CO2 \u00e9vit\u00e9 et d\u2019arbres plant\u00e9s : contribution des touristes-Ecobnb","og_description":"Voyager avec Ecobnb et s\u00e9journer dans une structure \u00e9cologique r\u00e9duit votre empreinte carbone, et donc vous aidez \u00e0 lutter contre le changement climatique","og_url":"https:\/\/ecobnb.fr\/blog\/arbres\/","og_site_name":"Ecobnb","article_modified_time":"2019-09-03T08:13:54+00:00","og_image":[{"width":1170,"height":490,"url":"https:\/\/ecobnb.fr\/blog\/app\/uploads\/sites\/7\/2019\/08\/arbres.jpg","type":"image\/jpeg"}],"twitter_card":"summary_large_image","twitter_misc":{"Est. reading time":"4 minutes"},"schema":{"@context":"https:\/\/schema.org","@graph":[{"@type":"WebPage","@id":"https:\/\/ecobnb.fr\/blog\/arbres\/","url":"https:\/\/ecobnb.fr\/blog\/arbres\/","name":"CO2 \u00e9vit\u00e9 et d\u2019arbres plant\u00e9s : contribution des touristes-Ecobnb","isPartOf":{"@id":"https:\/\/ecobnb.fr\/blog\/#website"},"datePublished":"2019-08-28T14:16:09+00:00","dateModified":"2019-09-03T08:13:54+00:00","description":"Voyager avec Ecobnb et s\u00e9journer dans une structure \u00e9cologique r\u00e9duit votre empreinte carbone, et donc vous aidez \u00e0 lutter contre le changement climatique","breadcrumb":{"@id":"https:\/\/ecobnb.fr\/blog\/arbres\/#breadcrumb"},"inLanguage":"fr-FR","potentialAction":[{"@type":"ReadAction","target":["https:\/\/ecobnb.fr\/blog\/arbres\/"]}]},{"@type":"BreadcrumbList","@id":"https:\/\/ecobnb.fr\/blog\/arbres\/#breadcrumb","itemListElement":[{"@type":"ListItem","position":1,"name":"Home","item":"https:\/\/ecobnb.fr\/blog\/"},{"@type":"ListItem","position":2,"name":"CO2 \u00e9vit\u00e9 et d\u2019arbres plant\u00e9s : notre contribution \u00e0 une plan\u00e8te plus verte"}]},{"@type":"WebSite","@id":"https:\/\/ecobnb.fr\/blog\/#website","url":"https:\/\/ecobnb.fr\/blog\/","name":"Ecobnb","description":"Find sustainable accommodation","potentialAction":[{"@type":"SearchAction","target":{"@type":"EntryPoint","urlTemplate":"https:\/\/ecobnb.fr\/blog\/?s={search_term_string}"},"query-input":"required name=search_term_string"}],"inLanguage":"fr-FR"}]}},"_links":{"self":[{"href":"https:\/\/ecobnb.fr\/blog\/wp-json\/wp\/v2\/pages\/1948"}],"collection":[{"href":"https:\/\/ecobnb.fr\/blog\/wp-json\/wp\/v2\/pages"}],"about":[{"href":"https:\/\/ecobnb.fr\/blog\/wp-json\/wp\/v2\/types\/page"}],"author":[{"embeddable":true,"href":"https:\/\/ecobnb.fr\/blog\/wp-json\/wp\/v2\/users\/115"}],"replies":[{"embeddable":true,"href":"https:\/\/ecobnb.fr\/blog\/wp-json\/wp\/v2\/comments?post=1948"}],"version-history":[{"count":3,"href":"https:\/\/ecobnb.fr\/blog\/wp-json\/wp\/v2\/pages\/1948\/revisions"}],"predecessor-version":[{"id":1961,"href":"https:\/\/ecobnb.fr\/blog\/wp-json\/wp\/v2\/pages\/1948\/revisions\/1961"}],"wp:featuredmedia":[{"embeddable":true,"href":"https:\/\/ecobnb.fr\/blog\/wp-json\/wp\/v2\/media\/1949"}],"wp:attachment":[{"href":"https:\/\/ecobnb.fr\/blog\/wp-json\/wp\/v2\/media?parent=1948"}],"curies":[{"name":"wp","href":"https:\/\/api.w.org\/{rel}","templated":true}]}}