{"id":2000,"date":"2019-11-12T10:44:47","date_gmt":"2019-11-12T10:44:47","guid":{"rendered":"https:\/\/ecobnb.fr\/blog\/?page_id=2000"},"modified":"2019-11-14T09:36:53","modified_gmt":"2019-11-14T09:36:53","slug":"gift-card","status":"publish","type":"page","link":"https:\/\/ecobnb.fr\/blog\/gift-card\/","title":{"rendered":"Gift Card, pour donner des exp\u00e9riences uniques et green"},"content":{"rendered":"<h2>Combattez les gaspillages et la pollution en un seul geste: offrez des exp\u00e9riences uniques et durables avec la gift card Ecobnb<\/h2>\n<p>Trouver le bon cadeau pour chaque personne semble-t-il \u00eatre une mission impossible? \u00cates-vous toujours \u00e0 la recherche du <strong>cadeau parfait<\/strong> qui ne se retrouve pas dans la bo\u00eete d&rsquo;objets inutilis\u00e9s et qui soutien l&rsquo;environnement? Facile: choisissez la <strong>Green gift card Ecobnb<\/strong> pour offrir une <strong>exp\u00e9rience<\/strong> <strong>unique et \u00e9cologique,<\/strong> un voyage inoubliable en <strong>harmonie avec la nature<\/strong>!<\/p>\n<p><a href=\"https:\/\/ecobnb.com\/buy-giftcard\"><img class=\"alignnone wp-image-2001 size-full\" src=\"https:\/\/ecobnb.fr\/blog\/app\/uploads\/sites\/7\/2019\/11\/gift-card.jpg\" alt=\"gift card\" width=\"770\" height=\"190\" srcset=\"https:\/\/ecobnb.fr\/blog\/app\/uploads\/sites\/7\/2019\/11\/gift-card.jpg 770w, https:\/\/ecobnb.fr\/blog\/app\/uploads\/sites\/7\/2019\/11\/gift-card-536x132.jpg 536w, https:\/\/ecobnb.fr\/blog\/app\/uploads\/sites\/7\/2019\/11\/gift-card-768x190.jpg 768w, https:\/\/ecobnb.fr\/blog\/app\/uploads\/sites\/7\/2019\/11\/gift-card-344x85.jpg 344w\" sizes=\"(max-width: 770px) 100vw, 770px\" \/><\/a><\/p>\n<h2>Donner une exp\u00e9rience Green avec les Green-Cards Ecobnb<\/h2>\n<p><a href=\"https:\/\/ecobnb.com\/buy-giftcard\"><img class=\"alignnone wp-image-1991 size-large\" src=\"https:\/\/ecobnb.fr\/blog\/app\/uploads\/sites\/7\/2019\/11\/1-870x490.jpg\" alt=\"Gift Card, pour donner des exp\u00e9riences uniques et green\" width=\"870\" height=\"490\" srcset=\"https:\/\/ecobnb.fr\/blog\/app\/uploads\/sites\/7\/2019\/11\/1-870x490.jpg 870w, https:\/\/ecobnb.fr\/blog\/app\/uploads\/sites\/7\/2019\/11\/1-570x320.jpg 570w\" sizes=\"(max-width: 870px) 100vw, 870px\" \/><\/a><\/p>\n<p>Un week-end dans un <strong>agritourisme biologique<\/strong> pour apprendre \u00e0 faire du fromage, ou des vacances de yoga. Une escapade romantique dans un ancien ch\u00e2teau transform\u00e9 en un h\u00f4tel populaire, ou une nuit dans un<strong> glamping<\/strong> entour\u00e9 par la nature. Des vacances sur la neige, dormir dans un <strong>igloo<\/strong>, une nuit dans un <strong>ancien moulin<\/strong> ou dans un <strong>phare<\/strong> entour\u00e9 par la mer &#8230; Les possibilit\u00e9s sont infinies et ce qui est certain, c\u2019est que l\u2019exp\u00e9rience vous rend heureux tant dans le moment o\u00f9 elle est v\u00e9cue que plus tard, lorsqu\u2019elle est rappel\u00e9e et racont\u00e9e. &laquo;&nbsp;Donner une exp\u00e9rience signifie renforcer le lien affectif entre le donneur et le receveur&nbsp;&raquo;, a d\u00e9clar\u00e9 la psychologue Florinda Barbuto.<\/p>\n<h2>Donner des exp\u00e9riences rend les gens plus heureux<\/h2>\n<div id=\"attachment_2006\" class=\"thumbnail alignnone\"><img class=\"wp-image-2006 size-large\" src=\"https:\/\/ecobnb.fr\/blog\/app\/uploads\/sites\/7\/2019\/11\/alisa-anton-MzFclBeMwSo-unsplash-870x490.jpg\" alt=\"Donner des exp\u00e9riences rend les gens plus heureux\" width=\"870\" height=\"490\" srcset=\"https:\/\/ecobnb.fr\/blog\/app\/uploads\/sites\/7\/2019\/11\/alisa-anton-MzFclBeMwSo-unsplash-870x490.jpg 870w, https:\/\/ecobnb.fr\/blog\/app\/uploads\/sites\/7\/2019\/11\/alisa-anton-MzFclBeMwSo-unsplash-570x320.jpg 570w\" sizes=\"(max-width: 870px) 100vw, 870px\" \/><div class=\"caption\">Photo by Alisa Anton on Unsplash<\/div><\/div>\n<p>Selon deux \u00e9tudes r\u00e9centes &#8211; l\u2019une de l\u2019<a href=\"https:\/\/www.tandfonline.com\/doi\/abs\/10.1080\/17439760.2014.898316?journalCode=rpos20\" target=\"_blank\" rel=\"noopener\">Universit\u00e9 de San Francisco<\/a> et l\u2019autre de l\u2019<a href=\"https:\/\/academic.oup.com\/jcr\/article\/43\/6\/913\/2632328\" target=\"_blank\" rel=\"noopener\">Universit\u00e9 de Los Angeles<\/a> &#8211; offrir des <strong>exp\u00e9riences<\/strong> plut\u00f4t que des objets renforce les relations et rend les gens plus heureux. C\u2019est parce-que les exp\u00e9riences donnent du plaisir non seulement quand nous les vivons, mais aussi plus tard, quand nous les <strong>rappelons<\/strong> et les racontons. Selon les deux recherches californiennes, certains cadeaux sont meilleurs que d\u2019autres pour renforcer les <strong>relations<\/strong>. Les cadeaux exp\u00e9rientiels, plus que les objets, unissent le donneur et le receveur, m\u00eame si l\u2019exp\u00e9rience n\u2019est pas faite ensemble.<\/p>\n<h2>Gift Card : les nouvelles Cartes-Cadeaux num\u00e9rique d\u2019Ecobnb<\/h2>\n<p><a href=\"https:\/\/ecobnb.com\/buy-giftcard\"><img class=\"alignnone wp-image-1992 size-large\" src=\"https:\/\/ecobnb.fr\/blog\/app\/uploads\/sites\/7\/2019\/11\/2-870x490.jpg\" alt=\"Gift Card, pour donner des exp\u00e9riences uniques et green\" width=\"870\" height=\"490\" srcset=\"https:\/\/ecobnb.fr\/blog\/app\/uploads\/sites\/7\/2019\/11\/2-870x490.jpg 870w, https:\/\/ecobnb.fr\/blog\/app\/uploads\/sites\/7\/2019\/11\/2-570x320.jpg 570w\" sizes=\"(max-width: 870px) 100vw, 870px\" \/><\/a><\/p>\n<p>Une option pour rendre hereux votre famille et vos amis, mais au m\u00eame temps pour r\u00e9duire les gaspillages et pr\u00e9server l&rsquo;\u00e9cosyst\u00e8me, c\u2019est la Gift-Card d\u2019Ecobnb, une Carte-cadeau pour voyager Green et pour vivre des exp\u00e9riences en harmonie avec la nature.<\/p>\n<p><strong><a href=\"https:\/\/ecobnb.com\/buy-giftcard\" target=\"_blank\" rel=\"noopener\">Tu peux acheter ta Gift-Card ici<\/a><\/strong>, choisir la pi\u00e9ce que tu pr\u00e9f\u00e9re (20 \u20ac, 50 \u20ac, 100 \u20ac ecc.) et <strong>ajoutez un message personnalis\u00e9.<\/strong><\/p>\n<h2>Les avantages des Gift-cards<\/h2>\n<p><a href=\"https:\/\/ecobnb.com\/buy-giftcard\"><img class=\"alignnone wp-image-1993 size-large\" src=\"https:\/\/ecobnb.fr\/blog\/app\/uploads\/sites\/7\/2019\/11\/3-870x490.jpg\" alt=\"Gift Card, pour donner des exp\u00e9riences uniques et green\" width=\"870\" height=\"490\" srcset=\"https:\/\/ecobnb.fr\/blog\/app\/uploads\/sites\/7\/2019\/11\/3-870x490.jpg 870w, https:\/\/ecobnb.fr\/blog\/app\/uploads\/sites\/7\/2019\/11\/3-570x320.jpg 570w\" sizes=\"(max-width: 870px) 100vw, 870px\" \/><\/a><\/p>\n<p>Ceux qui re\u00e7oivent la carte-cadeau num\u00e9rique Ecobnb disposeront de <strong>12 mois<\/strong> pour l&rsquo;utiliser sur la plate-forme, en choisissant <strong>des milliers d&rsquo;h\u00e9bergements \u00e9cologiques<\/strong> (tous ceux d&rsquo;Ecobnb) offrant \u00e9galement des exp\u00e9riences uniques et inoubliables.<\/p>\n<p>Vous y trouverez des <strong>fermes biologiques<\/strong>, des <a href=\"https:\/\/ecobnb.fr\/blog\/2018\/10\/glamping-ecologiques-tente\/\" target=\"_blank\" rel=\"noopener\">glampings \u00e9cologiques<\/a> immerg\u00e9s dans la nature, des h\u00f4tels r\u00e9partis dans des <strong>villages anciens<\/strong>, des chambres d&rsquo;h\u00f4tes \u00e9cologiques entour\u00e9s de bois, des <strong>phares<\/strong> en mer, des <a href=\"https:\/\/ecobnb.fr\/blog\/2015\/12\/igloos-beaux-durables-europe\/\" target=\"_blank\" rel=\"noopener\">igloos sur glace<\/a>, de beaux <strong>chalets \u00e9cologiques<\/strong> entour\u00e9s de superbes paysages enneig\u00e9s &#8230; Les options sont nombreuses (plus de <strong>3000 en Italie et dans le monde<\/strong>), et tous \u00e9co-durables!<\/p>\n<p><strong>Les 3 autres avantages de la carte-cadeau sont:<\/strong><\/p>\n<ul>\n<li>Peut \u00eatre utilis\u00e9 <strong>dans toutes les structures d&rsquo;h\u00e9bergement<\/strong> faisant partie du r\u00e9seau Ecobnb<\/li>\n<li>Il peut \u00e9galement \u00eatre utilis\u00e9 en<strong> haute saison, ponts ou jours f\u00e9ri\u00e9s<\/strong>, sous r\u00e9serve de la v\u00e9rification des disponibilit\u00e9s<\/li>\n<li>Lorsque la valeur de la carte-cadeau est sup\u00e9rieure \u00e0 celle de la r\u00e9servation, vous recevrez un nouveau coupon avec le montant restant pouvant \u00eatre utilis\u00e9 pour d&rsquo;autres s\u00e9jours.<\/li>\n<\/ul>\n<h2>Cartes-cadeaux num\u00e9riques: les avantages pour l&rsquo;environnement<\/h2>\n<p><a href=\"https:\/\/ecobnb.com\/buy-giftcard\"><img class=\"alignnone wp-image-1994 size-large\" src=\"https:\/\/ecobnb.fr\/blog\/app\/uploads\/sites\/7\/2019\/11\/4-870x490.jpg\" alt=\"Cartes-cadeaux num\u00e9riques\" width=\"870\" height=\"490\" srcset=\"https:\/\/ecobnb.fr\/blog\/app\/uploads\/sites\/7\/2019\/11\/4-870x490.jpg 870w, https:\/\/ecobnb.fr\/blog\/app\/uploads\/sites\/7\/2019\/11\/4-570x320.jpg 570w\" sizes=\"(max-width: 870px) 100vw, 870px\" \/><\/a><\/p>\n<p>Juste en dessous des vacances augmente incroyablement le volume de d\u00e9chets produits, \u00e0 commencer par les papiers et les emballages qui finissent par encombrer la poubelle. En fait, selon les estimations de la Commission europ\u00e9enne, les d\u00e9chets produits pendant la p\u00e9riode de No\u00ebl augmentent bien de 30%.<\/p>\n<p>D\u00e9j\u00e0 depuis quelques ann\u00e9es, nous participons au projet de d\u00e9mat\u00e9rialisation des cadeaux, en collaboration avec la Semaine europ\u00e9enne de la r\u00e9duction des d\u00e9chets et impliquant plus de trois mille installations d\u2019h\u00e9bergement faisant partie de notre r\u00e9seau. Le choix d&rsquo;un cadeau d\u00e9mat\u00e9rialis\u00e9 par rapport \u00e0 un cadeau traditionnel <strong>r\u00e9duit consid\u00e9rablement le gaspillage.<\/strong><\/p>\n<h2>Cartes-cadeaux num\u00e9riques pour les entreprises<\/h2>\n<p><img class=\"alignnone wp-image-1995 size-large\" src=\"https:\/\/ecobnb.fr\/blog\/app\/uploads\/sites\/7\/2019\/11\/6-870x490.jpg\" alt=\"Gift Card ecologique\" width=\"870\" height=\"490\" srcset=\"https:\/\/ecobnb.fr\/blog\/app\/uploads\/sites\/7\/2019\/11\/6-870x490.jpg 870w, https:\/\/ecobnb.fr\/blog\/app\/uploads\/sites\/7\/2019\/11\/6-570x320.jpg 570w\" sizes=\"(max-width: 870px) 100vw, 870px\" \/><\/p>\n<p>Vous \u00eates une <strong>entreprise<\/strong> ou une<strong> association<\/strong> et vous souhaitez acheter un <strong>cadeau unique et \u00e9cologique<\/strong> pour vos clients ou vos employ\u00e9s?<\/p>\n<p>Avec les <strong>cartes-cadeaux Ecobnb,<\/strong> vous pouvez leur offrir des <strong>s\u00e9jours \u00e9cologiques<\/strong>, qu\u2019ils pourront utiliser pour sejourner dans <strong>plus de 3000 h\u00e9bergements \u00e9cologiques<\/strong> en Italie et dans le monde. Vous pouvez utiliser des cartes-cadeaux dans les concours, mais aussi dans les r\u00e9gimes de motivation, les cadeaux d&rsquo;entreprise..<\/p>\n<p>Les cartes-cadeaux num\u00e9riques et durables sont id\u00e9al pour <strong>fid\u00e9liser<\/strong> vos employ\u00e9s et vos clients ou en acqu\u00e9rir de nouveaux.<\/p>\n<p>Avec un cadeau \u00e9cologique, vous pouvez communiquer l&rsquo;attention de votre entreprise sur la question de la durabilit\u00e9 environnementale. Il s\u2019agit d\u2019une occasion unique de promouvoir activement un r\u00e9seau de petites entreprises (fermes biologiques, grands h\u00f4tels, glamping, etc.) qui s\u2019engagent concr\u00e8tement pour la sauvegarde de la plan\u00e8te.<\/p>\n<p><a href=\"https:\/\/ecobnb.fr\/blog\/eco-gift-voucher\/\" target=\"_blank\" rel=\"noopener\"><strong>D\u00e9couvrez tous les avantages du choix des cartes-cadeaux Ecobnb<\/strong>.<\/a> Voulez-vous en savoir plus? \u00c9crivez-nous \u00e0 info@ecobnb.com<\/p>\n<h2>Un projet qui soutient l\u2019\u00e9conomie circulaire<\/h2>\n<p><img class=\"alignnone size-full wp-image-1996\" src=\"https:\/\/ecobnb.fr\/blog\/app\/uploads\/sites\/7\/2019\/11\/7.png\" alt=\"Gift Card\" width=\"1170\" height=\"490\" srcset=\"https:\/\/ecobnb.fr\/blog\/app\/uploads\/sites\/7\/2019\/11\/7.png 1170w, https:\/\/ecobnb.fr\/blog\/app\/uploads\/sites\/7\/2019\/11\/7-536x224.png 536w, https:\/\/ecobnb.fr\/blog\/app\/uploads\/sites\/7\/2019\/11\/7-768x322.png 768w, https:\/\/ecobnb.fr\/blog\/app\/uploads\/sites\/7\/2019\/11\/7-344x144.png 344w\" sizes=\"(max-width: 1170px) 100vw, 1170px\" \/><\/p>\n<p>En donnant une <strong>carte-cadeau num\u00e9rique Ecobnb<\/strong>, vous pouvez soutenir l\u2019\u00e9conomie circulaire en profitant aux \u00e9tablissements d\u2019h\u00e9bergement qui investissent dans l\u2019\u00e9nergie organique et propre, dans la cha\u00eene courte et dans la mobilit\u00e9 douce, dans la r\u00e9duction des d\u00e9chets, dans la construction \u00e9cologique, dans l\u2019agriculture biodynamique, savons naturels et bien plus encore.<\/p>\n<p>En choisissant une hospitalit\u00e9 \u00e9cologique par rapport \u00e0 une tradition, vous \u00e9conomiserez environ 8 kg de CO2 par nuit, soit l&rsquo;\u00e9quivalent de 295 arbres sauv\u00e9s!<\/p>\n<p><strong>Qu&rsquo;attendez vous? <a href=\"https:\/\/ecobnb.com\/buy-giftcard\" target=\"_blank\" rel=\"noopener\">Cr\u00e9ez votre carte-cadeau maintenant<\/a><\/strong><\/p>\n<p><a href=\"https:\/\/ecobnb.com\/buy-giftcard\"><img class=\"alignnone wp-image-2001 size-full\" src=\"https:\/\/ecobnb.fr\/blog\/app\/uploads\/sites\/7\/2019\/11\/gift-card.jpg\" alt=\"gift card\" width=\"770\" height=\"190\" srcset=\"https:\/\/ecobnb.fr\/blog\/app\/uploads\/sites\/7\/2019\/11\/gift-card.jpg 770w, https:\/\/ecobnb.fr\/blog\/app\/uploads\/sites\/7\/2019\/11\/gift-card-536x132.jpg 536w, https:\/\/ecobnb.fr\/blog\/app\/uploads\/sites\/7\/2019\/11\/gift-card-768x190.jpg 768w, https:\/\/ecobnb.fr\/blog\/app\/uploads\/sites\/7\/2019\/11\/gift-card-344x85.jpg 344w\" sizes=\"(max-width: 770px) 100vw, 770px\" \/><\/a><\/p>\n","protected":false},"excerpt":{"rendered":"<p>Combattez les gaspillages et la pollution en un seul geste: offrez des exp\u00e9riences uniques et durables avec la gift card Ecobnb Trouver le bon cadeau pour chaque personne semble-t-il \u00eatre une mission impossible? \u00cates-vous toujours \u00e0 la recherche du cadeau parfait qui ne se retrouve pas dans la bo\u00eete d&rsquo;objets inutilis\u00e9s et qui soutien l&rsquo;environnement? [&hellip;]<\/p>\n","protected":false},"author":122,"featured_media":1989,"parent":0,"menu_order":0,"comment_status":"closed","ping_status":"closed","template":"","meta":[],"acf":[],"yoast_head":"<!-- This site is optimized with the Yoast SEO plugin v19.9 - https:\/\/yoast.com\/wordpress\/plugins\/seo\/ -->\n<title>Gift Card, pour donner des exp\u00e9riences uniques et green - Ecobnb<\/title>\n<meta name=\"description\" content=\"Combattez les gaspillages :choississez la Gift Card Ecobnb pour offrir une exp\u00e9rience unique et \u00e9cologuqye,un voyage inoubliable en harmonie avec la nature\" \/>\n<meta name=\"robots\" content=\"index, follow, max-snippet:-1, max-image-preview:large, max-video-preview:-1\" \/>\n<link rel=\"canonical\" href=\"https:\/\/ecobnb.fr\/blog\/gift-card\/\" \/>\n<meta property=\"og:locale\" content=\"fr_FR\" \/>\n<meta property=\"og:type\" content=\"article\" \/>\n<meta property=\"og:title\" content=\"Gift Card, pour donner des exp\u00e9riences uniques et green - Ecobnb\" \/>\n<meta property=\"og:description\" content=\"Combattez les gaspillages :choississez la Gift Card Ecobnb pour offrir une exp\u00e9rience unique et \u00e9cologuqye,un voyage inoubliable en harmonie avec la nature\" \/>\n<meta property=\"og:url\" content=\"https:\/\/ecobnb.fr\/blog\/gift-card\/\" \/>\n<meta property=\"og:site_name\" content=\"Ecobnb\" \/>\n<meta property=\"article:modified_time\" content=\"2019-11-14T09:36:53+00:00\" \/>\n<meta property=\"og:image\" content=\"https:\/\/ecobnb.fr\/blog\/app\/uploads\/sites\/7\/2019\/11\/cover-card.jpg\" \/>\n\t<meta property=\"og:image:width\" content=\"1170\" \/>\n\t<meta property=\"og:image:height\" content=\"490\" \/>\n\t<meta property=\"og:image:type\" content=\"image\/jpeg\" \/>\n<meta name=\"twitter:card\" content=\"summary_large_image\" \/>\n<meta name=\"twitter:label1\" content=\"Est. reading time\" \/>\n\t<meta name=\"twitter:data1\" content=\"5 minutes\" \/>\n<!-- \/ Yoast SEO plugin. -->","yoast_head_json":{"title":"Gift Card, pour donner des exp\u00e9riences uniques et green - Ecobnb","description":"Combattez les gaspillages :choississez la Gift Card Ecobnb pour offrir une exp\u00e9rience unique et \u00e9cologuqye,un voyage inoubliable en harmonie avec la nature","robots":{"index":"index","follow":"follow","max-snippet":"max-snippet:-1","max-image-preview":"max-image-preview:large","max-video-preview":"max-video-preview:-1"},"canonical":"https:\/\/ecobnb.fr\/blog\/gift-card\/","og_locale":"fr_FR","og_type":"article","og_title":"Gift Card, pour donner des exp\u00e9riences uniques et green - Ecobnb","og_description":"Combattez les gaspillages :choississez la Gift Card Ecobnb pour offrir une exp\u00e9rience unique et \u00e9cologuqye,un voyage inoubliable en harmonie avec la nature","og_url":"https:\/\/ecobnb.fr\/blog\/gift-card\/","og_site_name":"Ecobnb","article_modified_time":"2019-11-14T09:36:53+00:00","og_image":[{"width":1170,"height":490,"url":"https:\/\/ecobnb.fr\/blog\/app\/uploads\/sites\/7\/2019\/11\/cover-card.jpg","type":"image\/jpeg"}],"twitter_card":"summary_large_image","twitter_misc":{"Est. reading time":"5 minutes"},"schema":{"@context":"https:\/\/schema.org","@graph":[{"@type":"WebPage","@id":"https:\/\/ecobnb.fr\/blog\/gift-card\/","url":"https:\/\/ecobnb.fr\/blog\/gift-card\/","name":"Gift Card, pour donner des exp\u00e9riences uniques et green - Ecobnb","isPartOf":{"@id":"https:\/\/ecobnb.fr\/blog\/#website"},"datePublished":"2019-11-12T10:44:47+00:00","dateModified":"2019-11-14T09:36:53+00:00","description":"Combattez les gaspillages :choississez la Gift Card Ecobnb pour offrir une exp\u00e9rience unique et \u00e9cologuqye,un voyage inoubliable en harmonie avec la nature","breadcrumb":{"@id":"https:\/\/ecobnb.fr\/blog\/gift-card\/#breadcrumb"},"inLanguage":"fr-FR","potentialAction":[{"@type":"ReadAction","target":["https:\/\/ecobnb.fr\/blog\/gift-card\/"]}]},{"@type":"BreadcrumbList","@id":"https:\/\/ecobnb.fr\/blog\/gift-card\/#breadcrumb","itemListElement":[{"@type":"ListItem","position":1,"name":"Home","item":"https:\/\/ecobnb.fr\/blog\/"},{"@type":"ListItem","position":2,"name":"Gift Card, pour donner des exp\u00e9riences uniques et green"}]},{"@type":"WebSite","@id":"https:\/\/ecobnb.fr\/blog\/#website","url":"https:\/\/ecobnb.fr\/blog\/","name":"Ecobnb","description":"Find sustainable accommodation","potentialAction":[{"@type":"SearchAction","target":{"@type":"EntryPoint","urlTemplate":"https:\/\/ecobnb.fr\/blog\/?s={search_term_string}"},"query-input":"required name=search_term_string"}],"inLanguage":"fr-FR"}]}},"_links":{"self":[{"href":"https:\/\/ecobnb.fr\/blog\/wp-json\/wp\/v2\/pages\/2000"}],"collection":[{"href":"https:\/\/ecobnb.fr\/blog\/wp-json\/wp\/v2\/pages"}],"about":[{"href":"https:\/\/ecobnb.fr\/blog\/wp-json\/wp\/v2\/types\/page"}],"author":[{"embeddable":true,"href":"https:\/\/ecobnb.fr\/blog\/wp-json\/wp\/v2\/users\/122"}],"replies":[{"embeddable":true,"href":"https:\/\/ecobnb.fr\/blog\/wp-json\/wp\/v2\/comments?post=2000"}],"version-history":[{"count":7,"href":"https:\/\/ecobnb.fr\/blog\/wp-json\/wp\/v2\/pages\/2000\/revisions"}],"predecessor-version":[{"id":2009,"href":"https:\/\/ecobnb.fr\/blog\/wp-json\/wp\/v2\/pages\/2000\/revisions\/2009"}],"wp:featuredmedia":[{"embeddable":true,"href":"https:\/\/ecobnb.fr\/blog\/wp-json\/wp\/v2\/media\/1989"}],"wp:attachment":[{"href":"https:\/\/ecobnb.fr\/blog\/wp-json\/wp\/v2\/media?parent=2000"}],"curies":[{"name":"wp","href":"https:\/\/api.w.org\/{rel}","templated":true}]}}