{"id":2109,"date":"2020-04-16T11:35:30","date_gmt":"2020-04-16T11:35:30","guid":{"rendered":"https:\/\/ecobnb.fr\/blog\/?page_id=2109"},"modified":"2025-11-01T08:49:38","modified_gmt":"2025-11-01T08:49:38","slug":"mettre-a-jour-tarifs-disponibilite","status":"publish","type":"page","link":"https:\/\/ecobnb.fr\/blog\/mettre-a-jour-tarifs-disponibilite\/","title":{"rendered":"Comment Mettre \u00e0 Jour Les Tarifs et La Disponibilit\u00e9 de Vos Espaces sur Ecobnb"},"content":{"rendered":"<p data-start=\"283\" data-end=\"567\">Ecobnb vous permet d\u2019activer le syst\u00e8me de r\u00e9servation rapide (Instabooking) et de mettre facilement \u00e0 jour les prix et la disponibilit\u00e9 de vos espaces \u00e0 louer. Vous pouvez le faire manuellement ou automatiquement, en connectant votre calendrier \u00e0 un Channel Manager ou \u00e0 d\u2019autres canaux de vente tels que Booking.com, Airbnb ou Google Calendar.<\/p>\n<p data-start=\"907\" data-end=\"1033\"><strong>Dans ce guide, vous apprendrez \u00e0 :<\/strong><\/p>\n<ul data-start=\"1036\" data-end=\"1297\">\n<li data-start=\"1036\" data-end=\"1165\">\n<p data-start=\"1038\" data-end=\"1165\"><strong data-start=\"1038\" data-end=\"1163\">Connecter automatiquement les calendriers de vos espaces via iCal<\/strong>, en synchronisant les disponibilit\u00e9s avec les autres canaux.<\/p>\n<\/li>\n<li data-start=\"1168\" data-end=\"1297\">\n<p data-start=\"1170\" data-end=\"1297\"><strong data-start=\"1170\" data-end=\"1295\">Activer Instabooking<\/strong>, le syst\u00e8me de r\u00e9servation rapide disponible uniquement si tous vos calendriers sont synchronis\u00e9s.<\/p>\n<\/li>\n<\/ul>\n<h2>Diff\u00e9rence entre r\u00e9servation classique et Instabooking<\/h2>\n<ul>\n<li data-start=\"920\" data-end=\"1176\">\n<p data-start=\"922\" data-end=\"1019\"><strong data-start=\"922\" data-end=\"947\">R\u00e9servation classique<\/strong> : se fait en 3 \u00e9tapes et n\u00e9cessite toujours la confirmation de l\u2019\u00e9tablissement :<\/p>\n<ol data-start=\"1586\" data-end=\"1756\">\n<li data-start=\"1586\" data-end=\"1645\"><strong>Le voyageur envoie une demande de disponibilit\u00e9<\/strong><\/li>\n<\/ol>\n<ol data-start=\"1022\" data-end=\"1176\">\n<li data-start=\"1080\" data-end=\"1129\">\n<p data-start=\"1083\" data-end=\"1129\"><strong>L\u2019\u00e9tablissement confirme la disponibilit\u00e9 et le prix<\/strong><\/p>\n<\/li>\n<li data-start=\"1132\" data-end=\"1176\">\n<p data-start=\"1135\" data-end=\"1176\"><strong>Le voyageur confirme la r\u00e9servation<\/strong><\/p>\n<\/li>\n<\/ol>\n<\/li>\n<li data-start=\"1178\" data-end=\"1305\">\n<p data-start=\"1180\" data-end=\"1305\"><strong data-start=\"1180\" data-end=\"1196\">Instabooking<\/strong> : le voyageur v\u00e9rifie la disponibilit\u00e9 sur le calendrier et r\u00e9serve imm\u00e9diatement, sans \u00e9tapes suppl\u00e9mentaires.<\/p>\n<\/li>\n<\/ul>\n<div id=\"attachment_7134\" class=\"thumbnail alignnone\"><img class=\"size-full wp-image-7134\" src=\"https:\/\/ecobnb.fr\/blog\/app\/uploads\/sites\/7\/2025\/11\/Instabooking-1.png\" alt=\"R\u00e9servation classique en 3 \u00e9tapes (\u00e0 gauche) et Instabooking (\u00e0 droite)\" width=\"870\" height=\"490\" srcset=\"https:\/\/ecobnb.fr\/blog\/app\/uploads\/sites\/7\/2025\/11\/Instabooking-1.png 870w, https:\/\/ecobnb.fr\/blog\/app\/uploads\/sites\/7\/2025\/11\/Instabooking-1-536x302.png 536w, https:\/\/ecobnb.fr\/blog\/app\/uploads\/sites\/7\/2025\/11\/Instabooking-1-768x433.png 768w, https:\/\/ecobnb.fr\/blog\/app\/uploads\/sites\/7\/2025\/11\/Instabooking-1-570x320.png 570w, https:\/\/ecobnb.fr\/blog\/app\/uploads\/sites\/7\/2025\/11\/Instabooking-1-344x194.png 344w\" sizes=\"(max-width: 870px) 100vw, 870px\" \/><div class=\"caption\">R\u00e9servation classique en 3 \u00e9tapes (\u00e0 gauche) et Instabooking (\u00e0 droite)<\/div><\/div>\n<h2>Comment mettre \u00e0 jour les prix et disponibilit\u00e9s de vos espaces et activer Instabooking sur Ecobnb :<\/h2>\n<p>Pour activer Instabooking, il est n\u00e9cessaire de :<\/p>\n<ul data-start=\"2541\" data-end=\"2787\">\n<li data-start=\"2541\" data-end=\"2626\">\n<p data-start=\"2543\" data-end=\"2626\"><strong data-start=\"2543\" data-end=\"2624\">synchroniser tous les calendriers de disponibilit\u00e9 de vos espaces via iCal ;<\/strong><\/p>\n<\/li>\n<li data-start=\"2629\" data-end=\"2708\">\n<p data-start=\"2631\" data-end=\"2708\"><strong data-start=\"2631\" data-end=\"2706\">mettre \u00e0 jour les prix de vos espaces selon les jours ou p\u00e9riodes de l\u2019ann\u00e9e ;<\/strong><\/p>\n<\/li>\n<li data-start=\"2711\" data-end=\"2787\">\n<p data-start=\"2713\" data-end=\"2787\"><strong data-start=\"2713\" data-end=\"2787\">indiquer les conditions d\u2019annulation de votre \u00e9tablissement sur Ecobnb.<\/strong><\/p>\n<\/li>\n<\/ul>\n<p>Suivez ces \u00e9tapes pas \u00e0 pas :<\/p>\n<h3>1. Connectez-vous \u00e0 <a href=\"https:\/\/ecobnb.fr\/login\" target=\"_blank\" rel=\"noopener\">Ecobnb<\/a><\/h3>\n<p><a href=\"https:\/\/ecobnb.it\/login\"><img class=\"alignnone size-large wp-image-49413\" src=\"https:\/\/ecobnb.it\/blog\/app\/uploads\/sites\/2\/2020\/03\/01-login-870x490.png\" alt=\"login\" width=\"870\" height=\"490\" \/><\/a><br \/>\nConnectez-vous \u00e0 Ecobnb <a href=\"https:\/\/ecobnb.fr\/login\" target=\"_blank\" rel=\"noopener\"><strong>en suivant ce lien<\/strong><\/a> et saisissez vos identifiants (email et mot de passe). Si vous avez oubli\u00e9 votre mot de passe, vous pouvez le r\u00e9cup\u00e9rer en cliquant sur \u201c<a href=\"https:\/\/ecobnb.fr\/reset-password\" target=\"_blank\" rel=\"noopener\">Mot de passe oubli\u00e9 ?<\/a>\u201d.<\/p>\n<h3>2. Acc\u00e9dez \u00e0 votre page en mode \u00e9dition<\/h3>\n<p><img class=\"alignnone wp-image-86722 size-full\" src=\"https:\/\/ecobnb.it\/blog\/app\/uploads\/sites\/2\/2025\/09\/menu-modifica.png\" alt=\"menu \u00e9dition\" width=\"303\" height=\"307\" \/><br \/>\nS\u00e9lectionnez le <strong data-start=\"141\" data-end=\"179\" data-is-only-node=\"\">nom de votre \u00e9tablissement<\/strong> dans le menu principal en haut \u00e0 droite, en cliquant sur votre <strong data-start=\"236\" data-end=\"254\">profil utilisateur<\/strong>, puis choisissez <strong data-start=\"270\" data-end=\"284\">\u00ab Modifier \u00bb<\/strong>. Vous acc\u00e9derez ainsi au mode \u00e9dition pour mettre \u00e0 jour toutes les informations de votre \u00e9tablissement.<\/p>\n<h3>3. V\u00e9rifiez que le prix de la taxe de s\u00e9jour est renseign\u00e9<\/h3>\n<p><img class=\"alignnone size-large wp-image-86696\" src=\"https:\/\/ecobnb.it\/blog\/app\/uploads\/sites\/2\/2025\/09\/tassa-soggiorno-870x490.png\" alt=\"o\u00f9 saisir la taxe de s\u00e9jour sur Ecobnb\" width=\"870\" height=\"490\" \/><br \/>\nAllez dans la section <strong data-start=\"685\" data-end=\"704\">\u00ab Infos G\u00e9n\u00e9rales \u00bb<\/strong> et saisissez le co\u00fbt de la <strong>taxe de s\u00e9jour<\/strong> pr\u00e9vu par votre commune. Si aucune taxe n\u2019est applicable, saisissez \u201c0 \u20ac\u201d dans le champ correspondant. Cliquez sur le bouton vert &laquo;&nbsp;<strong>Enregistrer<\/strong>&laquo;&nbsp;.<\/p>\n<h3>4. Mettez \u00e0 jour les prix de vos espaces<\/h3>\n<p><img class=\"alignnone wp-image-86699 size-full\" src=\"https:\/\/ecobnb.it\/blog\/app\/uploads\/sites\/2\/2025\/09\/calendario-prezzi.png\" alt=\"calendrier des prix des espaces sur Ecobnb\" width=\"1825\" height=\"721\" \/><br \/>\nAllez sur &laquo;&nbsp;<strong>Calendrier et Prix<\/strong>&laquo;&nbsp;. S\u00e9lectionnez chaque espace pour mettre \u00e0 jour ses prix. Enregistrez les modifications en cliquant sur le bouton vert &laquo;&nbsp;<strong>Enregistrer<\/strong>&nbsp;&raquo; en bas de la page.<\/p>\n<p>Si les prix varient selon les saisons, vous pouvez d\u00e9finir des <a href=\"https:\/\/ecobnb.fr\/blog\/tarifs-saisonniers\/\" target=\"_blank\" rel=\"noopener\"><strong>Tarifs Saisonniers, comme expliqu\u00e9 ici<\/strong><\/a>.<\/p>\n<h3>5. Synchronisez vos calendriers d\u2019espaces via iCal<\/h3>\n<p><img class=\"alignnone wp-image-86702 size-full\" src=\"https:\/\/ecobnb.it\/blog\/app\/uploads\/sites\/2\/2025\/09\/sincronizza-ical.png\" alt=\"\" width=\"1822\" height=\"1118\" \/><br \/>\nDans la section <strong data-start=\"2791\" data-end=\"2816\">\u00ab Calendrier et Prix \u00bb<\/strong>, s\u00e9lectionnez chaque espace \u00e0 louer pour le synchroniser avec le <strong data-start=\"2878\" data-end=\"2897\">Calendrier iCal<\/strong> :<\/p>\n<ol>\n<li>Cliquez sur &laquo;&nbsp;<strong>Importer Calendrier<\/strong>&laquo;&nbsp;<\/li>\n<li data-start=\"2940\" data-end=\"2999\">\n<p data-start=\"2943\" data-end=\"2999\">Entrez le nom du calendrier (ex. \u00ab Chambre Bleue \u00bb)<\/p>\n<\/li>\n<li data-start=\"3000\" data-end=\"3094\">\n<p data-start=\"3003\" data-end=\"3094\"><strong>Entrez le lien de votre iCal<\/strong> provenant du channel manager ou du calendrier centralis\u00e9<\/p>\n<\/li>\n<li data-start=\"3095\" data-end=\"3134\">\n<p data-start=\"3098\" data-end=\"3134\">Cliquez sur le bouton <strong data-start=\"3108\" data-end=\"3132\">\u00ab Importer Calendrier \u00bb<\/strong><\/p>\n<\/li>\n<li data-start=\"3135\" data-end=\"3290\">\n<p data-start=\"3138\" data-end=\"3290\">Cliquez sur <strong data-start=\"3148\" data-end=\"3172\">\u00ab Exporter Calendrier \u00bb<\/strong> : le lien de votre iCal Ecobnb appara\u00eetra pour le copier et l\u2019importer dans votre channel manager ou calendrier centralis\u00e9<\/p>\n<\/li>\n<li data-start=\"3291\" data-end=\"3346\">\n<p data-start=\"3294\" data-end=\"3346\">Cliquez sur le bouton <strong data-start=\"3314\" data-end=\"3325\">\u00ab Enregistrer \u00bb<\/strong> en bas de la page<\/p>\n<\/li>\n<\/ol>\n<div class=\"embed-container\"><iframe loading=\"lazy\" title=\"Nuovo Sistema di Prenotazione - Inserimento Dati\" width=\"1170\" height=\"658\" src=\"https:\/\/www.youtube.com\/embed\/3eRY_Vp8Ai0?start=490&#038;feature=oembed&#038;enablejsapi=1&#038;origin=https:\/\/ecobnb.fr\" frameborder=\"0\" allow=\"accelerometer; autoplay; clipboard-write; encrypted-media; gyroscope; picture-in-picture; web-share\" referrerpolicy=\"strict-origin-when-cross-origin\" allowfullscreen><\/iframe><\/div>\n<h3>6. Mettez \u00e0 jour les conditions de paiement et d\u2019annulation de votre \u00e9tablissement<\/h3>\n<p>Allez dans la section <strong data-start=\"3427\" data-end=\"3442\">\u00ab Propri\u00e9t\u00e9 \u00bb<\/strong> pour mettre \u00e0 jour les conditions de paiement et d\u2019annulation de votre \u00e9tablissement :<img class=\"alignnone wp-image-86708 size-full\" src=\"https:\/\/ecobnb.it\/blog\/app\/uploads\/sites\/2\/2025\/09\/termini-pagamento-e-cancellazione.png\" alt=\"conditions de paiement et d'annulation sur Ecobnb\" width=\"1832\" height=\"753\" \/><\/p>\n<ul>\n<li data-start=\"96\" data-end=\"169\">\n<p data-start=\"98\" data-end=\"169\">Indiquez si un <strong data-start=\"124\" data-end=\"135\">acompte<\/strong> est requis pour confirmer la r\u00e9servation.<\/p>\n<\/li>\n<li data-start=\"170\" data-end=\"271\">\n<p data-start=\"172\" data-end=\"271\">S\u00e9lectionnez le <strong data-start=\"185\" data-end=\"205\">nombre de jours<\/strong> dans lesquels l\u2019annulation <strong data-start=\"242\" data-end=\"268\">est gratuite<\/strong>.<\/p>\n<\/li>\n<li data-start=\"272\" data-end=\"713\">\n<p data-start=\"274\" data-end=\"372\">Saisissez toutes les informations suppl\u00e9mentaires concernant les <strong data-start=\"328\" data-end=\"357\">paiements et annulations<\/strong>, par exemple :<\/p>\n<ul data-start=\"375\" data-end=\"713\">\n<li data-start=\"375\" data-end=\"460\">\n<p data-start=\"377\" data-end=\"460\">pr\u00e9cisez le <strong data-start=\"389\" data-end=\"414\">montant de l\u2019acompte<\/strong> requis (en pourcentage ou montant fixe) ;<\/p>\n<\/li>\n<li data-start=\"463\" data-end=\"555\">\n<p data-start=\"465\" data-end=\"555\">indiquez le <strong data-start=\"475\" data-end=\"514\">mode de paiement de l\u2019acompte<\/strong>, par exemple par virement bancaire avec IBAN ;<\/p>\n<\/li>\n<li data-start=\"558\" data-end=\"638\">\n<p data-start=\"560\" data-end=\"638\">d\u00e9crivez les <strong data-start=\"572\" data-end=\"611\">modalit\u00e9s de paiement du s\u00e9jour<\/strong> \u00e0 l\u2019arriv\u00e9e \u00e0 l\u2019\u00e9tablissement ;<\/p>\n<\/li>\n<li data-start=\"641\" data-end=\"713\">\n<p data-start=\"643\" data-end=\"713\">pr\u00e9cisez la <strong data-start=\"654\" data-end=\"681\">m\u00e9thode d\u2019annulation<\/strong> appliqu\u00e9e par votre \u00e9tablissement.<\/p>\n<\/li>\n<\/ul>\n<\/li>\n<\/ul>\n<h3>7. Activez Instabooking<\/h3>\n<p><img class=\"alignnone wp-image-86712 size-full\" src=\"https:\/\/ecobnb.it\/blog\/app\/uploads\/sites\/2\/2025\/09\/instabooking-1.png\" alt=\"instabooking\" width=\"1825\" height=\"877\" \/><\/p>\n<p>Pour activer la r\u00e9servation <strong data-start=\"4068\" data-end=\"4083\">instantan\u00e9e<\/strong>, confirmez les informations saisies concernant :<\/p>\n<ul data-start=\"4132\" data-end=\"4200\">\n<li data-start=\"4132\" data-end=\"4176\">\n<p data-start=\"4134\" data-end=\"4176\">Conditions de paiement et <strong data-start=\"4157\" data-end=\"4174\">d\u2019annulation<\/strong><\/p>\n<\/li>\n<li data-start=\"4177\" data-end=\"4200\">\n<p data-start=\"4179\" data-end=\"4200\">Prix de vos espaces<\/p>\n<\/li>\n<\/ul>\n<p data-start=\"4202\" data-end=\"4258\">Puis cliquez sur le bouton vert <strong data-start=\"4232\" data-end=\"4257\">\u00ab Activer Instabooking \u00bb<\/strong>.<\/p>\n<h2>Pourquoi activer la r\u00e9servation rapide est important<\/h2>\n<p data-start=\"4321\" data-end=\"4382\">En mettant \u00e0 jour le calendrier, les prix et la disponibilit\u00e9 de vos espaces :<\/p>\n<ul data-start=\"4384\" data-end=\"4652\">\n<li data-start=\"4384\" data-end=\"4484\">\n<p data-start=\"4386\" data-end=\"4484\"><strong data-start=\"4386\" data-end=\"4482\">Les voyageurs verront imm\u00e9diatement les prix r\u00e9els et pourront r\u00e9server plus facilement<\/strong><\/p>\n<\/li>\n<li data-start=\"4485\" data-end=\"4568\">\n<p data-start=\"4487\" data-end=\"4568\"><strong data-start=\"4487\" data-end=\"4566\">Vous recevrez automatiquement les r\u00e9servations pour les dates disponibles via Ecobnb<\/strong><\/p>\n<\/li>\n<li data-start=\"4569\" data-end=\"4652\">\n<p data-start=\"4571\" data-end=\"4652\"><strong data-start=\"4571\" data-end=\"4650\">Vous vous accorderez directement avec les voyageurs pour le paiement du s\u00e9jour<\/strong><\/p>\n<\/li>\n<\/ul>\n<p data-start=\"4654\" data-end=\"4814\">La r\u00e9servation pourra se faire directement et instantan\u00e9ment : le voyageur v\u00e9rifie la disponibilit\u00e9 de l\u2019espace, qui sera synchronis\u00e9e avec les autres canaux.<\/p>\n<h3 data-start=\"4821\" data-end=\"4841\">Que se passe-t-il si\u2026<\/h3>\n<p data-start=\"4843\" data-end=\"4972\"><strong data-start=\"4843\" data-end=\"4874\">Je ne mets pas mes prix \u00e0 jour :<\/strong> vous recevrez des demandes de r\u00e9servation avec des prix incorrects, qui pourraient ne pas aboutir.<\/p>\n<p data-start=\"4974\" data-end=\"5069\"><strong data-start=\"4974\" data-end=\"5008\">Je ne synchronise pas le calendrier :<\/strong> vous pourriez recevoir des demandes pour des p\u00e9riodes d\u00e9j\u00e0 indisponibles.<\/p>\n<p data-start=\"4974\" data-end=\"5069\"><strong>Je n\u2019active pas Instabooking :<\/strong> Le voyageur ne pourra pas r\u00e9server directement et devra envoyer une demande de disponibilit\u00e9. L\u2019\u00e9tablissement devra confirmer manuellement la disponibilit\u00e9 et le prix, et le processus de r\u00e9servation se d\u00e9roulera en <strong data-start=\"580\" data-end=\"596\">trois \u00e9tapes<\/strong> : demande \u2192 confirmation par l\u2019\u00e9tablissement \u2192 confirmation par le voyageur. Cela peut ralentir les r\u00e9servations et r\u00e9duire les chances de recevoir des r\u00e9servations via Ecobnb.<\/p>\n<hr data-start=\"5071\" data-end=\"5074\" \/>\n<h3 data-start=\"5076\" data-end=\"5100\">Des questions ou des doutes ?<\/h3>\n<p data-start=\"5102\" data-end=\"5159\">\u00c9crivez-nous \u00e0 <strong data-start=\"5113\" data-end=\"5132\"><a class=\"decorated-link cursor-pointer\" rel=\"noopener\" data-start=\"5115\" data-end=\"5130\">info@ecobnb.com<\/a><\/strong>. Nous serons ravis de vous aider !<\/p>\n","protected":false},"excerpt":{"rendered":"<p>Ecobnb vous permet d\u2019activer le syst\u00e8me de r\u00e9servation rapide (Instabooking) et de mettre facilement \u00e0 jour les prix et la disponibilit\u00e9 de vos espaces \u00e0 louer. Vous pouvez le faire manuellement ou automatiquement, en connectant votre calendrier \u00e0 un Channel Manager ou \u00e0 d\u2019autres canaux de vente tels que Booking.com, Airbnb ou Google Calendar. Dans [&hellip;]<\/p>\n","protected":false},"author":137,"featured_media":7131,"parent":0,"menu_order":0,"comment_status":"closed","ping_status":"open","template":"","meta":[],"acf":[],"yoast_head":"<!-- This site is optimized with the Yoast SEO plugin v19.9 - https:\/\/yoast.com\/wordpress\/plugins\/seo\/ -->\n<title>Comment Mettre \u00e0 Jour Vos Tarifs et Disponibilit\u00e9 Sur Ecobnb<\/title>\n<meta name=\"description\" content=\"Ecobnb a adopt\u00e9 un nouveau syst\u00e8me de r\u00e9servation, qui sera plus rapide: d\u00e9couvrez ici comment mettre \u00e0 jour vos tarifs et dates disponibles.\" \/>\n<meta name=\"robots\" content=\"index, follow, max-snippet:-1, max-image-preview:large, max-video-preview:-1\" \/>\n<link rel=\"canonical\" href=\"https:\/\/ecobnb.fr\/blog\/mettre-a-jour-tarifs-disponibilite\/\" \/>\n<meta property=\"og:locale\" content=\"fr_FR\" \/>\n<meta property=\"og:type\" content=\"article\" \/>\n<meta property=\"og:title\" content=\"Comment Mettre \u00e0 Jour Vos Tarifs et Disponibilit\u00e9 Sur Ecobnb\" \/>\n<meta property=\"og:description\" content=\"Ecobnb a adopt\u00e9 un nouveau syst\u00e8me de r\u00e9servation, qui sera plus rapide: d\u00e9couvrez ici comment mettre \u00e0 jour vos tarifs et dates disponibles.\" \/>\n<meta property=\"og:url\" content=\"https:\/\/ecobnb.fr\/blog\/mettre-a-jour-tarifs-disponibilite\/\" \/>\n<meta property=\"og:site_name\" content=\"Ecobnb\" \/>\n<meta property=\"article:modified_time\" content=\"2025-11-01T08:49:38+00:00\" \/>\n<meta property=\"og:image\" content=\"https:\/\/ecobnb.fr\/blog\/app\/uploads\/sites\/7\/2025\/11\/instabooking.png\" \/>\n\t<meta property=\"og:image:width\" content=\"1170\" \/>\n\t<meta property=\"og:image:height\" content=\"490\" \/>\n\t<meta property=\"og:image:type\" content=\"image\/png\" \/>\n<meta name=\"twitter:card\" content=\"summary_large_image\" \/>\n<meta name=\"twitter:label1\" content=\"Est. reading time\" \/>\n\t<meta name=\"twitter:data1\" content=\"6 minutes\" \/>\n<!-- \/ Yoast SEO plugin. -->","yoast_head_json":{"title":"Comment Mettre \u00e0 Jour Vos Tarifs et Disponibilit\u00e9 Sur Ecobnb","description":"Ecobnb a adopt\u00e9 un nouveau syst\u00e8me de r\u00e9servation, qui sera plus rapide: d\u00e9couvrez ici comment mettre \u00e0 jour vos tarifs et dates disponibles.","robots":{"index":"index","follow":"follow","max-snippet":"max-snippet:-1","max-image-preview":"max-image-preview:large","max-video-preview":"max-video-preview:-1"},"canonical":"https:\/\/ecobnb.fr\/blog\/mettre-a-jour-tarifs-disponibilite\/","og_locale":"fr_FR","og_type":"article","og_title":"Comment Mettre \u00e0 Jour Vos Tarifs et Disponibilit\u00e9 Sur Ecobnb","og_description":"Ecobnb a adopt\u00e9 un nouveau syst\u00e8me de r\u00e9servation, qui sera plus rapide: d\u00e9couvrez ici comment mettre \u00e0 jour vos tarifs et dates disponibles.","og_url":"https:\/\/ecobnb.fr\/blog\/mettre-a-jour-tarifs-disponibilite\/","og_site_name":"Ecobnb","article_modified_time":"2025-11-01T08:49:38+00:00","og_image":[{"width":1170,"height":490,"url":"https:\/\/ecobnb.fr\/blog\/app\/uploads\/sites\/7\/2025\/11\/instabooking.png","type":"image\/png"}],"twitter_card":"summary_large_image","twitter_misc":{"Est. reading time":"6 minutes"},"schema":{"@context":"https:\/\/schema.org","@graph":[{"@type":"WebPage","@id":"https:\/\/ecobnb.fr\/blog\/mettre-a-jour-tarifs-disponibilite\/","url":"https:\/\/ecobnb.fr\/blog\/mettre-a-jour-tarifs-disponibilite\/","name":"Comment Mettre \u00e0 Jour Vos Tarifs et Disponibilit\u00e9 Sur Ecobnb","isPartOf":{"@id":"https:\/\/ecobnb.fr\/blog\/#website"},"datePublished":"2020-04-16T11:35:30+00:00","dateModified":"2025-11-01T08:49:38+00:00","description":"Ecobnb a adopt\u00e9 un nouveau syst\u00e8me de r\u00e9servation, qui sera plus rapide: d\u00e9couvrez ici comment mettre \u00e0 jour vos tarifs et dates disponibles.","breadcrumb":{"@id":"https:\/\/ecobnb.fr\/blog\/mettre-a-jour-tarifs-disponibilite\/#breadcrumb"},"inLanguage":"fr-FR","potentialAction":[{"@type":"ReadAction","target":["https:\/\/ecobnb.fr\/blog\/mettre-a-jour-tarifs-disponibilite\/"]}]},{"@type":"BreadcrumbList","@id":"https:\/\/ecobnb.fr\/blog\/mettre-a-jour-tarifs-disponibilite\/#breadcrumb","itemListElement":[{"@type":"ListItem","position":1,"name":"Home","item":"https:\/\/ecobnb.fr\/blog\/"},{"@type":"ListItem","position":2,"name":"Comment Mettre \u00e0 Jour Les Tarifs et La Disponibilit\u00e9 de Vos Espaces sur Ecobnb"}]},{"@type":"WebSite","@id":"https:\/\/ecobnb.fr\/blog\/#website","url":"https:\/\/ecobnb.fr\/blog\/","name":"Ecobnb","description":"Find sustainable accommodation","potentialAction":[{"@type":"SearchAction","target":{"@type":"EntryPoint","urlTemplate":"https:\/\/ecobnb.fr\/blog\/?s={search_term_string}"},"query-input":"required name=search_term_string"}],"inLanguage":"fr-FR"}]}},"_links":{"self":[{"href":"https:\/\/ecobnb.fr\/blog\/wp-json\/wp\/v2\/pages\/2109"}],"collection":[{"href":"https:\/\/ecobnb.fr\/blog\/wp-json\/wp\/v2\/pages"}],"about":[{"href":"https:\/\/ecobnb.fr\/blog\/wp-json\/wp\/v2\/types\/page"}],"author":[{"embeddable":true,"href":"https:\/\/ecobnb.fr\/blog\/wp-json\/wp\/v2\/users\/137"}],"replies":[{"embeddable":true,"href":"https:\/\/ecobnb.fr\/blog\/wp-json\/wp\/v2\/comments?post=2109"}],"version-history":[{"count":4,"href":"https:\/\/ecobnb.fr\/blog\/wp-json\/wp\/v2\/pages\/2109\/revisions"}],"predecessor-version":[{"id":7135,"href":"https:\/\/ecobnb.fr\/blog\/wp-json\/wp\/v2\/pages\/2109\/revisions\/7135"}],"wp:featuredmedia":[{"embeddable":true,"href":"https:\/\/ecobnb.fr\/blog\/wp-json\/wp\/v2\/media\/7131"}],"wp:attachment":[{"href":"https:\/\/ecobnb.fr\/blog\/wp-json\/wp\/v2\/media?parent=2109"}],"curies":[{"name":"wp","href":"https:\/\/api.w.org\/{rel}","templated":true}]}}