{"id":2179,"date":"2020-06-05T15:37:05","date_gmt":"2020-06-05T15:37:05","guid":{"rendered":"https:\/\/ecobnb.fr\/blog\/?page_id=2179"},"modified":"2020-07-02T13:29:19","modified_gmt":"2020-07-02T13:29:19","slug":"sejour-en-securite-vert","status":"publish","type":"page","link":"https:\/\/ecobnb.fr\/blog\/sejour-en-securite-vert\/","title":{"rendered":"Notre Engagement Pour Un S\u00e9jour Vert, Propre et en toute S\u00e9curit\u00e9"},"content":{"rendered":"<h2>Ecobnb garantit un s\u00e9jour \u00e9colo en toute s\u00e9curit\u00e9, pour que vous puissiez vivre votre escapade dans la nature en toute tranquillit\u00e9 !<\/h2>\n<p>Le <strong>bien-\u00eatre<\/strong> et la <strong>s\u00e9curit\u00e9<\/strong> de nos clients et des propri\u00e9taires des structures, ainsi que le respect pour l\u2019<strong>environnement<\/strong>, sont <strong>essentiels<\/strong> <strong>pour Ecobnb<\/strong>. Pendant le <strong>Coronavirus<\/strong>, les propri\u00e9taires s\u2019engagent \u00e0 adopter <strong>des <a href=\"https:\/\/ecobnb.com\/blog\/2020\/04\/covid-coronavirus-prepare-hotel\/\" target=\"_blank\" rel=\"noopener\">mesures<\/a><\/strong> en plus pour garantir <strong>votre s\u00e9curit\u00e9<\/strong> et bien-\u00eatre, afin que vous puissiez vous relaxer et vivre le voyage dans la nature dont vous avez besoin. C\u2019est pourquoi les hosts d\u2019Ecobnb doivent respecter nos<strong> lignes directrices<\/strong> \u00ab <em>Green, Clean and Safe<\/em> \u00bb pour un s\u00e9jour \u00e9colo, propre et en s\u00e9curit\u00e9, et suivre les <a href=\"https:\/\/www.sustainable-cleaning.com\/en.home.orb\" target=\"_blank\" rel=\"noopener\">lignes directrices europ\u00e9ennes pour le nettoyage \u00e9colo<\/a>.<\/p>\n<h2>S\u00e9jour Vert, Propre et en S\u00e9curit\u00e9 : Qu\u2019est-ce que \u00e7a veut dire ?<\/h2>\n<h2><img class=\"alignnone size-full wp-image-2167\" src=\"https:\/\/ecobnb.fr\/blog\/app\/uploads\/sites\/7\/2020\/05\/1-1.jpg\" alt=\"s\u00e9jour en s\u00e9curit\u00e9 sur ecobnb\" width=\"870\" height=\"490\" srcset=\"https:\/\/ecobnb.fr\/blog\/app\/uploads\/sites\/7\/2020\/05\/1-1.jpg 870w, https:\/\/ecobnb.fr\/blog\/app\/uploads\/sites\/7\/2020\/05\/1-1-536x302.jpg 536w, https:\/\/ecobnb.fr\/blog\/app\/uploads\/sites\/7\/2020\/05\/1-1-768x433.jpg 768w, https:\/\/ecobnb.fr\/blog\/app\/uploads\/sites\/7\/2020\/05\/1-1-570x320.jpg 570w, https:\/\/ecobnb.fr\/blog\/app\/uploads\/sites\/7\/2020\/05\/1-1-344x194.jpg 344w\" sizes=\"(max-width: 870px) 100vw, 870px\" \/><\/h2>\n<h3>1. S\u00e9curit\u00e9<\/h3>\n<p>On suit les conseils de l\u2019<strong>Organisation Mondiale de la Sant\u00e9<\/strong> (OMS) sur le nettoyage des environnements pas sanitaires. \u00c7a veut dire que<strong> tous les espaces<\/strong> sont <a href=\"https:\/\/ecobnb.com\/blog\/2020\/05\/covid-eco-friendly-cleaning-disinfecting-products\/\" target=\"_blank\" rel=\"noopener\">nettoy\u00e9s et <strong>hygi\u00e9nis\u00e9s<\/strong><\/a>, en donnant particulier accent sur les <strong>surfaces<\/strong> les plus touch\u00e9es. Tout le linge de lit est lav\u00e9 avant l\u2019arriv\u00e9e des clients. Pour permettre le respect des lignes directrices de l\u2019OMS, le temps entre l\u2019arriv\u00e9e et le d\u00e9part des clients peut subir des changements.<\/p>\n<div id=\"attachment_2248\" class=\"thumbnail alignnone\"><img class=\"wp-image-2248 size-large\" src=\"https:\/\/ecobnb.fr\/blog\/app\/uploads\/sites\/7\/2020\/07\/pulizia-870x490.jpeg\" alt=\"hygi\u00e9nis\u00e9s\" width=\"870\" height=\"490\" srcset=\"https:\/\/ecobnb.fr\/blog\/app\/uploads\/sites\/7\/2020\/07\/pulizia-870x490.jpeg 870w, https:\/\/ecobnb.fr\/blog\/app\/uploads\/sites\/7\/2020\/07\/pulizia-570x320.jpeg 570w\" sizes=\"(max-width: 870px) 100vw, 870px\" \/><div class=\"caption\">Photo by JESHOOTS.COM on Unsplash<\/div><\/div>\n<h3>2. Espacement social<\/h3>\n<p>Les clients peuvent <strong>s\u00e9journer sans entrer en contact<\/strong> avec des autres <strong>gents<\/strong> ou avec les <strong>propri\u00e9taires<\/strong>. On utilise <strong>Libre-Service<\/strong> chaque fois qu\u2019il est possible. \u00c9galement on organise les modes les plus s\u00fbres pour <strong>profiter des espaces publics<\/strong>, pour que les clients peuvent facilement prendre ses distances.<img class=\"alignnone size-full wp-image-2169\" src=\"https:\/\/ecobnb.fr\/blog\/app\/uploads\/sites\/7\/2020\/05\/3-1.jpg\" alt=\"s\u00e9jour en s\u00e9curit\u00e9 sur ecobnb\" width=\"870\" height=\"490\" srcset=\"https:\/\/ecobnb.fr\/blog\/app\/uploads\/sites\/7\/2020\/05\/3-1.jpg 870w, https:\/\/ecobnb.fr\/blog\/app\/uploads\/sites\/7\/2020\/05\/3-1-536x302.jpg 536w, https:\/\/ecobnb.fr\/blog\/app\/uploads\/sites\/7\/2020\/05\/3-1-768x433.jpg 768w, https:\/\/ecobnb.fr\/blog\/app\/uploads\/sites\/7\/2020\/05\/3-1-570x320.jpg 570w, https:\/\/ecobnb.fr\/blog\/app\/uploads\/sites\/7\/2020\/05\/3-1-344x194.jpg 344w\" sizes=\"(max-width: 870px) 100vw, 870px\" \/><\/p>\n<h3>3. Hygi\u00e8ne<\/h3>\n<p>Il y a des<strong> mesures \u00e9tablies<\/strong> pour permettre aux clients de pratiquer une <strong>bonne hygi\u00e8ne<\/strong> pendant le s\u00e9jour. Dans tous les espaces des <strong>d\u00e9sinfectante pour les mains<\/strong> seront disponibles, ainsi que <a href=\"https:\/\/ecobnb.fr\/blog\/2018\/10\/recettes-lessives-ecologiques\/\" target=\"_blank\" rel=\"noopener\">produits pour le <strong>nettoyage<\/strong><\/a>, et savons pour les mains. Si possible, on prend plus de mesures pour r\u00e9duire les risques. Par exemple, on peut <strong>enlever les objets les plus utilis\u00e9s<\/strong>, comme les livres d\u2019or, et donner des informations <strong>sous format \u00e9lectronique.<\/strong><\/p>\n<p><strong><img class=\"alignnone size-full wp-image-2170\" src=\"https:\/\/ecobnb.fr\/blog\/app\/uploads\/sites\/7\/2020\/05\/4-1.jpg\" alt=\"s\u00e9jour en s\u00e9curit\u00e9 sur ecobnb mesures d'hygi\u00e8ne\" width=\"870\" height=\"490\" srcset=\"https:\/\/ecobnb.fr\/blog\/app\/uploads\/sites\/7\/2020\/05\/4-1.jpg 870w, https:\/\/ecobnb.fr\/blog\/app\/uploads\/sites\/7\/2020\/05\/4-1-536x302.jpg 536w, https:\/\/ecobnb.fr\/blog\/app\/uploads\/sites\/7\/2020\/05\/4-1-768x433.jpg 768w, https:\/\/ecobnb.fr\/blog\/app\/uploads\/sites\/7\/2020\/05\/4-1-570x320.jpg 570w, https:\/\/ecobnb.fr\/blog\/app\/uploads\/sites\/7\/2020\/05\/4-1-344x194.jpg 344w\" sizes=\"(max-width: 870px) 100vw, 870px\" \/><\/strong><\/p>\n<h3>4. Flexibilit\u00e9 dans les r\u00e9servation et annulations<\/h3>\n<p>Les clients sont disponibles pour accepter les <strong>modifications des r\u00e9servations,<\/strong> pour faire face aux changements impr\u00e9vus li\u00e9s au Coronavirus. Les structures d\u2019accueil s\u2019engagent \u00e0 accepter les <strong>r\u00e9servation flexibles<\/strong> et <strong>annulations gratuites<\/strong> pendant la p\u00e9riode d\u2019urgence.<\/p>\n<p><img class=\"alignnone size-full wp-image-2191\" src=\"https:\/\/ecobnb.fr\/blog\/app\/uploads\/sites\/7\/2020\/06\/free-cancellation.jpg\" alt=\"free-cancellation\" width=\"870\" height=\"490\" srcset=\"https:\/\/ecobnb.fr\/blog\/app\/uploads\/sites\/7\/2020\/06\/free-cancellation.jpg 870w, https:\/\/ecobnb.fr\/blog\/app\/uploads\/sites\/7\/2020\/06\/free-cancellation-536x302.jpg 536w, https:\/\/ecobnb.fr\/blog\/app\/uploads\/sites\/7\/2020\/06\/free-cancellation-768x433.jpg 768w, https:\/\/ecobnb.fr\/blog\/app\/uploads\/sites\/7\/2020\/06\/free-cancellation-570x320.jpg 570w, https:\/\/ecobnb.fr\/blog\/app\/uploads\/sites\/7\/2020\/06\/free-cancellation-344x194.jpg 344w\" sizes=\"(max-width: 870px) 100vw, 870px\" \/><\/p>\n<h3>5. Communication<\/h3>\n<p>Les structures d\u2019accueil communiquent \u00e0 leurs clients <strong>les attentions qu\u2019ils ont adopt\u00e9es<\/strong>; afin de garantir un s\u00e9jour vert en s\u00e9curit\u00e9. Les structures d\u2019accueil partagent leur <strong>plan d\u2019action<\/strong> avec les clients, ainsi que<strong> les r\u00e8gles \u00e0 suivre.<\/strong> Les informations seront transmises par affiches d\u2019information, courts dossiers et communications en ligne. En outre, les structures d\u2019accueil mettent \u00e0 la disposition des clients<strong> une liste<\/strong> mise \u00e0 jour avec<strong> toutes les informations utiles.<\/strong> Y compris <strong>num\u00e9ros de t\u00e9l\u00e9phone d\u2019urgence.<\/strong><\/p>\n","protected":false},"excerpt":{"rendered":"<p>Ecobnb garantit un s\u00e9jour \u00e9colo en toute s\u00e9curit\u00e9, pour que vous puissiez vivre votre escapade dans la nature en toute tranquillit\u00e9 ! Le bien-\u00eatre et la s\u00e9curit\u00e9 de nos clients et des propri\u00e9taires des structures, ainsi que le respect pour l\u2019environnement, sont essentiels pour Ecobnb. Pendant le Coronavirus, les propri\u00e9taires s\u2019engagent \u00e0 adopter des mesures [&hellip;]<\/p>\n","protected":false},"author":3,"featured_media":2190,"parent":0,"menu_order":0,"comment_status":"closed","ping_status":"closed","template":"","meta":[],"acf":[],"yoast_head":"<!-- This site is optimized with the Yoast SEO plugin v19.9 - https:\/\/yoast.com\/wordpress\/plugins\/seo\/ -->\n<title>Notre engagement pour un S\u00e9jour en s\u00e9curit\u00e9 et \u00e9colo - Ecobnb<\/title>\n<meta name=\"description\" content=\"Un S\u00e9jour vert et en s\u00e9curit\u00e9 est essentiel pour nous. C&#039;est pourquoi nous voulons vous expliquer notre engagement et les mesures d&#039;hygi\u00e8ne adopt\u00e9es.\" \/>\n<meta name=\"robots\" content=\"index, follow, max-snippet:-1, max-image-preview:large, max-video-preview:-1\" \/>\n<link rel=\"canonical\" href=\"https:\/\/ecobnb.fr\/blog\/sejour-en-securite-vert\/\" \/>\n<meta property=\"og:locale\" content=\"fr_FR\" \/>\n<meta property=\"og:type\" content=\"article\" \/>\n<meta property=\"og:title\" content=\"Notre engagement pour un S\u00e9jour en s\u00e9curit\u00e9 et \u00e9colo - Ecobnb\" \/>\n<meta property=\"og:description\" content=\"Un S\u00e9jour vert et en s\u00e9curit\u00e9 est essentiel pour nous. C&#039;est pourquoi nous voulons vous expliquer notre engagement et les mesures d&#039;hygi\u00e8ne adopt\u00e9es.\" \/>\n<meta property=\"og:url\" content=\"https:\/\/ecobnb.fr\/blog\/sejour-en-securite-vert\/\" \/>\n<meta property=\"og:site_name\" content=\"Ecobnb\" \/>\n<meta property=\"article:modified_time\" content=\"2020-07-02T13:29:19+00:00\" \/>\n<meta property=\"og:image\" content=\"https:\/\/ecobnb.fr\/blog\/app\/uploads\/sites\/7\/2020\/06\/Ecobnb-Sejour-Vert.jpg\" \/>\n\t<meta property=\"og:image:width\" content=\"1170\" \/>\n\t<meta property=\"og:image:height\" content=\"490\" \/>\n\t<meta property=\"og:image:type\" content=\"image\/jpeg\" \/>\n<meta name=\"twitter:card\" content=\"summary_large_image\" \/>\n<meta name=\"twitter:label1\" content=\"Est. reading time\" \/>\n\t<meta name=\"twitter:data1\" content=\"3 minutes\" \/>\n<!-- \/ Yoast SEO plugin. -->","yoast_head_json":{"title":"Notre engagement pour un S\u00e9jour en s\u00e9curit\u00e9 et \u00e9colo - Ecobnb","description":"Un S\u00e9jour vert et en s\u00e9curit\u00e9 est essentiel pour nous. C'est pourquoi nous voulons vous expliquer notre engagement et les mesures d'hygi\u00e8ne adopt\u00e9es.","robots":{"index":"index","follow":"follow","max-snippet":"max-snippet:-1","max-image-preview":"max-image-preview:large","max-video-preview":"max-video-preview:-1"},"canonical":"https:\/\/ecobnb.fr\/blog\/sejour-en-securite-vert\/","og_locale":"fr_FR","og_type":"article","og_title":"Notre engagement pour un S\u00e9jour en s\u00e9curit\u00e9 et \u00e9colo - Ecobnb","og_description":"Un S\u00e9jour vert et en s\u00e9curit\u00e9 est essentiel pour nous. C'est pourquoi nous voulons vous expliquer notre engagement et les mesures d'hygi\u00e8ne adopt\u00e9es.","og_url":"https:\/\/ecobnb.fr\/blog\/sejour-en-securite-vert\/","og_site_name":"Ecobnb","article_modified_time":"2020-07-02T13:29:19+00:00","og_image":[{"width":1170,"height":490,"url":"https:\/\/ecobnb.fr\/blog\/app\/uploads\/sites\/7\/2020\/06\/Ecobnb-Sejour-Vert.jpg","type":"image\/jpeg"}],"twitter_card":"summary_large_image","twitter_misc":{"Est. reading time":"3 minutes"},"schema":{"@context":"https:\/\/schema.org","@graph":[{"@type":"WebPage","@id":"https:\/\/ecobnb.fr\/blog\/sejour-en-securite-vert\/","url":"https:\/\/ecobnb.fr\/blog\/sejour-en-securite-vert\/","name":"Notre engagement pour un S\u00e9jour en s\u00e9curit\u00e9 et \u00e9colo - Ecobnb","isPartOf":{"@id":"https:\/\/ecobnb.fr\/blog\/#website"},"datePublished":"2020-06-05T15:37:05+00:00","dateModified":"2020-07-02T13:29:19+00:00","description":"Un S\u00e9jour vert et en s\u00e9curit\u00e9 est essentiel pour nous. C'est pourquoi nous voulons vous expliquer notre engagement et les mesures d'hygi\u00e8ne adopt\u00e9es.","breadcrumb":{"@id":"https:\/\/ecobnb.fr\/blog\/sejour-en-securite-vert\/#breadcrumb"},"inLanguage":"fr-FR","potentialAction":[{"@type":"ReadAction","target":["https:\/\/ecobnb.fr\/blog\/sejour-en-securite-vert\/"]}]},{"@type":"BreadcrumbList","@id":"https:\/\/ecobnb.fr\/blog\/sejour-en-securite-vert\/#breadcrumb","itemListElement":[{"@type":"ListItem","position":1,"name":"Home","item":"https:\/\/ecobnb.fr\/blog\/"},{"@type":"ListItem","position":2,"name":"Notre Engagement Pour Un S\u00e9jour Vert, Propre et en toute S\u00e9curit\u00e9"}]},{"@type":"WebSite","@id":"https:\/\/ecobnb.fr\/blog\/#website","url":"https:\/\/ecobnb.fr\/blog\/","name":"Ecobnb","description":"Find sustainable accommodation","potentialAction":[{"@type":"SearchAction","target":{"@type":"EntryPoint","urlTemplate":"https:\/\/ecobnb.fr\/blog\/?s={search_term_string}"},"query-input":"required name=search_term_string"}],"inLanguage":"fr-FR"}]}},"_links":{"self":[{"href":"https:\/\/ecobnb.fr\/blog\/wp-json\/wp\/v2\/pages\/2179"}],"collection":[{"href":"https:\/\/ecobnb.fr\/blog\/wp-json\/wp\/v2\/pages"}],"about":[{"href":"https:\/\/ecobnb.fr\/blog\/wp-json\/wp\/v2\/types\/page"}],"author":[{"embeddable":true,"href":"https:\/\/ecobnb.fr\/blog\/wp-json\/wp\/v2\/users\/3"}],"replies":[{"embeddable":true,"href":"https:\/\/ecobnb.fr\/blog\/wp-json\/wp\/v2\/comments?post=2179"}],"version-history":[{"count":6,"href":"https:\/\/ecobnb.fr\/blog\/wp-json\/wp\/v2\/pages\/2179\/revisions"}],"predecessor-version":[{"id":2249,"href":"https:\/\/ecobnb.fr\/blog\/wp-json\/wp\/v2\/pages\/2179\/revisions\/2249"}],"wp:featuredmedia":[{"embeddable":true,"href":"https:\/\/ecobnb.fr\/blog\/wp-json\/wp\/v2\/media\/2190"}],"wp:attachment":[{"href":"https:\/\/ecobnb.fr\/blog\/wp-json\/wp\/v2\/media?parent=2179"}],"curies":[{"name":"wp","href":"https:\/\/api.w.org\/{rel}","templated":true}]}}