{"id":250,"date":"2016-01-17T18:57:23","date_gmt":"2016-01-17T18:57:23","guid":{"rendered":"https:\/\/ecobnb.fr\/blog\/?page_id=250"},"modified":"2025-11-02T10:24:38","modified_gmt":"2025-11-02T10:24:38","slug":"ecotourisme-community","status":"publish","type":"page","link":"https:\/\/ecobnb.fr\/blog\/ecotourisme-community\/","title":{"rendered":"\u00c0 propos d\u2019Ecobnb \u2013 Communaut\u00e9 de tourisme durable"},"content":{"rendered":"<table class=\"table\" style=\"clear: both;\">\n<tbody>\n<tr>\n<td style=\"vertical-align: middle!important;\">\n<h2>Chez Ecobnb, vous pouvez trouver tous types d\u2019h\u00e9bergements \u00e9co-responsables<\/h2>\n<p>des cabanes dans les arbres aux h\u00f4tels durables, des \u00ab alberghi diffusi \u00bb dans les villages italiens anciens aux igloos sur la glace, des fermes biologiques entour\u00e9es de nature aux refuges de montagne z\u00e9ro \u00e9mission.<\/td>\n<td style=\"vertical-align: middle!important;\"><img class=\"alignnone size-full wp-image-86851\" src=\"https:\/\/ecobnb.it\/blog\/app\/uploads\/sites\/2\/2025\/09\/casa-sullalbero-glamping-il-sole.png\" alt=\"cabanes dans les arbres glamping il sole\" width=\"520\" height=\"347\" \/><\/td>\n<\/tr>\n<tr>\n<td style=\"vertical-align: middle!important;\">\n<h3><img class=\"alignnone wp-image-1527\" src=\"https:\/\/ecobnb.it\/blog\/app\/uploads\/sites\/2\/2013\/05\/MG_1913cmyk-536x357.jpg\" alt=\"fille \u00e0 v\u00e9lo sur la plage\" width=\"520\" height=\"347\" \/><\/h3>\n<\/td>\n<td style=\"vertical-align: middle!important;\">\n<h2>Notre mission et notre histoire<\/h2>\n<p>Ecobnb est une aventure entreprise pour changer notre fa\u00e7on de voyager, pour connecter et mettre en valeur les opportunit\u00e9s du tourisme responsable \u2014 respectueux de l\u2019environnement, de l\u2019\u00e9conomie et des communaut\u00e9s locales.<\/p>\n<p>\u00ab Tout a commenc\u00e9 lorsque, lors d\u2019une conf\u00e9rence universitaire \u00e0 Potenza, je cherchais en ligne un h\u00e9bergement durable pour mon s\u00e9jour, mais je n\u2019en trouvais aucun. De cette recherche impossible est n\u00e9e une id\u00e9e : rendre le tourisme durable accessible \u00e0 tous. C\u2019est ainsi qu\u2019est n\u00e9 Ecobnb. \u00bb \u2014 <em data-start=\"1227\" data-end=\"1265\">Simone Riccardi <\/em>&#8230; <a href=\"https:\/\/ecobnb.it\/blog\/storia\/\" target=\"_blank\" rel=\"noopener\">[lire la suite de notre histoire]<\/a><\/td>\n<\/tr>\n<tr>\n<td style=\"vertical-align: middle!important;\">\n<h2>Notre engagement pour l\u2019environnement<\/h2>\n<p><strong>Nous promouvons un tourisme responsable et \u00e0 faible impact environnemental<\/strong>, des s\u00e9jours dans des h\u00e9bergements \u00e9co-durables, une alimentation biologique, des itin\u00e9raires respectueux de l\u2019environnement, des d\u00e9placements non polluants et la red\u00e9couverte de lieux authentiques et proches.<\/p>\n<p>En voyageant avec Ecobnb, vous \u00e9conomisez de l\u2019eau, r\u00e9duisez les d\u00e9chets et les \u00e9missions de CO2 \u2014 l\u2019\u00e9quivalent de <a href=\"https:\/\/ecobnb.fr\/blog\/arbres-epargner-voyageant\/\" target=\"_blank\" rel=\"noopener\"><strong>sauver des arbres<\/strong><\/a> !<\/p>\n<p><strong>Notre site web est \u00e9galement durable : 0 % d\u2019\u00e9missions de CO2 et 100 % d\u2019\u00e9nergie propre<\/strong>. Les serveurs d\u2019Ecobnb sont enti\u00e8rement aliment\u00e9s par de l\u2019\u00e9nergie renouvelable locale (Hetzner Online). Un choix z\u00e9ro kilom\u00e8tre, comme nos voyages.<\/p>\n<h3><\/h3>\n<\/td>\n<td style=\"vertical-align: middle!important;\">\n<h3><img class=\"alignnone wp-image-1522\" src=\"https:\/\/ecobnb.it\/blog\/app\/uploads\/sites\/2\/2013\/05\/quaking-aspen-trees_1497_600x450-536x402.jpg\" alt=\"\u00e9cologie et tourisme durable\" width=\"520\" height=\"390\" \/><\/h3>\n<h2><\/h2>\n<\/td>\n<\/tr>\n<\/tbody>\n<\/table>\n<hr \/>\n<h2>Ils parlent de nous<\/h2>\n<p><a href=\"https:\/\/ecobnb.it\/blog\/2015\/02\/il-sole-24-ore-viaggi-natura\/\"><img class=\"alignnone wp-image-13486\" src=\"https:\/\/ecobnb.it\/blog\/app\/uploads\/sites\/2\/2013\/05\/Il_Sole_24_Ore_BN.png\" alt=\"\" width=\"180\" height=\"58\" \/><\/a>\u00a0 \u00a0 \u00a0 \u00a0<a href=\"https:\/\/ecobnb.it\/blog\/2014\/06\/turismo-benessere-eco-repubblica\/\"><img class=\"alignnone wp-image-8690 size-full\" src=\"https:\/\/ecobnb.it\/blog\/app\/uploads\/sites\/2\/2013\/05\/repubblica-e1404281872396.jpg\" alt=\"repubblica\" width=\"200\" height=\"42\" \/><\/a>\u00a0 \u00a0 \u00a0 \u00a0<a href=\"https:\/\/ecobnb.it\/blog\/2014\/03\/io-dormo-eco\/\"><img class=\"alignnone wp-image-6871\" src=\"https:\/\/ecobnb.it\/blog\/app\/uploads\/sites\/2\/2013\/05\/LEspresso-BN.jpg\" alt=\"L'Espresso BN\" width=\"187\" height=\"41\" \/><\/a>\u00a0 \u00a0 \u00a0 \u00a0<a href=\"https:\/\/ecobnb.it\/blog\/2013\/07\/viaggia-green-cosmopolitan-parla-di-viaggiverdi\/\" target=\"_blank\" rel=\"noopener\"><img class=\"alignnone wp-image-3979\" src=\"https:\/\/ecobnb.it\/blog\/app\/uploads\/sites\/2\/2013\/05\/cosmopolitan_bg_logoBW.gif\" alt=\"cosmopolitan_bg_logoBW\" width=\"175\" height=\"34\" \/><\/a>\u00a0 \u00a0\u00a0\u00a0<a href=\"https:\/\/ecobnb.it\/blog\/2014\/03\/dove-whatsapp-vai-il-corriere-della-sera-nel-magazine-style-parla-di-viaggiverdi\/\"><img class=\"alignnone wp-image-8691 size-full\" src=\"https:\/\/ecobnb.it\/blog\/app\/uploads\/sites\/2\/2013\/05\/STYLE-logo-e1404282178904.jpg\" alt=\"STYLE logo\" width=\"180\" height=\"96\" \/><\/a>\u00a0 \u00a0 \u00a0 \u00a0<img class=\"alignnone wp-image-3981\" src=\"https:\/\/ecobnb.it\/blog\/app\/uploads\/sites\/2\/2013\/05\/millionaire-bw.jpg\" alt=\"millionaire bw\" width=\"126\" height=\"43\" \/> \u00a0 \u00a0 <a href=\"https:\/\/ecobnb.it\/blog\/2013\/09\/ora-la-vacanza-e-ecofriendly\/\" target=\"_blank\" rel=\"noopener\"><img class=\"alignnone wp-image-3980\" src=\"https:\/\/ecobnb.it\/blog\/app\/uploads\/sites\/2\/2013\/05\/donna_moderna_logo-bw.jpg\" alt=\"donna_moderna_logo bw\" width=\"136\" height=\"70\" \/><\/a>\u00a0 <a href=\"https:\/\/ecobnb.it\/blog\/2015\/08\/casa-green-corriere-innovazione-ecobnb\/\"><img class=\"alignnone wp-image-13487\" src=\"https:\/\/ecobnb.it\/blog\/app\/uploads\/sites\/2\/2013\/05\/corriere-innovazione-bn.jpg\" alt=\"Ecobnb sur Corriere Innovazione\" width=\"200\" height=\"71\" \/><\/a>\u00a0 \u00a0\u00a0\u00a0 <img class=\"alignnone size-full wp-image-16675\" src=\"https:\/\/ecobnb.it\/blog\/app\/uploads\/sites\/2\/2013\/05\/20110812121938Il_Messaggero_logo1.png\" alt=\"logo Il Messagero\" width=\"180\" height=\"38\" \/>\u00a0\u00a0\u00a0\u00a0\u00a0 <a href=\"http:\/\/www.terranuova.it\/Ecoturismo\/Viaggiare-Sostenibile-le-migliori-proposte-green-da-non-perdere-nel-2016\"><img class=\"alignnone wp-image-16780\" src=\"https:\/\/ecobnb.it\/blog\/app\/uploads\/sites\/2\/2013\/05\/terranuova-bn.jpg\" alt=\"Ecobnb sur TerraNuova\" width=\"250\" height=\"44\" \/><\/a>&#8230;\u00a0\u00a0<a href=\"https:\/\/ecobnb.it\/blog\/category\/stampa\/\" target=\"_blank\" rel=\"noopener\">\u00a0d\u00e9couvrez d\u2019autres articles publi\u00e9s<\/a><\/p>\n<hr \/>\n<h2 style=\"text-align: right;\">\u00a0L\u2019\u00e9quipe Ecobnb<\/h2>\n<h3>Simone<\/h3>\n<p><img class=\"wp-image-86845 alignleft\" src=\"https:\/\/ecobnb.it\/blog\/app\/uploads\/sites\/2\/2025\/09\/simone-riccardi-e1758542473999.png\" alt=\"Simone Riccardi, fondateur d'Ecobnb\" width=\"180\" height=\"180\" \/>Entrepreneur social, cofondateur d\u2019Ecobnb, le lieu de rencontre entre voyageurs responsables et h\u00e9bergements investissant dans un avenir meilleur. Il est titulaire d\u2019un doctorat sur les villes en ligne, a \u00e9t\u00e9 boursier Fulbright BEST \u00e0 l\u2019UCLA, Californie, o\u00f9 il a \u00e9tudi\u00e9 la gestion et l\u2019entrepreneuriat. Fondateur d\u2019un groupe d\u2019achat solidaire (GAStronauti di Parma) et pr\u00e9sident de l\u2019association culturelle \u201cLe Citt\u00e0 Invisibili\u201d de Parme, il a collabor\u00e9 avec diverses associations sociales et de b\u00e9n\u00e9volat.<\/p>\n<p><strong>Citation favorite :<\/strong> Un voyage de mille lieues commence par un seul pas. (Lao-Tz\u00fb)<\/p>\n<hr \/>\n<h3>Silvia<\/h3>\n<p><a href=\"https:\/\/ecobnb.it\/blog\/app\/uploads\/sites\/2\/2013\/05\/Silvia_foto.jpg\"><img class=\"alignleft wp-image-12343\" src=\"https:\/\/ecobnb.it\/blog\/app\/uploads\/sites\/2\/2013\/05\/Silvia_foto-536x540.jpg\" alt=\"Silvia Ombellini, Ecobnb\" width=\"180\" height=\"181\" \/><\/a>Architecte passionn\u00e9e de voyages. Titulaire d\u2019un doctorat et de plusieurs ann\u00e9es d\u2019exp\u00e9rience en urbanisme et enseignement. Apr\u00e8s la naissance de son deuxi\u00e8me enfant, elle a cofond\u00e9 Ecobnb, une aventure visant \u00e0 rendre le voyage plus respectueux de l\u2019environnement, des lieux et des personnes. Gr\u00e2ce au programme Spinner2013, elle a pass\u00e9 un an en Californie pour \u00e9tudier le User Experience Design \u00e0 l\u2019Universit\u00e9 UCLA. Elle a coordonn\u00e9 le projet europ\u00e9en EcoDots pour d\u00e9velopper le tourisme durable en Europe.<\/p>\n<p><strong>Citation favorite :<\/strong> Choisis un travail que tu aimes, et tu n\u2019auras jamais \u00e0 travailler un seul jour de ta vie. (Confucius)<\/p>\n<hr \/>\n<h3>Chiara<\/h3>\n<p><img class=\"alignleft wp-image-85948 size-full\" src=\"https:\/\/ecobnb.it\/blog\/app\/uploads\/sites\/2\/2025\/07\/foto_bio_chiara-marras-1-scaled-e1752243116761.jpeg\" alt=\"Chiara, Ecobnb\" width=\"181\" height=\"181\" \/><span style=\"font-size: revert; color: initial;\">Passionn\u00e9e par la durabilit\u00e9, les voyages lents et la communication, elle \u00e9crit pour Ecobnb en racontant des lieux authentiques o\u00f9 la nature est reine. Apr\u00e8s une licence en sciences cognitives dans les montagnes du Trentin, elle s\u2019est consacr\u00e9e \u00e0 la communication et au tourisme responsable. Depuis plus de dix ans, elle g\u00e8re le contenu du blog Ecobnb avec un regard attentif \u00e0 l\u2019environnement et aux \u00e9motions que les lieux suscitent. Elle s\u2019occupe \u00e9galement du service client, soutenant h\u00f4tes et voyageurs de la communaut\u00e9. Elle vit sur une petite \u00eele de Sardaigne.<\/span><\/p>\n<p><strong>Citation favorite :<\/strong> Face \u00e0 la mer, le bonheur est une id\u00e9e simple. (Jean-Claude Izzo)<\/p>\n<hr \/>\n<h3>Pietro<\/h3>\n<p><img class=\"alignleft wp-image-85949 size-full\" src=\"https:\/\/ecobnb.it\/blog\/app\/uploads\/sites\/2\/2025\/07\/pietro-boraschi-scaled-e1752243461336.jpg\" alt=\"Pietro, Ecobnb\" width=\"180\" height=\"180\" \/> Sa plus grande passion est la montagne, qu\u2019il pratique sous toutes ses formes : trail running, alpinisme, escalade. Chaque sortie est pour lui une occasion de se reconnecter \u00e0 la nature, avec un profond respect pour l\u2019environnement. Il g\u00e8re la partie technique de la plateforme, alliant comp\u00e9tences digitales et valeurs durables pour promouvoir un tourisme responsable.<\/p>\n<p><strong>Citation favorite :<\/strong> La montagne enseigne que chaque pas a un sens. (Mauro Corona)<\/p>\n<div><\/div>\n<hr \/>\n<h3>Carla<\/h3>\n<p><img class=\"wp-image-26228 size-full alignleft\" src=\"https:\/\/ecobnb.it\/blog\/app\/uploads\/sites\/2\/2013\/05\/Carla-al-Seehof-maggio-20171.jpeg\" alt=\"\" width=\"180\" height=\"181\" \/>Pour elle, voyager est comme respirer : un besoin naturel. Mais plus elle voyage, plus elle r\u00e9alise la fragilit\u00e9 de notre plan\u00e8te. Elle a donc d\u00e9cid\u00e9 de changer de cap et de consacrer chaque instant \u00e0 prot\u00e9ger notre Terre \u201cemprunt\u00e9e \u00e0 nos enfants\u201d. Lorsqu\u2019elle ne voyage pas, elle vit dans une maison \u00e9cologique \u00e0 15 km de Parme avec sa famille, o\u00f9 elle travaille sur ses projets : journalisme (inscrite \u00e0 l\u2019ordre depuis 1991), <a href=\"https:\/\/www.elladigital.it\/\" target=\"_blank\" rel=\"noopener\">elladigital.it<\/a> (presse en ligne et hors ligne), gestion des r\u00e9seaux sociaux, Ecobnb et autres initiatives green.<\/p>\n<p><strong>R\u00eave :<\/strong> que le voyage \u00e9co-responsable devienne une habitude, comme le recyclage du papier pour beaucoup aujourd\u2019hui.<\/p>\n<hr \/>\n<h3><\/h3>\n<h3><a href=\"https:\/\/ecobnb.fr\/blog\/partenaires\/\" target=\"_blank\" rel=\"noopener\">Partenaires et financements<\/a><\/h3>\n<p><em>Photo de couverture : Eco-Hospitalit\u00e9 Essenza, Sardaigne, Italie<\/em><\/p>\n","protected":false},"excerpt":{"rendered":"<p>Chez Ecobnb, vous pouvez trouver tous types d\u2019h\u00e9bergements \u00e9co-responsables des cabanes dans les arbres aux h\u00f4tels durables, des \u00ab alberghi diffusi \u00bb dans les villages italiens anciens aux igloos sur la glace, des fermes biologiques entour\u00e9es de nature aux refuges de montagne z\u00e9ro \u00e9mission. Notre mission et notre histoire Ecobnb est une aventure entreprise pour [&hellip;]<\/p>\n","protected":false},"author":45,"featured_media":7087,"parent":0,"menu_order":0,"comment_status":"closed","ping_status":"open","template":"page-nosidebar.php","meta":[],"acf":[],"yoast_head":"<!-- This site is optimized with the Yoast SEO plugin v19.9 - https:\/\/yoast.com\/wordpress\/plugins\/seo\/ -->\n<title>\u00c0 propos d\u2019Ecobnb \u2013 Communaut\u00e9 de tourisme durable<\/title>\n<meta name=\"description\" content=\"D\u00e9couvrez Ecobnb, la communaut\u00e9 du tourisme durable. Rencontrez notre \u00e9quipe et explorez des s\u00e9jours \u00e9co-responsables accessibles \u00e0 tous.\" \/>\n<meta name=\"robots\" content=\"index, follow, max-snippet:-1, max-image-preview:large, max-video-preview:-1\" \/>\n<link rel=\"canonical\" href=\"https:\/\/ecobnb.fr\/blog\/ecotourisme-community\/\" \/>\n<meta property=\"og:locale\" content=\"fr_FR\" \/>\n<meta property=\"og:type\" content=\"article\" \/>\n<meta property=\"og:title\" content=\"\u00c0 propos d\u2019Ecobnb \u2013 Communaut\u00e9 de tourisme durable\" \/>\n<meta property=\"og:description\" content=\"D\u00e9couvrez Ecobnb, la communaut\u00e9 du tourisme durable. Rencontrez notre \u00e9quipe et explorez des s\u00e9jours \u00e9co-responsables accessibles \u00e0 tous.\" \/>\n<meta property=\"og:url\" content=\"https:\/\/ecobnb.fr\/blog\/ecotourisme-community\/\" \/>\n<meta property=\"og:site_name\" content=\"Ecobnb\" \/>\n<meta property=\"article:modified_time\" content=\"2025-11-02T10:24:38+00:00\" \/>\n<meta property=\"og:image\" content=\"https:\/\/ecobnb.fr\/blog\/app\/uploads\/sites\/7\/2025\/09\/community-del-turismo-sostenibile-ecobnb.png\" \/>\n\t<meta property=\"og:image:width\" content=\"1170\" \/>\n\t<meta property=\"og:image:height\" content=\"490\" \/>\n\t<meta property=\"og:image:type\" content=\"image\/png\" \/>\n<meta name=\"twitter:card\" content=\"summary_large_image\" \/>\n<meta name=\"twitter:label1\" content=\"Est. reading time\" \/>\n\t<meta name=\"twitter:data1\" content=\"8 minutes\" \/>\n<!-- \/ Yoast SEO plugin. -->","yoast_head_json":{"title":"\u00c0 propos d\u2019Ecobnb \u2013 Communaut\u00e9 de tourisme durable","description":"D\u00e9couvrez Ecobnb, la communaut\u00e9 du tourisme durable. Rencontrez notre \u00e9quipe et explorez des s\u00e9jours \u00e9co-responsables accessibles \u00e0 tous.","robots":{"index":"index","follow":"follow","max-snippet":"max-snippet:-1","max-image-preview":"max-image-preview:large","max-video-preview":"max-video-preview:-1"},"canonical":"https:\/\/ecobnb.fr\/blog\/ecotourisme-community\/","og_locale":"fr_FR","og_type":"article","og_title":"\u00c0 propos d\u2019Ecobnb \u2013 Communaut\u00e9 de tourisme durable","og_description":"D\u00e9couvrez Ecobnb, la communaut\u00e9 du tourisme durable. Rencontrez notre \u00e9quipe et explorez des s\u00e9jours \u00e9co-responsables accessibles \u00e0 tous.","og_url":"https:\/\/ecobnb.fr\/blog\/ecotourisme-community\/","og_site_name":"Ecobnb","article_modified_time":"2025-11-02T10:24:38+00:00","og_image":[{"width":1170,"height":490,"url":"https:\/\/ecobnb.fr\/blog\/app\/uploads\/sites\/7\/2025\/09\/community-del-turismo-sostenibile-ecobnb.png","type":"image\/png"}],"twitter_card":"summary_large_image","twitter_misc":{"Est. reading time":"8 minutes"},"schema":{"@context":"https:\/\/schema.org","@graph":[{"@type":"WebPage","@id":"https:\/\/ecobnb.fr\/blog\/ecotourisme-community\/","url":"https:\/\/ecobnb.fr\/blog\/ecotourisme-community\/","name":"\u00c0 propos d\u2019Ecobnb \u2013 Communaut\u00e9 de tourisme durable","isPartOf":{"@id":"https:\/\/ecobnb.fr\/blog\/#website"},"datePublished":"2016-01-17T18:57:23+00:00","dateModified":"2025-11-02T10:24:38+00:00","description":"D\u00e9couvrez Ecobnb, la communaut\u00e9 du tourisme durable. Rencontrez notre \u00e9quipe et explorez des s\u00e9jours \u00e9co-responsables accessibles \u00e0 tous.","breadcrumb":{"@id":"https:\/\/ecobnb.fr\/blog\/ecotourisme-community\/#breadcrumb"},"inLanguage":"fr-FR","potentialAction":[{"@type":"ReadAction","target":["https:\/\/ecobnb.fr\/blog\/ecotourisme-community\/"]}]},{"@type":"BreadcrumbList","@id":"https:\/\/ecobnb.fr\/blog\/ecotourisme-community\/#breadcrumb","itemListElement":[{"@type":"ListItem","position":1,"name":"Home","item":"https:\/\/ecobnb.fr\/blog\/"},{"@type":"ListItem","position":2,"name":"\u00c0 propos d\u2019Ecobnb \u2013 Communaut\u00e9 de tourisme durable"}]},{"@type":"WebSite","@id":"https:\/\/ecobnb.fr\/blog\/#website","url":"https:\/\/ecobnb.fr\/blog\/","name":"Ecobnb","description":"Find sustainable accommodation","potentialAction":[{"@type":"SearchAction","target":{"@type":"EntryPoint","urlTemplate":"https:\/\/ecobnb.fr\/blog\/?s={search_term_string}"},"query-input":"required name=search_term_string"}],"inLanguage":"fr-FR"}]}},"_links":{"self":[{"href":"https:\/\/ecobnb.fr\/blog\/wp-json\/wp\/v2\/pages\/250"}],"collection":[{"href":"https:\/\/ecobnb.fr\/blog\/wp-json\/wp\/v2\/pages"}],"about":[{"href":"https:\/\/ecobnb.fr\/blog\/wp-json\/wp\/v2\/types\/page"}],"author":[{"embeddable":true,"href":"https:\/\/ecobnb.fr\/blog\/wp-json\/wp\/v2\/users\/45"}],"replies":[{"embeddable":true,"href":"https:\/\/ecobnb.fr\/blog\/wp-json\/wp\/v2\/comments?post=250"}],"version-history":[{"count":13,"href":"https:\/\/ecobnb.fr\/blog\/wp-json\/wp\/v2\/pages\/250\/revisions"}],"predecessor-version":[{"id":7136,"href":"https:\/\/ecobnb.fr\/blog\/wp-json\/wp\/v2\/pages\/250\/revisions\/7136"}],"wp:featuredmedia":[{"embeddable":true,"href":"https:\/\/ecobnb.fr\/blog\/wp-json\/wp\/v2\/media\/7087"}],"wp:attachment":[{"href":"https:\/\/ecobnb.fr\/blog\/wp-json\/wp\/v2\/media?parent=250"}],"curies":[{"name":"wp","href":"https:\/\/api.w.org\/{rel}","templated":true}]}}