{"id":258,"date":"2016-01-17T19:19:13","date_gmt":"2016-01-17T19:19:13","guid":{"rendered":"https:\/\/ecobnb.fr\/blog\/?page_id=258"},"modified":"2023-01-25T16:16:59","modified_gmt":"2023-01-25T16:16:59","slug":"partenaires","status":"publish","type":"page","link":"https:\/\/ecobnb.fr\/blog\/partenaires\/","title":{"rendered":"Partenaires"},"content":{"rendered":"<h2><\/h2>\n<p><!--tr&gt;--><\/p>\n<table class=\"table\" style=\"clear: both;\">\n<tbody>\n<tr>\n<td style=\"vertical-align: middle!important;\"><img class=\"alignnone wp-image-4061 size-medium\" src=\"https:\/\/ecobnb.fr\/blog\/app\/uploads\/sites\/3\/2013\/07\/LOGO-european-commission-flag-536x357.jpg\" alt=\"European Project Ecodots\" width=\"536\" height=\"357\" \/><\/td>\n<td style=\"vertical-align: middle!important;\">\n<h2>EcoDots, projet europ\u00e9en financ\u00e9 par l&rsquo;UE<\/h2>\n<h4>Ecobnb favorise le tourisme durable en Europe<\/h4>\n<p>Gr\u00e2ce au projet de EcoDots, co-fond\u00e9 par la Commission Europ\u00e9enne, Ecobnb\u00a0favorise le tourisme durable en Europe.<\/p>\n<p>Le projet a \u00e9t\u00e9 co-financ\u00e9 par l&rsquo;Union Europ\u00e9enne, avec l&rsquo;accord de subvention SI2.677269.<\/p>\n<p>La seule responsabilit\u00e9 de cette publication c&rsquo;est de\u00a0l&rsquo;auteur. La Commission europ\u00e9enne n&rsquo;est pas responsable de l&rsquo;usage qui pourrait \u00eatre fait des informations qui y sont contenues.<\/td>\n<\/tr>\n<tr>\n<td style=\"vertical-align: middle!important;\" width=\"50%\">\n<h2>Jozef Institut Stefan, Ljubljana, Slov\u00e9nie<\/h2>\n<h4>D\u00e9partement des Syst\u00e8mes Intelligents (DIS)<\/h4>\n<p>L\u2019Institut Jozef Stefan (JSI) fond\u00e9 en 1949 avec\u00a0pr\u00e8s de 1000 personnes est la principale institution slov\u00e8ne pour la recherche en Sciences Naturelles et la technologie. L\u2019institut compl\u00e8te le r\u00f4le des universit\u00e9s et comble le foss\u00e9 entre la science et l\u2019industrie.<\/p>\n<p>Ce d\u00e9partement m\u00e8ne des recherches dans plusieurs domaines de l\u2019intelligence artificielle ainsi que le d\u00e9veloppement des applications innovantes en utilisant la technologie de pointe.<\/p>\n<p>JSI est un des partenaires pour le d\u00e9veloppement d\u2019applications web innovantes.<\/td>\n<td style=\"vertical-align: middle!important;\"><a href=\"https:\/\/ecobnb.it\/blog\/app\/uploads\/sites\/2\/2013\/05\/locandina-itaca2013.jpg\"><br \/>\n<\/a><img class=\"alignnone wp-image-6362\" src=\"https:\/\/ecobnb.fr\/blog\/app\/uploads\/sites\/3\/2013\/07\/JSI.png\" alt=\"JSI\" width=\"400\" height=\"267\" \/><\/td>\n<\/tr>\n<tr>\n<td style=\"vertical-align: middle!important;\"><a href=\"https:\/\/ecobnb.it\/blog\/app\/uploads\/sites\/2\/2013\/05\/The-Energy-Water-Nexus.jpg\"><br \/>\n<\/a><img class=\"alignnone wp-image-6365\" src=\"https:\/\/ecobnb.fr\/blog\/app\/uploads\/sites\/3\/2013\/07\/STEMMA-COMUNE-DI-PARMA-536x316.jpg\" alt=\"Parma Municipality Logo\" width=\"500\" height=\"295\" \/><a href=\"https:\/\/ecobnb.it\/blog\/app\/uploads\/sites\/2\/2013\/05\/The-Energy-Water-Nexus.jpg\"><br \/>\n<\/a><\/td>\n<td style=\"vertical-align: middle!important;\">\n<h2>Municipalit\u00e9 de Parme, Italie<\/h2>\n<h4>Office de Tourisme de Parme, Emilie-Romagne, Italie<\/h4>\n<p>La Municipalit\u00e9 de Parme est une autorit\u00e9 publique de la ville. Depuis plusieurs ann\u00e9es, le D\u00e9partement pour le Tourisme est impliqu\u00e9 dans la promotion du tourisme de patrimoine et du paysage historique, artistique et gastronomique local, notamment par le biais de la coordination et du soutien aux activit\u00e9s d\u2019autres institutions, d\u2019installations touristiques locales, d\u2019associations et du\u00a0secteur \u00e0 but non lucratif.<\/p>\n<p>La Municipalit\u00e9 de Parme est notre partenaire pour la promotion de notre projet en Italie.<\/td>\n<\/tr>\n<tr>\n<td style=\"vertical-align: middle!important;\">\n<h2>ISIS, innovation pour l<b>e d\u00e9veloppement durable<\/b><\/h2>\n<h4><b><i>L\u2019Institut d\u2019Etudes pour l\u2019Int\u00e9gration des Syst\u00e8mes (I.S.I.S.) en Italie<\/i><\/b><\/h4>\n<p>L\u2019I.S.I.S. est une recherche et un cabinet de conseil priv\u00e9 italien qui soutient des organismes publics internationaux, nationaux et locaux pour l\u2019analyse, la conception, la mise en \u0153uvre et l\u2019\u00e9valuation des politiques de d\u00e9veloppement durable dans les domaines de l\u2019\u00e9nergie, de l\u2019environnement, des transports et de la mobilit\u00e9 et de l\u2019urbanisme.<\/p>\n<p>Fond\u00e9 en 1971, il repose sur l\u2019expertise d\u2019une \u00e9quipe multidisciplinaire, dont des ing\u00e9nieurs, des statisticiens, des experts en technologie de l\u2019information et des \u00e9conomistes.<\/p>\n<p>Cet institut poss\u00e8de une vaste exp\u00e9rience dans la gestion et la participation \u00e0 des projets financ\u00e9s par l\u2019U.E. dans le cadre de recherches (4\u00e8me P.C. \u00e0 partir H2020, \u00ab\u00a0Intelligent Energy Europe\u00a0\u00bb et d\u2019autres programmes de recherche europ\u00e9ens et nationaux). De plus, l\u2019ISIS a un r\u00e9seau bien \u00e9tabli d\u2019alliances actuellement actif dans l\u2019U.E. et ailleurs.<\/td>\n<td>\u00a0 \u00a0 \u00a0 \u00a0\u00a0<img class=\"alignnone wp-image-6370\" src=\"https:\/\/ecobnb.fr\/blog\/app\/uploads\/sites\/3\/2013\/07\/ISIS_logo.jpg\" alt=\"ISIS_logo\" width=\"500\" height=\"193\" \/><a href=\"https:\/\/ecobnb.it\/blog\/app\/uploads\/sites\/2\/2013\/05\/casa-pulita.jpg\"><br \/>\n<\/a><\/td>\n<\/tr>\n<tr>\n<td style=\"vertical-align: middle!important;\"><img class=\"alignnone wp-image-6373\" src=\"https:\/\/ecobnb.fr\/blog\/app\/uploads\/sites\/3\/2013\/07\/TourCert-certification-500x490.jpg\" alt=\"TourCert certification\" width=\"400\" height=\"401\" \/><a href=\"https:\/\/ecobnb.it\/blog\/app\/uploads\/sites\/2\/2013\/05\/The-Energy-Water-Nexus.jpg\"><br \/>\n<\/a><a href=\"https:\/\/ecobnb.it\/blog\/app\/uploads\/sites\/2\/2013\/05\/The-Energy-Water-Nexus.jpg\"><br \/>\n<\/a><\/td>\n<td style=\"vertical-align: middle!important;\">\n<h2>Kate,\u00a0<b>Allemagne, pour l\u2019\u00e9cologie et le d\u00e9veloppement durable<\/b><\/h2>\n<h4>TourCert Certification pour le tourisme durable<\/h4>\n<p>Kate\u00a0soutient les organizations avec une gestion durable. Kate est aussi l&rsquo;un des quatre partenaires de TourCert, organisme de certification pour les entreprises touristiques. &laquo;&nbsp;Trains TourCert&nbsp;&raquo; certifie les voyagistes, les hotels, les agences de voyages et les destinations d\u00e9veloppement durable de haut niveau.<\/p>\n<p>\u00abKate\u00bb est notre partenaire pour le d\u00e9veloppement et la diffusion du projet en Allemagne, Autriche et Suisse.<\/td>\n<\/tr>\n<tr>\n<td style=\"vertical-align: middle!important;\">\n<h2>EcoDev, Serbie<\/h2>\n<h4>Centre pour des projets de recherche et de d\u00e9veloppment en Sebie<\/h4>\n<p>EcoDev est une ONG\u00a0inspir\u00e9 par la n\u00e9cessit\u00e9 d&rsquo;une synergie entre \u00ab\u00e9conomie\u00bb et \u00ab\u00e9cologie\u00bb, ainsi que la n\u00e9cessit\u00e9 de poursuivre le &laquo;&nbsp;d\u00e9veloppement durable&nbsp;&raquo;. Le serbe &laquo;&nbsp;EcoDev Centar za istrazivacke i razvojne projette&nbsp;&raquo;\u00a0m\u00e8ne des projets de recherches et de d\u00e9veloppement dans les domaines de la protection de l\u2019environnement, de la biodiversit\u00e9, de l\u2019eau, des d\u00e9chets, de l\u2019efficacit\u00e9 \u00e9nerg\u00e9tique, des \u00e9nergies renouvelables, du d\u00e9veloppement durable, de l\u2019\u00e9co-construction et de l\u2019\u00e9co-tourisme. Le centre a un r\u00f4le de chef de file reconnu dans la r\u00e9gion pour le d\u00e9veloppement de tourisme \u00e9cologique et durable. Il travaille et coop\u00e8re avec les organismes nationaux, les entreprises locales et les destinations touristiques.<\/p>\n<p>\u00abEcoDev\u00bb est notre partenaire pour le d\u00e9veloppement du projet en Serbie.<\/td>\n<td><a href=\"https:\/\/ecobnb.it\/blog\/app\/uploads\/sites\/2\/2013\/05\/casa-pulita.jpg\"><br \/>\n<\/a><a href=\"https:\/\/ecobnb.it\/blog\/app\/uploads\/sites\/2\/2013\/05\/casa-pulita.jpg\"><img class=\"alignnone wp-image-5241\" src=\"https:\/\/ecobnb.fr\/blog\/app\/uploads\/sites\/3\/2013\/07\/ecodev.jpg\" alt=\"ecodev serbia\" width=\"400\" height=\"191\" \/><\/a><\/td>\n<\/tr>\n<tr>\n<td style=\"vertical-align: middle!important;\"><img class=\"alignnone wp-image-6367\" src=\"https:\/\/ecobnb.fr\/blog\/app\/uploads\/sites\/3\/2013\/07\/Ministry-Serbia.png\" alt=\"Ministry of Tourism in Serbia\" width=\"450\" height=\"630\" \/><\/td>\n<td style=\"vertical-align: middle!important;\">\n<h2>Minist\u00e8re du Tourisme en Serbie<\/h2>\n<h4>Minist\u00e8re du commerce, du tourisme et des t\u00e9l\u00e9communications<\/h4>\n<p>La Serbie offre des parcs naturels magnifiques, des for\u00eats vertes avec des plantes et des animaux qui ont disparu dans d&rsquo;autres parties de l&rsquo;Europe, avec une incroyable vari\u00e9t\u00e9 g\u00e9ologique, biologique et \u00e9cologique. En Serbie il y a 9 habitat humide d&rsquo;importance mondiale et un site du patrimoine mondial de l&rsquo;UNESCO: la R\u00e9serve de biosph\u00e8re Golija.<\/p>\n<p>Le Minist\u00e8re du Commerce, du Tourisme et des T\u00e9l\u00e9communications est actuellement responsable des points suivants\u00a0: strat\u00e9gie du tourisme et mise en \u0153uvre de la politique; d\u00e9veloppement, proclamation et usage durable des destinations touristiques; classement des sites touristiques; promotion du tourisme sur les march\u00e9s touristiques nationaux et \u00e9trangers; \u00e9tudes de march\u00e9 du tourisme et d\u00e9veloppement du syst\u00e8me d\u2019information touristique; produits touristiques d\u2019am\u00e9lioration; activit\u00e9s diverses; agences de voyage de la sc\u00e8ne; restauration, activit\u00e9s nautiques et de chasse touristique; planification, entretien et \u00e9quipement des domaines skiables publics\u00a0; prestation de services dans les stations de ski; \u00e9quipement et services dans les spa, parcs \u00e0 th\u00e8me et plages publiques; inspection dans le domaine du tourisme.<\/p>\n<p>Le Minist\u00e8re serbe de Tourisme est le partenaire d\u2019Ecobnb responsable de la promotion du projet en Serbie.<\/td>\n<\/tr>\n<tr>\n<td style=\"vertical-align: middle!important;\">\n<h2>GH Calabre, Italie<\/h2>\n<h4>PME innovante et touristique et premier \u00e9co-parc en Calabre<\/h4>\n<p>GH Calabre est une PME innovante qui promeut le tourisme durable en Italie du Sud et qui a d\u00e9velopp\u00e9 le \u00ab\u00a0Orme nel Parco\u00a0\u00bb, un parc aventure \u00e9cologique dans les for\u00eats de h\u00eatres du parc Sila, en Calabre. C\u2019est l\u2019un des quartiers les plus \u00e9vocateurs et pr\u00e9serv\u00e9s du parc national de la Sila, o\u00f9 vous pourrez respirer l\u2019air pur en Europe. C\u2019est une occasion unique pour l\u2019\u00e9co-tourisme en Italie.<br \/>\nGH Calabre et \u00ab\u00a0Orme nel parco\u00a0\u00bb sont nos partenaires pour la promotion du\u00a0projet Ecobnb en Italie du Sud.<\/td>\n<td><img class=\"alignnone size-full wp-image-11385\" src=\"https:\/\/ecobnb.fr\/blog\/app\/uploads\/sites\/2\/2013\/05\/orme-nel-parco.png\" alt=\"Orme nel parco, turismo sostenibile in Calabria\" width=\"453\" height=\"170\" \/><\/td>\n<\/tr>\n<tr>\n<td style=\"vertical-align: middle!important;\">\n<h2><span style=\"font-weight: normal; line-height: 24px;\"><span style=\"font-size: medium;\"><img class=\"alignnone size-medium wp-image-5242\" src=\"https:\/\/ecobnb.fr\/blog\/app\/uploads\/sites\/3\/2013\/07\/itaca-536x382.jpg\" alt=\"itaca\" width=\"536\" height=\"382\" \/><\/span><\/span><\/h2>\n<\/td>\n<td style=\"vertical-align: middle!important;\">\n<h2>IT.A.CA, Bologne, Italie<\/h2>\n<h4>Premier festival italien\u00a0<b>du tourisme \u00e9co-responsable<\/b><\/h4>\n<p>Le festival \u00ab\u00a0IT.A.CA\u00a0\u00bb offre une nouvelle id\u00e9e du tourisme, plus \u00e9thique, plus respectueuse de l\u2019environnement et des gens qui y vivent.<\/p>\n<p>Ce n\u2019est pas seulement une vitrine des projets les plus int\u00e9ressants sur le th\u00e8me du voyage \u00e9co-responsable\u00a0; le festival offre aussi la possibilit\u00e9 de vivre le tourisme durable en\u00a0d\u00e9couvrant l\u2019Italie.<br \/>\nEcobnb contribue \u00e0 la cr\u00e9ation du festival avec un calendrier riche en \u00e9v\u00e9nements, la promotion de voies vertes et d\u2019h\u00e9bergements respectueux de l\u2019environnement.<\/td>\n<\/tr>\n<tr>\n<td style=\"vertical-align: middle!important;\">\n<h2>Ella studio, Parme, Italie<\/h2>\n<h4>Communication sur le tourisme soutenable<\/h4>\n<p>Ella studio nous aide \u00e0 faire conna\u00eetre le projet Ecobnb. C\u2019est un bureau de communication qui vise \u00e0 promouvoir l\u2019image de ses clients \u00e0 travers des articles dans le plus important des journaux italiens, la radio et la t\u00e9l\u00e9vision. Il propose \u00e9galement des activit\u00e9s de marketing en ligne. Ella Studio regroupe une \u00e9quipe de journalistes sp\u00e9cialis\u00e9s dans le tourisme, l\u2019art, la culture, le bien-\u00eatre, la nourriture et le vin.<\/td>\n<td style=\"vertical-align: middle!important;\">\n<div>\n<div>\u00a0 \u00a0<img class=\"alignnone wp-image-1335\" src=\"https:\/\/ecobnb.fr\/blog\/app\/uploads\/sites\/7\/2016\/01\/2017-logo-ella-studio.jpeg\" alt=\"Ella - Ecobnb partner\" width=\"400\" height=\"378\" srcset=\"https:\/\/ecobnb.fr\/blog\/app\/uploads\/sites\/7\/2016\/01\/2017-logo-ella-studio.jpeg 509w, https:\/\/ecobnb.fr\/blog\/app\/uploads\/sites\/7\/2016\/01\/2017-logo-ella-studio-344x325.jpeg 344w\" sizes=\"(max-width: 400px) 100vw, 400px\" \/><\/div>\n<\/div>\n<\/td>\n<\/tr>\n<tr>\n<td style=\"vertical-align: middle!important;\"><img class=\"alignnone wp-image-9482 size-full\" src=\"https:\/\/ecobnb.fr\/blog\/app\/uploads\/sites\/2\/2013\/05\/BlaBlaCar.png\" alt=\"BlaBlaCar Sustainable Mobility\" width=\"200\" height=\"200\" \/><\/td>\n<td style=\"vertical-align: middle!important;\">\n<h2>Bla Bla Car<\/h2>\n<h4>Le covoiturage ou\u00a0 mobilit\u00e9 durable<\/h4>\n<p>Bla Bla Car\u00a0permet de r\u00e9duire l\u2019impact environnemental en voyageant \u00e0 plusieurs\u00a0: ainsi ceux qui ont une place de libre dans leur voiture et ceux qui n\u2019en ont pas peuvent voyager ensemble pour une partie ou la totalit\u00e9 du voyage, en un seul clic. Le tout \u00e0 un co\u00fbt plus \u00e9conomique que le train ou l\u2019avion.<\/td>\n<\/tr>\n<tr>\n<td style=\"vertical-align: middle!important;\">\n<h2>Eco Hotel<\/h2>\n<h4>Petits \u00e9co-h\u00f4tels familiaux en Croatie<\/h4>\n<p>Distingu\u00e9s par le logo du c\u0153ur avec une feuille, ces \u00e9co-h\u00f4tels s&rsquo;engagent \u00e0 r\u00e9duire les d\u00e9chets et \u00e0 utiliser rationnellement l&rsquo;\u00e9nergie, \u00e0 diff\u00e9rencier les d\u00e9chets et \u00e0 utiliser des produits \u00e0 z\u00e9ro kilom\u00e8tre. Les plats de ces h\u00f4tels \u00e9cologiques sont pr\u00e9par\u00e9s selon des recettes traditionnelles, \u00e0 partir de produits locaux cultiv\u00e9s dans la r\u00e9gion o\u00f9 se trouve la structure. Cet \u00e9colabel croate implique de sensibiliser le personnel de l&rsquo;h\u00f4tel, les clients et tous ceux qui entrent en contact avec leurs services \u00e0 l&rsquo;environnement.<\/td>\n<td style=\"vertical-align: middle!important;\"><img class=\"alignnone size-full wp-image-3715\" src=\"https:\/\/ecobnb.fr\/blog\/app\/uploads\/sites\/7\/2023\/01\/logo-eco-hotel.png\" alt=\"Petits \u00e9co-h\u00f4tels familiaux en Croatie\" width=\"400\" height=\"260\" srcset=\"https:\/\/ecobnb.fr\/blog\/app\/uploads\/sites\/7\/2023\/01\/logo-eco-hotel.png 400w, https:\/\/ecobnb.fr\/blog\/app\/uploads\/sites\/7\/2023\/01\/logo-eco-hotel-344x224.png 344w\" sizes=\"(max-width: 400px) 100vw, 400px\" \/><\/td>\n<\/tr>\n<tr>\n<td style=\"vertical-align: middle!important;\"><\/td>\n<td style=\"vertical-align: middle!important;\"><\/td>\n<\/tr>\n<\/tbody>\n<\/table>\n","protected":false},"excerpt":{"rendered":"<p>EcoDots, projet europ\u00e9en financ\u00e9 par l&rsquo;UE Ecobnb favorise le tourisme durable en Europe Gr\u00e2ce au projet de EcoDots, co-fond\u00e9 par la Commission Europ\u00e9enne, Ecobnb\u00a0favorise le tourisme durable en Europe. Le projet a \u00e9t\u00e9 co-financ\u00e9 par l&rsquo;Union Europ\u00e9enne, avec l&rsquo;accord de subvention SI2.677269. La seule responsabilit\u00e9 de cette publication c&rsquo;est de\u00a0l&rsquo;auteur. La Commission europ\u00e9enne n&rsquo;est pas [&hellip;]<\/p>\n","protected":false},"author":45,"featured_media":0,"parent":0,"menu_order":0,"comment_status":"closed","ping_status":"open","template":"page-nosidebar.php","meta":[],"acf":[],"yoast_head":"<!-- This site is optimized with the Yoast SEO plugin v19.9 - https:\/\/yoast.com\/wordpress\/plugins\/seo\/ -->\n<title>Partenaires - Ecobnb<\/title>\n<meta name=\"description\" content=\"D\u00e9couvrez tous les partenaires vert de Ecobnb, le r\u00e9seau de logements durables en Italie: \u00e9co associations, PME et institutions.\" \/>\n<meta name=\"robots\" content=\"index, follow, max-snippet:-1, max-image-preview:large, max-video-preview:-1\" \/>\n<link rel=\"canonical\" href=\"https:\/\/ecobnb.fr\/blog\/partenaires\/\" \/>\n<meta property=\"og:locale\" content=\"fr_FR\" \/>\n<meta property=\"og:type\" content=\"article\" \/>\n<meta property=\"og:title\" content=\"Partenaires - Ecobnb\" \/>\n<meta property=\"og:description\" content=\"D\u00e9couvrez tous les partenaires vert de Ecobnb, le r\u00e9seau de logements durables en Italie: \u00e9co associations, PME et institutions.\" \/>\n<meta property=\"og:url\" content=\"https:\/\/ecobnb.fr\/blog\/partenaires\/\" \/>\n<meta property=\"og:site_name\" content=\"Ecobnb\" \/>\n<meta property=\"article:modified_time\" content=\"2023-01-25T16:16:59+00:00\" \/>\n<meta property=\"og:image\" content=\"https:\/\/ecobnb.fr\/blog\/app\/uploads\/sites\/3\/2013\/07\/LOGO-european-commission-flag-536x357.jpg\" \/>\n<meta name=\"twitter:card\" content=\"summary_large_image\" \/>\n<meta name=\"twitter:label1\" content=\"Est. reading time\" \/>\n\t<meta name=\"twitter:data1\" content=\"9 minutes\" \/>\n<!-- \/ Yoast SEO plugin. -->","yoast_head_json":{"title":"Partenaires - Ecobnb","description":"D\u00e9couvrez tous les partenaires vert de Ecobnb, le r\u00e9seau de logements durables en Italie: \u00e9co associations, PME et institutions.","robots":{"index":"index","follow":"follow","max-snippet":"max-snippet:-1","max-image-preview":"max-image-preview:large","max-video-preview":"max-video-preview:-1"},"canonical":"https:\/\/ecobnb.fr\/blog\/partenaires\/","og_locale":"fr_FR","og_type":"article","og_title":"Partenaires - Ecobnb","og_description":"D\u00e9couvrez tous les partenaires vert de Ecobnb, le r\u00e9seau de logements durables en Italie: \u00e9co associations, PME et institutions.","og_url":"https:\/\/ecobnb.fr\/blog\/partenaires\/","og_site_name":"Ecobnb","article_modified_time":"2023-01-25T16:16:59+00:00","og_image":[{"url":"https:\/\/ecobnb.fr\/blog\/app\/uploads\/sites\/3\/2013\/07\/LOGO-european-commission-flag-536x357.jpg"}],"twitter_card":"summary_large_image","twitter_misc":{"Est. reading time":"9 minutes"},"schema":{"@context":"https:\/\/schema.org","@graph":[{"@type":"WebPage","@id":"https:\/\/ecobnb.fr\/blog\/partenaires\/","url":"https:\/\/ecobnb.fr\/blog\/partenaires\/","name":"Partenaires - Ecobnb","isPartOf":{"@id":"https:\/\/ecobnb.fr\/blog\/#website"},"datePublished":"2016-01-17T19:19:13+00:00","dateModified":"2023-01-25T16:16:59+00:00","description":"D\u00e9couvrez tous les partenaires vert de Ecobnb, le r\u00e9seau de logements durables en Italie: \u00e9co associations, PME et institutions.","breadcrumb":{"@id":"https:\/\/ecobnb.fr\/blog\/partenaires\/#breadcrumb"},"inLanguage":"fr-FR","potentialAction":[{"@type":"ReadAction","target":["https:\/\/ecobnb.fr\/blog\/partenaires\/"]}]},{"@type":"BreadcrumbList","@id":"https:\/\/ecobnb.fr\/blog\/partenaires\/#breadcrumb","itemListElement":[{"@type":"ListItem","position":1,"name":"Home","item":"https:\/\/ecobnb.fr\/blog\/"},{"@type":"ListItem","position":2,"name":"Partenaires"}]},{"@type":"WebSite","@id":"https:\/\/ecobnb.fr\/blog\/#website","url":"https:\/\/ecobnb.fr\/blog\/","name":"Ecobnb","description":"Find sustainable accommodation","potentialAction":[{"@type":"SearchAction","target":{"@type":"EntryPoint","urlTemplate":"https:\/\/ecobnb.fr\/blog\/?s={search_term_string}"},"query-input":"required name=search_term_string"}],"inLanguage":"fr-FR"}]}},"_links":{"self":[{"href":"https:\/\/ecobnb.fr\/blog\/wp-json\/wp\/v2\/pages\/258"}],"collection":[{"href":"https:\/\/ecobnb.fr\/blog\/wp-json\/wp\/v2\/pages"}],"about":[{"href":"https:\/\/ecobnb.fr\/blog\/wp-json\/wp\/v2\/types\/page"}],"author":[{"embeddable":true,"href":"https:\/\/ecobnb.fr\/blog\/wp-json\/wp\/v2\/users\/45"}],"replies":[{"embeddable":true,"href":"https:\/\/ecobnb.fr\/blog\/wp-json\/wp\/v2\/comments?post=258"}],"version-history":[{"count":16,"href":"https:\/\/ecobnb.fr\/blog\/wp-json\/wp\/v2\/pages\/258\/revisions"}],"predecessor-version":[{"id":3718,"href":"https:\/\/ecobnb.fr\/blog\/wp-json\/wp\/v2\/pages\/258\/revisions\/3718"}],"wp:attachment":[{"href":"https:\/\/ecobnb.fr\/blog\/wp-json\/wp\/v2\/media?parent=258"}],"curies":[{"name":"wp","href":"https:\/\/api.w.org\/{rel}","templated":true}]}}