{"id":3338,"date":"2022-06-12T13:19:13","date_gmt":"2022-06-12T13:19:13","guid":{"rendered":"https:\/\/ecobnb.fr\/blog\/?page_id=3338"},"modified":"2022-08-18T13:11:39","modified_gmt":"2022-08-18T13:11:39","slug":"foret-savone-creation-forets-seculaires-italie","status":"publish","type":"page","link":"https:\/\/ecobnb.fr\/blog\/foret-savone-creation-forets-seculaires-italie\/","title":{"rendered":"For\u00eat de Savone : le projet de cr\u00e9ation de For\u00eats S\u00e9culaires en Italie commence ici"},"content":{"rendered":"<h2>Nous vous parlons de notre projet de cr\u00e9ation de bois s\u00e9culaires en Italie, qui part de la for\u00eat de Savone<\/h2>\n<blockquote><p>La mort de la f\u00f4ret est la fin de notre vie. (Dorothy Stang)<\/p><\/blockquote>\n<p>Les f\u00f4rets ont un <a href=\"https:\/\/ecobnb.fr\/blog\/2016\/07\/marcher-bois-italie\/\" target=\"_blank\" rel=\"noopener\">charme unique<\/a> et sont responsables de plus de<a href=\"https:\/\/www.wwf.fr\/champs-daction\/foret\" target=\"_blank\" rel=\"noopener\"> 80% de la biodiversit\u00e9<\/a> de la plan\u00e8te terre. Dans le pass\u00e9, elles ont \u00e9t\u00e9 converties \u00e0 l&rsquo;agriculture, d\u00e9truites pour\u00a0\u00eatre transform\u00e9es en colonies et fermes. Encore aujourd&rsquo;hui, les for\u00eats continuent de d\u00e9cliner inexorablement, mais\u00a0elles repr\u00e9sentent notre seule arme pour <strong>lutter contre le changement climatique<\/strong>.\u00a0Conscients de cela, nous nous sommes lanc\u00e9s avec Ecobnb dans un nouveau projet de cr\u00e9ation de bois et de <strong>for\u00eats s\u00e9culaires<\/strong>, qui commence par la for\u00eat de Millesimo, \u00e0 Savone.<\/p>\n<h2>Pourquoi Cr\u00e9er des For\u00eats S\u00e9culaires<\/h2>\n<div id=\"attachment_3340\" class=\"thumbnail alignnone\"><img class=\"wp-image-3340 size-full\" src=\"https:\/\/ecobnb.fr\/blog\/app\/uploads\/sites\/7\/2022\/06\/Le-tronc-dun-arbre-for\u00eats-s\u00e9culaires.jpg\" alt=\"Le tronc d'un arbre - for\u00eats s\u00e9culaires\" width=\"870\" height=\"490\" srcset=\"https:\/\/ecobnb.fr\/blog\/app\/uploads\/sites\/7\/2022\/06\/Le-tronc-dun-arbre-for\u00eats-s\u00e9culaires.jpg 870w, https:\/\/ecobnb.fr\/blog\/app\/uploads\/sites\/7\/2022\/06\/Le-tronc-dun-arbre-for\u00eats-s\u00e9culaires-536x302.jpg 536w, https:\/\/ecobnb.fr\/blog\/app\/uploads\/sites\/7\/2022\/06\/Le-tronc-dun-arbre-for\u00eats-s\u00e9culaires-768x433.jpg 768w, https:\/\/ecobnb.fr\/blog\/app\/uploads\/sites\/7\/2022\/06\/Le-tronc-dun-arbre-for\u00eats-s\u00e9culaires-570x320.jpg 570w, https:\/\/ecobnb.fr\/blog\/app\/uploads\/sites\/7\/2022\/06\/Le-tronc-dun-arbre-for\u00eats-s\u00e9culaires-344x194.jpg 344w\" sizes=\"(max-width: 870px) 100vw, 870px\" \/><div class=\"caption\">Photo via Canva Pro<\/div><\/div>\n<p>Depuis plus de 5 ans nous travaillons durement avec Ecobnb pour r\u00e9duire l&rsquo;impact environnemental du tourisme.\u00a0Notre travail consiste \u00e0 sensibiliser les gens, \u00e0 cr\u00e9er des projets et des actions concr\u00e8tes qui parviennent \u00e0 <a href=\"https:\/\/ecobnb.fr\/blog\/arbres\/\" target=\"_blank\" rel=\"noopener\">r\u00e9duire les \u00e9missions de CO2 des h\u00f4tels, qui peuvent \u00e9galement \u00eatre mesur\u00e9es en termes d&rsquo;arbres plant\u00e9s<\/a>.\u00a0Mais le changement climatique est plus rapide qu&rsquo;on ne le pense et nous sommes en crise.\u00a0Tout ce que nous construisons jour apr\u00e8s jour, une fa\u00e7on de voyager plus \u00e9thique et durable, c&rsquo;est beau, mais ce n&rsquo;est pas suffisant. Nous voulons faire plus et faire de notre mieux pour sauver notre plan\u00e8te.<\/p>\n<p>Il existe des cr\u00e9atures magiques qui absorbent le CO2 et renvoient l&rsquo;oxyg\u00e8ne, ce qui peut nous aider \u00e0 stopper le changement climatique. Ce sont les <strong>arbres<\/strong>. Mais planter des arbres dans des endroits \u00e9loign\u00e9s, \u00e0 l&rsquo;autre bout du monde, comme tant d&rsquo;entreprises le font aujourd&rsquo;hui, ne semblait pas \u00eatre la bonne solution. C&rsquo;est pourquoi nous avons commenc\u00e9 \u00e0 <strong>planter de nouveaux arbres en Italie<\/strong>, en commen\u00e7ant par les zones les plus pollu\u00e9es, comme la Plaine du P\u00f4, avec les agriculteurs gardiens d&rsquo;Ecobnb. Nous avons plant\u00e9 des esp\u00e8ces anciennes, restaur\u00e9 des rang\u00e9es entre les champs cultiv\u00e9s, retrouv\u00e9 l&rsquo;id\u00e9e que les plantes sont pr\u00e9cieuses et doivent enrichir nos campagnes.<\/p>\n<p>Mais nous pensons que cela ne suffit pas et nous voulons cr\u00e9er quelque chose de plus grand et \u00e0 long terme. Donc, \u00e0 partir de la <strong>for\u00eat de Savone<\/strong>, nous avons d\u00e9cid\u00e9 de faire pousser les for\u00eats du futur en Italie.<\/p>\n<p>Dans le pass\u00e9 notre pays, et en particulier la Plaine du P\u00f4, \u00e9tait couvert de for\u00eats de plaine riches en biodiversit\u00e9, aujourd&rsquo;hui quasiment disparues. Ces for\u00eats am\u00e9lioraient la qualit\u00e9 de l&rsquo;air, abaissaient les valeurs de CO2, repr\u00e9sentaient un refuge pour les animaux sauvages et une sauvegarde de la biodiversit\u00e9.<\/p>\n<p>Le projet d&rsquo;Ecobnb est de recr\u00e9er certaines de ces for\u00eats. Nous cultiverons des <strong>for\u00eats de grande valeur \u00e9cologique<\/strong> et non des plantations d&rsquo;arbres en file indienne destin\u00e9s \u00e0 \u00eatre coup\u00e9s une fois pouss\u00e9s. Une for\u00eat est bien plus que l&rsquo;ensemble des arbres qui la composent. C&rsquo;est un ensemble d&rsquo;animaux et de plantes qui vivent en parfaite harmonie les uns avec les autres, cr\u00e9ant <strong>biodiversit\u00e9<\/strong>, beaut\u00e9 et richesse.<\/p>\n<h2>La F\u00f4ret de Savone<\/h2>\n<p>Le projet de cr\u00e9ation de for\u00eats s\u00e9culaires a commenc\u00e9 en Ligurie, avec la r\u00e9g\u00e9n\u00e9ration d&rsquo;un bois d&rsquo;environ 10 hectares, dans la province de Savone. La for\u00eat de Millesimo a subi il y a deux ans des coupes aveugles et ill\u00e9gales, perdant plus de 70 % de ses arbres.<\/p>\n\n\t\t<style type=\"text\/css\">\n\t\t\t#gallery-1 {\n\t\t\t\tmargin: auto;\n\t\t\t}\n\t\t\t#gallery-1 .gallery-item {\n\t\t\t\tfloat: left;\n\t\t\t\tmargin-top: 10px;\n\t\t\t\ttext-align: center;\n\t\t\t\twidth: 33%;\n\t\t\t}\n\t\t\t#gallery-1 img {\n\t\t\t\tborder: 2px solid #cfcfcf;\n\t\t\t}\n\t\t\t#gallery-1 .gallery-caption {\n\t\t\t\tmargin-left: 0;\n\t\t\t}\n\t\t\t\/* see gallery_shortcode() in wp-includes\/media.php *\/\n\t\t<\/style>\n\t\t<div id='gallery-1' class='gallery galleryid-3338 gallery-columns-3 gallery-size-medium'><dl class='gallery-item'>\n\t\t\t<dt class='gallery-icon portrait'>\n\t\t\t\t<a href='https:\/\/ecobnb.fr\/blog\/foret-savone-creation-forets-seculaires-italie\/taglio-raso-536x953\/#main'><img width=\"536\" height=\"953\" src=\"https:\/\/ecobnb.fr\/blog\/app\/uploads\/sites\/7\/2022\/06\/taglio-raso-536x953-536x953.jpeg\" class=\"attachment-medium size-medium\" alt=\"\" aria-describedby=\"gallery-1-3343\" srcset=\"https:\/\/ecobnb.fr\/blog\/app\/uploads\/sites\/7\/2022\/06\/taglio-raso-536x953.jpeg 536w, https:\/\/ecobnb.fr\/blog\/app\/uploads\/sites\/7\/2022\/06\/taglio-raso-536x953-344x612.jpeg 344w\" sizes=\"(max-width: 536px) 100vw, 536px\" \/><\/a>\n\t\t\t<\/dt>\n\t\t\t\t<dd class='wp-caption-text gallery-caption' id='gallery-1-3343'>\n\t\t\t\tcoupe rase de la for\u00eat qui a eu lieu il y a deux ans\n\t\t\t\t<\/dd><\/dl><dl class='gallery-item'>\n\t\t\t<dt class='gallery-icon portrait'>\n\t\t\t\t<a href='https:\/\/ecobnb.fr\/blog\/foret-savone-creation-forets-seculaires-italie\/pini-536x953\/#main'><img width=\"536\" height=\"953\" src=\"https:\/\/ecobnb.fr\/blog\/app\/uploads\/sites\/7\/2022\/06\/pini-536x953-536x953.jpeg\" class=\"attachment-medium size-medium\" alt=\"For\u00eat de Savone\" aria-describedby=\"gallery-1-3342\" srcset=\"https:\/\/ecobnb.fr\/blog\/app\/uploads\/sites\/7\/2022\/06\/pini-536x953.jpeg 536w, https:\/\/ecobnb.fr\/blog\/app\/uploads\/sites\/7\/2022\/06\/pini-536x953-344x612.jpeg 344w\" sizes=\"(max-width: 536px) 100vw, 536px\" \/><\/a>\n\t\t\t<\/dt>\n\t\t\t\t<dd class='wp-caption-text gallery-caption' id='gallery-1-3342'>\n\t\t\t\tles plantes qui repoussent\n\t\t\t\t<\/dd><\/dl><dl class='gallery-item'>\n\t\t\t<dt class='gallery-icon portrait'>\n\t\t\t\t<a href='https:\/\/ecobnb.fr\/blog\/foret-savone-creation-forets-seculaires-italie\/alberi-536x953\/#main'><img width=\"536\" height=\"953\" src=\"https:\/\/ecobnb.fr\/blog\/app\/uploads\/sites\/7\/2022\/06\/alberi-536x953-536x953.jpeg\" class=\"attachment-medium size-medium\" alt=\"For\u00eat de Savone\" aria-describedby=\"gallery-1-3341\" srcset=\"https:\/\/ecobnb.fr\/blog\/app\/uploads\/sites\/7\/2022\/06\/alberi-536x953.jpeg 536w, https:\/\/ecobnb.fr\/blog\/app\/uploads\/sites\/7\/2022\/06\/alberi-536x953-344x612.jpeg 344w\" sizes=\"(max-width: 536px) 100vw, 536px\" \/><\/a>\n\t\t\t<\/dt>\n\t\t\t\t<dd class='wp-caption-text gallery-caption' id='gallery-1-3341'>\n\t\t\t\tdes arbres\n\t\t\t\t<\/dd><\/dl><br style=\"clear: both\" \/>\n\t\t<\/div>\n\n<p>Mais la for\u00eat est beaucoup plus forte qu&rsquo;on ne le pense et a des temps compl\u00e8tement diff\u00e9rents des humains. L\u00e0 o\u00f9 les arbres avaient \u00e9t\u00e9 coup\u00e9s, nous avons replant\u00e9 des v\u00e9g\u00e9taux locaux qui repoussent d\u00e9j\u00e0, notamment des \u00e9rables, des ch\u00eanes, des charmes, des ch\u00e2taigniers, des pins&#8230;<\/p>\n<p>Ainsi, Ecobnb a achet\u00e9 le terrain pour prot\u00e9ger et d\u00e9velopper la for\u00eat au cours des 50, 100 et 500 prochaines ann\u00e9es. Selon des m\u00e9thodes naturelles et spontan\u00e9es, la nature suivra son cours, et Ecobnb veillera \u00e0 ce que la for\u00eat ne soit pas abattue pour les si\u00e8cles \u00e0 venir.<\/p>\n<p>Nous voulons faire en sorte que, comme la for\u00eat de Savone, d&rsquo;autres dizaines de milliers de m\u00e8tres carr\u00e9s de for\u00eats puissent grandir avec leur temps et devenir des for\u00eats s\u00e9culaires, ici m\u00eame dans notre pays. C&rsquo;est un projet qui d\u00e9passe notre esp\u00e9rance de vie mais qui est fondamental pour la durabilit\u00e9 et la lutte contre le changement climatique, comme un cadeau pour les g\u00e9n\u00e9rations futures.<\/p>\n<h2>Vous souhaitez participer au projet ?<\/h2>\n<p><a href=\"https:\/\/ecobnb.com\/buy-giftcard-forest\"><img class=\"alignnone wp-image-3344 size-full\" src=\"https:\/\/ecobnb.fr\/blog\/app\/uploads\/sites\/7\/2022\/06\/carte-cadeau-forete.jpg\" alt=\"carte cadeau  for\u00eats s\u00e9culaires\" width=\"870\" height=\"490\" srcset=\"https:\/\/ecobnb.fr\/blog\/app\/uploads\/sites\/7\/2022\/06\/carte-cadeau-forete.jpg 870w, https:\/\/ecobnb.fr\/blog\/app\/uploads\/sites\/7\/2022\/06\/carte-cadeau-forete-536x302.jpg 536w, https:\/\/ecobnb.fr\/blog\/app\/uploads\/sites\/7\/2022\/06\/carte-cadeau-forete-768x433.jpg 768w, https:\/\/ecobnb.fr\/blog\/app\/uploads\/sites\/7\/2022\/06\/carte-cadeau-forete-570x320.jpg 570w, https:\/\/ecobnb.fr\/blog\/app\/uploads\/sites\/7\/2022\/06\/carte-cadeau-forete-344x194.jpg 344w\" sizes=\"(max-width: 870px) 100vw, 870px\" \/><\/a><\/p>\n<p>Vous souhaitez participer au projet de cr\u00e9ation de for\u00eats s\u00e9culaires en Italie ? Achetez ou offrez une carte-cadeau for\u00eat. Ensemble, nous cultiverons des habitats naturels magnifiques et diversifi\u00e9s, et nous cr\u00e9erons des for\u00eats centenaires en Italie. En plus d&rsquo;am\u00e9liorer la biodiversit\u00e9 et la qualit\u00e9 de l&rsquo;air, nous pouvons ainsi assurer la survie de la faune et contribuer \u00e0 lutter <strong>contre les changements climatiques<\/strong>.<\/p>\n<p>Le r\u00e9cipiendaire de la carte-cadeau re\u00e7oit les coordonn\u00e9es de la for\u00eat qu&rsquo;il aide \u00e0 faire pousser et un certificat \u00e0 son nom.<\/p>\n<p>D\u00e9couvrez <a href=\"https:\/\/ecobnb.com\/blog\/give-forest-gift\/\" target=\"_blank\" rel=\"noopener\"><strong>comment faire en suivant ce lien<\/strong><\/a> ! En quelques clics vous pouvez composer votre carte cadeau et la recevoir par email.<\/p>\n<p>&nbsp;<\/p>\n","protected":false},"excerpt":{"rendered":"<p>Nous vous parlons de notre projet de cr\u00e9ation de bois s\u00e9culaires en Italie, qui part de la for\u00eat de Savone La mort de la f\u00f4ret est la fin de notre vie. (Dorothy Stang) Les f\u00f4rets ont un charme unique et sont responsables de plus de 80% de la biodiversit\u00e9 de la plan\u00e8te terre. Dans le [&hellip;]<\/p>\n","protected":false},"author":3,"featured_media":3339,"parent":0,"menu_order":0,"comment_status":"closed","ping_status":"closed","template":"","meta":[],"acf":[],"yoast_head":"<!-- This site is optimized with the Yoast SEO plugin v19.9 - https:\/\/yoast.com\/wordpress\/plugins\/seo\/ -->\n<title>Le projet de cr\u00e9ation de For\u00eats S\u00e9culaires en Italie - Ecobnb<\/title>\n<meta name=\"description\" content=\"Les for\u00eats absorbent le CO2 renvoient l&#039;oxyg\u00e8ne, et peuvent stopper le changement climatique. D\u00e9couvrez le projet de cr\u00e9ation de for\u00eats s\u00e9culaires!\" \/>\n<meta name=\"robots\" content=\"index, follow, max-snippet:-1, max-image-preview:large, max-video-preview:-1\" \/>\n<link rel=\"canonical\" href=\"https:\/\/ecobnb.fr\/blog\/foret-savone-creation-forets-seculaires-italie\/\" \/>\n<meta property=\"og:locale\" content=\"fr_FR\" \/>\n<meta property=\"og:type\" content=\"article\" \/>\n<meta property=\"og:title\" content=\"Le projet de cr\u00e9ation de For\u00eats S\u00e9culaires en Italie - Ecobnb\" \/>\n<meta property=\"og:description\" content=\"Les for\u00eats absorbent le CO2 renvoient l&#039;oxyg\u00e8ne, et peuvent stopper le changement climatique. D\u00e9couvrez le projet de cr\u00e9ation de for\u00eats s\u00e9culaires!\" \/>\n<meta property=\"og:url\" content=\"https:\/\/ecobnb.fr\/blog\/foret-savone-creation-forets-seculaires-italie\/\" \/>\n<meta property=\"og:site_name\" content=\"Ecobnb\" \/>\n<meta property=\"article:modified_time\" content=\"2022-08-18T13:11:39+00:00\" \/>\n<meta property=\"og:image\" content=\"https:\/\/ecobnb.fr\/blog\/app\/uploads\/sites\/7\/2022\/06\/savone.jpeg\" \/>\n\t<meta property=\"og:image:width\" content=\"1170\" \/>\n\t<meta property=\"og:image:height\" content=\"490\" \/>\n\t<meta property=\"og:image:type\" content=\"image\/jpeg\" \/>\n<meta name=\"twitter:card\" content=\"summary_large_image\" \/>\n<meta name=\"twitter:label1\" content=\"Est. reading time\" \/>\n\t<meta name=\"twitter:data1\" content=\"5 minutes\" \/>\n<!-- \/ Yoast SEO plugin. -->","yoast_head_json":{"title":"Le projet de cr\u00e9ation de For\u00eats S\u00e9culaires en Italie - Ecobnb","description":"Les for\u00eats absorbent le CO2 renvoient l'oxyg\u00e8ne, et peuvent stopper le changement climatique. D\u00e9couvrez le projet de cr\u00e9ation de for\u00eats s\u00e9culaires!","robots":{"index":"index","follow":"follow","max-snippet":"max-snippet:-1","max-image-preview":"max-image-preview:large","max-video-preview":"max-video-preview:-1"},"canonical":"https:\/\/ecobnb.fr\/blog\/foret-savone-creation-forets-seculaires-italie\/","og_locale":"fr_FR","og_type":"article","og_title":"Le projet de cr\u00e9ation de For\u00eats S\u00e9culaires en Italie - Ecobnb","og_description":"Les for\u00eats absorbent le CO2 renvoient l'oxyg\u00e8ne, et peuvent stopper le changement climatique. D\u00e9couvrez le projet de cr\u00e9ation de for\u00eats s\u00e9culaires!","og_url":"https:\/\/ecobnb.fr\/blog\/foret-savone-creation-forets-seculaires-italie\/","og_site_name":"Ecobnb","article_modified_time":"2022-08-18T13:11:39+00:00","og_image":[{"width":1170,"height":490,"url":"https:\/\/ecobnb.fr\/blog\/app\/uploads\/sites\/7\/2022\/06\/savone.jpeg","type":"image\/jpeg"}],"twitter_card":"summary_large_image","twitter_misc":{"Est. reading time":"5 minutes"},"schema":{"@context":"https:\/\/schema.org","@graph":[{"@type":"WebPage","@id":"https:\/\/ecobnb.fr\/blog\/foret-savone-creation-forets-seculaires-italie\/","url":"https:\/\/ecobnb.fr\/blog\/foret-savone-creation-forets-seculaires-italie\/","name":"Le projet de cr\u00e9ation de For\u00eats S\u00e9culaires en Italie - Ecobnb","isPartOf":{"@id":"https:\/\/ecobnb.fr\/blog\/#website"},"datePublished":"2022-06-12T13:19:13+00:00","dateModified":"2022-08-18T13:11:39+00:00","description":"Les for\u00eats absorbent le CO2 renvoient l'oxyg\u00e8ne, et peuvent stopper le changement climatique. D\u00e9couvrez le projet de cr\u00e9ation de for\u00eats s\u00e9culaires!","breadcrumb":{"@id":"https:\/\/ecobnb.fr\/blog\/foret-savone-creation-forets-seculaires-italie\/#breadcrumb"},"inLanguage":"fr-FR","potentialAction":[{"@type":"ReadAction","target":["https:\/\/ecobnb.fr\/blog\/foret-savone-creation-forets-seculaires-italie\/"]}]},{"@type":"BreadcrumbList","@id":"https:\/\/ecobnb.fr\/blog\/foret-savone-creation-forets-seculaires-italie\/#breadcrumb","itemListElement":[{"@type":"ListItem","position":1,"name":"Home","item":"https:\/\/ecobnb.fr\/blog\/"},{"@type":"ListItem","position":2,"name":"For\u00eat de Savone : le projet de cr\u00e9ation de For\u00eats S\u00e9culaires en Italie commence ici"}]},{"@type":"WebSite","@id":"https:\/\/ecobnb.fr\/blog\/#website","url":"https:\/\/ecobnb.fr\/blog\/","name":"Ecobnb","description":"Find sustainable accommodation","potentialAction":[{"@type":"SearchAction","target":{"@type":"EntryPoint","urlTemplate":"https:\/\/ecobnb.fr\/blog\/?s={search_term_string}"},"query-input":"required name=search_term_string"}],"inLanguage":"fr-FR"}]}},"_links":{"self":[{"href":"https:\/\/ecobnb.fr\/blog\/wp-json\/wp\/v2\/pages\/3338"}],"collection":[{"href":"https:\/\/ecobnb.fr\/blog\/wp-json\/wp\/v2\/pages"}],"about":[{"href":"https:\/\/ecobnb.fr\/blog\/wp-json\/wp\/v2\/types\/page"}],"author":[{"embeddable":true,"href":"https:\/\/ecobnb.fr\/blog\/wp-json\/wp\/v2\/users\/3"}],"replies":[{"embeddable":true,"href":"https:\/\/ecobnb.fr\/blog\/wp-json\/wp\/v2\/comments?post=3338"}],"version-history":[{"count":1,"href":"https:\/\/ecobnb.fr\/blog\/wp-json\/wp\/v2\/pages\/3338\/revisions"}],"predecessor-version":[{"id":3345,"href":"https:\/\/ecobnb.fr\/blog\/wp-json\/wp\/v2\/pages\/3338\/revisions\/3345"}],"wp:featuredmedia":[{"embeddable":true,"href":"https:\/\/ecobnb.fr\/blog\/wp-json\/wp\/v2\/media\/3339"}],"wp:attachment":[{"href":"https:\/\/ecobnb.fr\/blog\/wp-json\/wp\/v2\/media?parent=3338"}],"curies":[{"name":"wp","href":"https:\/\/api.w.org\/{rel}","templated":true}]}}