{"id":3475,"date":"2022-08-08T13:15:46","date_gmt":"2022-08-08T13:15:46","guid":{"rendered":"https:\/\/ecobnb.fr\/blog\/?page_id=3475"},"modified":"2022-08-08T13:18:51","modified_gmt":"2022-08-08T13:18:51","slug":"offrez-foret-carte-cadeau","status":"publish","type":"page","link":"https:\/\/ecobnb.fr\/blog\/offrez-foret-carte-cadeau\/","title":{"rendered":"Offrez une for\u00eat\u00a0: la carte cadeau pour pr\u00e9server les for\u00eats anciennes"},"content":{"rendered":"\n<p>Un geste d\u2019<strong>amour<\/strong>, un acte d\u2019<strong>espoir<\/strong>, une fa\u00e7on de prendre soin des autres, de notre avenir et de notre plan\u00e8te. Un cadeau <strong>original<\/strong> et <strong>\u00e9cologique<\/strong>. &nbsp;Un arbre, et en particulier la plantation et la pr\u00e9servation d&rsquo;une for\u00eat, peut-il repr\u00e9senter tout cela ? Nous en sommes convaincus et c&rsquo;est pourquoi nous avons d\u00e9cid\u00e9 de cr\u00e9er les <strong>for\u00eats du futur<\/strong> avec notre communaut\u00e9. &laquo;&nbsp;Offrez une for\u00eat&nbsp;&raquo; est la carte cadeau qui permet de participer \u00e0 ce projet pour pr\u00e9server les for\u00eats.<\/p>\n\n\n\n<figure class=\"wp-block-image size-large\"><img src=\"https:\/\/ecobnb.it\/blog\/app\/uploads\/sites\/2\/2021\/11\/foto-870x490-86.png.webp\" alt=\"\"\/><\/figure>\n\n\n\n<p>Vous pouvez participer \u00e0 ce projet et <strong>offrir une for\u00eat<\/strong> \u00e0 vos proches, \u00e0 vos coll\u00e8gues et \u00e0 votre famille. Ensemble, nous planterons des for\u00eats luxuriantes en Italie, contribuant ainsi \u00e0 la pr\u00e9servation de l\u2019environnement et de la biodiversit\u00e9. Pour ce faire, c\u2019est tr\u00e8s simple: il suffit de quelques clics pour commander une <strong>Gift Card Offres une For\u00eat<\/strong>. D&rsquo;ailleurs, vous pouvez choisir le montant et inclure un mot. Grace au code de la Gift Card, le b\u00e9n\u00e9ficiaire peut obtenir les<strong> coordonn\u00e9es GPS <\/strong>du bois qu\u2019il contribue \u00e0 faire pousser, ainsi qu\u2019un <strong>certificat <\/strong>portant son nom. Avec nous, pr\u00e9server les for\u00eats n&rsquo;a jamais \u00e9t\u00e9 aussi simple!<\/p>\n\n\n\n<h2><strong>Pourquoi offrir une for\u00eat&nbsp;?<\/strong><\/h2>\n\n\n\n<figure class=\"wp-block-image size-large\"><img src=\"https:\/\/sb.ecobnb.net\/app\/uploads\/sites\/7\/2019\/11\/cover-card.jpg.webp\" alt=\"\"\/><\/figure>\n\n\n\n<p>Notre <a href=\"https:\/\/ecobnb.fr\/shop\" target=\"_blank\" rel=\"noreferrer noopener\">Gift Card Offres une For\u00eat<\/a> est un cadeau original pour les personnes qui vous sont ch\u00e8res, \u00e0 la plan\u00e8te et aux <strong>g\u00e9n\u00e9rations futures<\/strong>.<\/p>\n\n\n\n<p>Les arbres et les for\u00eats sont un outil <strong>naturel<\/strong> et <strong>puissant<\/strong> pour la protection de la nature. Voici les bienfaits qu\u2019apportent les for\u00eats \u00e0 notre environnement&nbsp;:<\/p>\n\n\n\n<ul><li>Elles fournissent de l\u2019<strong>oxyg\u00e8ne<\/strong>, \u00e9l\u00e9ment fondamental pour notre existence<\/li><li>Elles <a href=\"https:\/\/www.banquemondiale.org\/fr\/topic\/forests\/brief\/forests-combat-climate-change\" target=\"_blank\" rel=\"noreferrer noopener\">luttent contre le <strong>changement climatique<\/strong><\/a> en absorbant le dioxyde de carbone<\/li><li>Elles purifient l\u2019air<\/li><li>Elles am\u00e9liorent la thermor\u00e9gulation et le climat<\/li><li>Elles pr\u00e9servent l\u2019eau et la prot\u00e8gent de la pollution<\/li><li>Elles garantissent la <strong>biodiversit\u00e9<\/strong><\/li><li>Elles contribuent \u00e0 notre bien \u00eatre<\/li><li>Elles contrastent l\u2019\u00e9rosion des sols<\/li><\/ul>\n\n\n\n<h2><strong>Les for\u00eats anciennes d&rsquo;Ecobnb<\/strong><\/h2>\n\n\n\n<figure class=\"wp-block-image size-large\"><img src=\"https:\/\/ecobnb.it\/blog\/app\/uploads\/sites\/2\/2021\/11\/foto-870x490-87.png.webp\" alt=\"\"\/><\/figure>\n\n\n\n<p>Gr\u00e2ce \u00e0 la Gift Card Offres une For\u00eat vous pouvez participer au projet d\u2019Ecobnb. Nous souhaitons <strong>planter et pr\u00e9server des for\u00eats<\/strong> en Italie pour mieux <strong>suivre<\/strong> la croissance des for\u00eats et <strong>enrichir<\/strong> le pays en termes d\u2019<strong>air purifi\u00e9<\/strong>, de <strong>biodiversit\u00e9<\/strong> et de paysages. Saviez-vous, en fait, qu\u2019il y a tr\u00e8s peu de for\u00eats anciennes en Italie&nbsp;? Quand les arbres atteignent 25-3O cm de diam\u00e8tre, ils sont pr\u00eats \u00e0 \u00eatre \u00ab&nbsp;valoris\u00e9s&nbsp;\u00bb et donc coup\u00e9s. Les for\u00eats n&rsquo;ont donc pas le temps de se d\u00e9velopper et de cr\u00e9er tout un <strong>\u00e9cosyst\u00e8me<\/strong> riche en <strong>biodiversit\u00e9<\/strong> dans lequel plantes et animaux vivent en parfaite symbiose.<\/p>\n\n\n\n<p>Gr\u00e2ce \u00e0 votre <strong>geste<\/strong>, vous nous aiderez \u00e0 faire face aux co\u00fbts de plantation et de <strong>protection<\/strong> des arbres. En effet, nous nous occuperons de l&rsquo;acquisition des terrains en choisissant entre les endroits endommag\u00e9s ou \u00e0 risque et nous ferons<strong> pousser <\/strong>les for\u00eats selon des m\u00e9thodes naturelles et spontan\u00e9es, en veillant \u00e0 ce qu&rsquo;elles ne soient <strong>jamais coup\u00e9es<\/strong>.<\/p>\n\n\n\n<h2><strong>Le cadeau id\u00e9al pour chaque occasion<\/strong><\/h2>\n\n\n\n<figure class=\"wp-block-image size-large\"><img src=\"https:\/\/sb.ecobnb.net\/app\/uploads\/sites\/7\/2019\/11\/2-870x490.jpg.webp\" alt=\"\"\/><\/figure>\n\n\n\n<p>Que ce soit pour ce <strong>No\u00ebl <\/strong>ou pour un <strong>anniversaire<\/strong>, offrir une for\u00eat en cadeau est toujours une <strong>id\u00e9e originale<\/strong> et appr\u00e9ci\u00e9e. En quelques clics, vous pouvez contribuer \u00e0 la <strong>pr\u00e9servation de quelques m\u00e8tres carr\u00e9s d&rsquo;\u00e9cosyst\u00e8me reconstitu\u00e9<\/strong> qui abritera pendant des si\u00e8cles de grands arbres comme les ch\u00e2taigniers, les ch\u00eanes pubescents, les fr\u00eanes et autres plantes. Le tout au nom du b\u00e9n\u00e9ficiaire, qui recevra un certificat et les coordonn\u00e9es GPS de la for\u00eat que vous sauvez avec nous.<\/p>\n\n\n\n<h2><strong>D\u00e9veloppez avec nous les for\u00eats du futur en Italie<\/strong><\/h2>\n\n\n\n<p>La for\u00eat de Millesimo, \u00e0 Savone<\/p>\n\n\n\n<figure class=\"wp-block-image size-large\"><img src=\"https:\/\/ecobnb.it\/blog\/app\/uploads\/sites\/2\/2021\/11\/foresta-millesimo-savona-bosco-870x490.jpeg.webp\" alt=\"\"\/><\/figure>\n","protected":false},"excerpt":{"rendered":"<p>Un geste d\u2019amour, un acte d\u2019espoir, une fa\u00e7on de prendre soin des autres, de notre avenir et de notre plan\u00e8te. Un cadeau original et \u00e9cologique. &nbsp;Un arbre, et en particulier la plantation et la pr\u00e9servation d&rsquo;une for\u00eat, peut-il repr\u00e9senter tout cela ? Nous en sommes convaincus et c&rsquo;est pourquoi nous avons d\u00e9cid\u00e9 de cr\u00e9er les [&hellip;]<\/p>\n","protected":false},"author":3,"featured_media":3476,"parent":0,"menu_order":0,"comment_status":"closed","ping_status":"closed","template":"","meta":[],"acf":[],"yoast_head":"<!-- This site is optimized with the Yoast SEO plugin v19.9 - https:\/\/yoast.com\/wordpress\/plugins\/seo\/ -->\n<title>Offrez une for\u00eat\u00a0: la carte cadeau pour pr\u00e9server les for\u00eats anciennes<\/title>\n<meta name=\"description\" content=\"Vous voulez offrir un cadeau original et pr\u00e9server les for\u00eats? Nous avons la solution parfaite pour vous, lisez pour en savoir plus!\" \/>\n<meta name=\"robots\" content=\"index, follow, max-snippet:-1, max-image-preview:large, max-video-preview:-1\" \/>\n<link rel=\"canonical\" href=\"https:\/\/ecobnb.fr\/blog\/offrez-foret-carte-cadeau\/\" \/>\n<meta property=\"og:locale\" content=\"fr_FR\" \/>\n<meta property=\"og:type\" content=\"article\" \/>\n<meta property=\"og:title\" content=\"Offrez une for\u00eat\u00a0: la carte cadeau pour pr\u00e9server les for\u00eats anciennes\" \/>\n<meta property=\"og:description\" content=\"Vous voulez offrir un cadeau original et pr\u00e9server les for\u00eats? Nous avons la solution parfaite pour vous, lisez pour en savoir plus!\" \/>\n<meta property=\"og:url\" content=\"https:\/\/ecobnb.fr\/blog\/offrez-foret-carte-cadeau\/\" \/>\n<meta property=\"og:site_name\" content=\"Ecobnb\" \/>\n<meta property=\"article:modified_time\" content=\"2022-08-08T13:18:51+00:00\" \/>\n<meta property=\"og:image\" content=\"https:\/\/ecobnb.fr\/blog\/app\/uploads\/sites\/7\/2022\/08\/Offrez-une-foret.webp\" \/>\n\t<meta property=\"og:image:width\" content=\"1170\" \/>\n\t<meta property=\"og:image:height\" content=\"490\" \/>\n\t<meta property=\"og:image:type\" content=\"image\/webp\" \/>\n<meta name=\"twitter:card\" content=\"summary_large_image\" \/>\n<meta name=\"twitter:label1\" content=\"Est. reading time\" \/>\n\t<meta name=\"twitter:data1\" content=\"4 minutes\" \/>\n<!-- \/ Yoast SEO plugin. -->","yoast_head_json":{"title":"Offrez une for\u00eat\u00a0: la carte cadeau pour pr\u00e9server les for\u00eats anciennes","description":"Vous voulez offrir un cadeau original et pr\u00e9server les for\u00eats? Nous avons la solution parfaite pour vous, lisez pour en savoir plus!","robots":{"index":"index","follow":"follow","max-snippet":"max-snippet:-1","max-image-preview":"max-image-preview:large","max-video-preview":"max-video-preview:-1"},"canonical":"https:\/\/ecobnb.fr\/blog\/offrez-foret-carte-cadeau\/","og_locale":"fr_FR","og_type":"article","og_title":"Offrez une for\u00eat\u00a0: la carte cadeau pour pr\u00e9server les for\u00eats anciennes","og_description":"Vous voulez offrir un cadeau original et pr\u00e9server les for\u00eats? Nous avons la solution parfaite pour vous, lisez pour en savoir plus!","og_url":"https:\/\/ecobnb.fr\/blog\/offrez-foret-carte-cadeau\/","og_site_name":"Ecobnb","article_modified_time":"2022-08-08T13:18:51+00:00","og_image":[{"width":1170,"height":490,"url":"https:\/\/ecobnb.fr\/blog\/app\/uploads\/sites\/7\/2022\/08\/Offrez-une-foret.webp","type":"image\/webp"}],"twitter_card":"summary_large_image","twitter_misc":{"Est. reading time":"4 minutes"},"schema":{"@context":"https:\/\/schema.org","@graph":[{"@type":"WebPage","@id":"https:\/\/ecobnb.fr\/blog\/offrez-foret-carte-cadeau\/","url":"https:\/\/ecobnb.fr\/blog\/offrez-foret-carte-cadeau\/","name":"Offrez une for\u00eat\u00a0: la carte cadeau pour pr\u00e9server les for\u00eats anciennes","isPartOf":{"@id":"https:\/\/ecobnb.fr\/blog\/#website"},"datePublished":"2022-08-08T13:15:46+00:00","dateModified":"2022-08-08T13:18:51+00:00","description":"Vous voulez offrir un cadeau original et pr\u00e9server les for\u00eats? Nous avons la solution parfaite pour vous, lisez pour en savoir plus!","breadcrumb":{"@id":"https:\/\/ecobnb.fr\/blog\/offrez-foret-carte-cadeau\/#breadcrumb"},"inLanguage":"fr-FR","potentialAction":[{"@type":"ReadAction","target":["https:\/\/ecobnb.fr\/blog\/offrez-foret-carte-cadeau\/"]}]},{"@type":"BreadcrumbList","@id":"https:\/\/ecobnb.fr\/blog\/offrez-foret-carte-cadeau\/#breadcrumb","itemListElement":[{"@type":"ListItem","position":1,"name":"Home","item":"https:\/\/ecobnb.fr\/blog\/"},{"@type":"ListItem","position":2,"name":"Offrez une for\u00eat\u00a0: la carte cadeau pour pr\u00e9server les for\u00eats anciennes"}]},{"@type":"WebSite","@id":"https:\/\/ecobnb.fr\/blog\/#website","url":"https:\/\/ecobnb.fr\/blog\/","name":"Ecobnb","description":"Find sustainable accommodation","potentialAction":[{"@type":"SearchAction","target":{"@type":"EntryPoint","urlTemplate":"https:\/\/ecobnb.fr\/blog\/?s={search_term_string}"},"query-input":"required name=search_term_string"}],"inLanguage":"fr-FR"}]}},"_links":{"self":[{"href":"https:\/\/ecobnb.fr\/blog\/wp-json\/wp\/v2\/pages\/3475"}],"collection":[{"href":"https:\/\/ecobnb.fr\/blog\/wp-json\/wp\/v2\/pages"}],"about":[{"href":"https:\/\/ecobnb.fr\/blog\/wp-json\/wp\/v2\/types\/page"}],"author":[{"embeddable":true,"href":"https:\/\/ecobnb.fr\/blog\/wp-json\/wp\/v2\/users\/3"}],"replies":[{"embeddable":true,"href":"https:\/\/ecobnb.fr\/blog\/wp-json\/wp\/v2\/comments?post=3475"}],"version-history":[{"count":1,"href":"https:\/\/ecobnb.fr\/blog\/wp-json\/wp\/v2\/pages\/3475\/revisions"}],"predecessor-version":[{"id":3477,"href":"https:\/\/ecobnb.fr\/blog\/wp-json\/wp\/v2\/pages\/3475\/revisions\/3477"}],"wp:featuredmedia":[{"embeddable":true,"href":"https:\/\/ecobnb.fr\/blog\/wp-json\/wp\/v2\/media\/3476"}],"wp:attachment":[{"href":"https:\/\/ecobnb.fr\/blog\/wp-json\/wp\/v2\/media?parent=3475"}],"curies":[{"name":"wp","href":"https:\/\/api.w.org\/{rel}","templated":true}]}}