{"id":507,"date":"2016-04-13T10:11:35","date_gmt":"2016-04-13T10:11:35","guid":{"rendered":"https:\/\/ecobnb.fr\/blog\/?page_id=507"},"modified":"2021-03-03T17:58:23","modified_gmt":"2021-03-03T17:58:23","slug":"media-kit","status":"publish","type":"page","link":"https:\/\/ecobnb.fr\/blog\/media-kit\/","title":{"rendered":"Media Kit: les num\u00e9ros de Ecobnb"},"content":{"rendered":"<h2>Ecobnb: la plus grande communaut\u00e9 d\u00e9di\u00e9e au voyage durable<\/h2>\n<p>Ecobnb est le point de rencontre de\u00a0l&rsquo;h\u00e9bergement responsable et respectueux de l&rsquo;environnement et les\u00a0voyageurs, qui investissent dans un avenir meilleur.\u00a0Le<a href=\"https:\/\/ecobnb.fr\/blog\" target=\"_blank\" rel=\"noopener\"> blog Ecobnb<\/a> est le d\u00e9sir de voyager, d\u2019\u00e9motions et d\u2019aventure. C&rsquo;est la recherche et la d\u00e9termination pour mener \u00e0 bien vos r\u00eaves. C&rsquo;est une inspiration, une suggestion, un amour pour notre merveilleuse <strong>plan\u00e8te<\/strong>. C&rsquo;est le point de rencontre des <strong>voyageurs responsables<\/strong> et des structures d&rsquo;h\u00e9bergement qui investissent dans un avenir meilleur. Poursuivez votre lecture pour d\u00e9couvrir notre histoire, les chiffres d\u2019Ecobnb et notre <strong>m\u00e9dia kit.<\/strong><\/p>\n<h2>Histoire<\/h2>\n<p><img class=\"alignnone wp-image-2012 size-large\" src=\"https:\/\/ecobnb.fr\/blog\/app\/uploads\/sites\/7\/2019\/11\/ecobnb-storia-870x490.jpg\" alt=\"histoire Ecobnb\" width=\"870\" height=\"490\" srcset=\"https:\/\/ecobnb.fr\/blog\/app\/uploads\/sites\/7\/2019\/11\/ecobnb-storia-870x490.jpg 870w, https:\/\/ecobnb.fr\/blog\/app\/uploads\/sites\/7\/2019\/11\/ecobnb-storia-536x302.jpg 536w, https:\/\/ecobnb.fr\/blog\/app\/uploads\/sites\/7\/2019\/11\/ecobnb-storia-768x432.jpg 768w, https:\/\/ecobnb.fr\/blog\/app\/uploads\/sites\/7\/2019\/11\/ecobnb-storia-570x320.jpg 570w, https:\/\/ecobnb.fr\/blog\/app\/uploads\/sites\/7\/2019\/11\/ecobnb-storia-344x194.jpg 344w, https:\/\/ecobnb.fr\/blog\/app\/uploads\/sites\/7\/2019\/11\/ecobnb-storia.jpg 1920w\" sizes=\"(max-width: 870px) 100vw, 870px\" \/><\/p>\n<p>Le blog <strong>ViaggiVerdi<\/strong>\u00a0est n\u00e9 en 2012, de la volont\u00e9 de raconter des r\u00e9cits de voyages respectueux de l&rsquo;environnement, des lieux et des communaut\u00e9s qui y vivent. En 2015,<strong>\u00a0<a href=\"https:\/\/ecobnb.fr\/blog\" target=\"_blank\" rel=\"noopener\">Ecobnb<\/a><\/strong> est n\u00e9e afin de rassembler toutes les exp\u00e9riences de tourisme durable en Europe et dans le monde.<\/p>\n<p>Nous adressons aux <strong>voyageurs int\u00e9ress\u00e9s par le tourisme durable<\/strong> en Europe et dans le monde. Nous parlons d&rsquo;exp\u00e9riences en contact avec la nature, d&rsquo;itin\u00e9raires pour red\u00e9couvrir des contr\u00e9es moins connues d&rsquo;Italie, de lents trajets, \u00e0 pied, \u00e0 v\u00e9lo ou \u00e0 cheval, de vacances pour red\u00e9couvrir les traditions (y compris culinaires) et de vie authentique dans les lieux que nous visitons.<\/p>\n<h2><a href=\"https:\/\/ecobnb.fr\/blog\/ecotourisme-community\/\" target=\"_blank\" rel=\"noopener\">Qui Sommes Nous<\/a><\/h2>\n<p><iframe loading=\"lazy\" src=\"https:\/\/www.youtube.com\/embed\/Au1RewRlWxs\" width=\"870\" height=\"490\" frameborder=\"0\" allowfullscreen=\"allowfullscreen\"><\/iframe><\/p>\n<h2>Le blog Ecobnb:\u00a0Media Kit<\/h2>\n<p>Quelle est la <em>mission<\/em> du blog Ecobnb?<\/p>\n<p>&#8211; Racontez des exp\u00e9riences de voyage pour <strong>d\u00e9couvrir des destinations moins connues<\/strong><\/p>\n<p>&#8211; D\u00e9crire des <strong>itin\u00e9raires lents<\/strong>, \u00e0 pied ou \u00e0 v\u00e9lo, en train ou \u00e0 cheval, ou par tout moyen ayant un faible impact sur l&rsquo;environnement<\/p>\n<p>&#8211; Partager des astuces pratiques pour <strong>r\u00e9duire l&rsquo;impact environnemental de nos voyages<\/strong> et de nos vacances, pour rendre notre mode de vie et nos voyages plus respectueux de la nature<\/p>\n<p>&#8211; Contribuer \u00e0 renforcer les communaut\u00e9s, les petites <strong>entreprises de tourisme responsable<\/strong> et les \u00e9tablissements d\u2019h\u00e9bergement qui investissent dans un avenir meilleur.<\/p>\n<p><img class=\"alignnone wp-image-2010 size-large\" src=\"https:\/\/ecobnb.fr\/blog\/app\/uploads\/sites\/7\/2019\/11\/Media-KIt-Numeros-Ecobnb-fr-870x490.jpg\" alt=\"Media Kit &amp; Num\u00e9ros de Ecobnb\" width=\"870\" height=\"490\" srcset=\"https:\/\/ecobnb.fr\/blog\/app\/uploads\/sites\/7\/2019\/11\/Media-KIt-Numeros-Ecobnb-fr-870x490.jpg 870w, https:\/\/ecobnb.fr\/blog\/app\/uploads\/sites\/7\/2019\/11\/Media-KIt-Numeros-Ecobnb-fr-536x302.jpg 536w, https:\/\/ecobnb.fr\/blog\/app\/uploads\/sites\/7\/2019\/11\/Media-KIt-Numeros-Ecobnb-fr-768x432.jpg 768w, https:\/\/ecobnb.fr\/blog\/app\/uploads\/sites\/7\/2019\/11\/Media-KIt-Numeros-Ecobnb-fr-570x320.jpg 570w, https:\/\/ecobnb.fr\/blog\/app\/uploads\/sites\/7\/2019\/11\/Media-KIt-Numeros-Ecobnb-fr-344x194.jpg 344w, https:\/\/ecobnb.fr\/blog\/app\/uploads\/sites\/7\/2019\/11\/Media-KIt-Numeros-Ecobnb-fr.jpg 1920w\" sizes=\"(max-width: 870px) 100vw, 870px\" \/><\/p>\n<h2>Dossier de presse: les num\u00e9ros de Ecobnb\u00a0\u00e0 mars 2021<\/h2>\n<ul>\n<li><strong>Pages vues<\/strong>: 740.000+\u00a0par mois, (8+ millions par an)<\/li>\n<li><strong>Utilisateurs<\/strong>: 229.000+\u00a0par mois, (2,75+ millions par an)<\/li>\n<li><b>Dur\u00e9e moyenne de la session<\/b>: 2,68 min<\/li>\n<li><strong>% nouveaux\u00a0sessions<\/strong>: 87%<\/li>\n<li><strong>Public:<\/strong> 62% Italie, 13% \u00c9tats-Unis, 4% Royaume-Uni, 5% Espagne, 4% Allemagne, 1% France<\/li>\n<li><strong>Acquisition:<\/strong> 84% organic, 11% direct, 2% r\u00e9f\u00e9rence, 2% social, 1% email<\/li>\n<\/ul>\n<h2>Socials:<\/h2>\n<ul>\n<li><strong>Twitter<\/strong>\u00a05.000+\u00a0followers<\/li>\n<li><strong>Facebook<\/strong> fan page 25.000+ fans<\/li>\n<li><strong>Pinterest<\/strong> 17 300+ visiteurs uniques par mois<\/li>\n<li><strong>Instagram<\/strong>\u00a01.600+ followers<\/li>\n<\/ul>\n<h2>Qui parle de nous<\/h2>\n<p><img class=\"alignnone wp-image-2014 size-large\" src=\"https:\/\/ecobnb.fr\/blog\/app\/uploads\/sites\/7\/2019\/11\/ECOBNB-rassegna-stampa-870x490.jpg\" alt=\"Qui parle de Ecobnb\" width=\"870\" height=\"490\" srcset=\"https:\/\/ecobnb.fr\/blog\/app\/uploads\/sites\/7\/2019\/11\/ECOBNB-rassegna-stampa-870x490.jpg 870w, https:\/\/ecobnb.fr\/blog\/app\/uploads\/sites\/7\/2019\/11\/ECOBNB-rassegna-stampa-536x302.jpg 536w, https:\/\/ecobnb.fr\/blog\/app\/uploads\/sites\/7\/2019\/11\/ECOBNB-rassegna-stampa-768x432.jpg 768w, https:\/\/ecobnb.fr\/blog\/app\/uploads\/sites\/7\/2019\/11\/ECOBNB-rassegna-stampa-570x320.jpg 570w, https:\/\/ecobnb.fr\/blog\/app\/uploads\/sites\/7\/2019\/11\/ECOBNB-rassegna-stampa-344x194.jpg 344w, https:\/\/ecobnb.fr\/blog\/app\/uploads\/sites\/7\/2019\/11\/ECOBNB-rassegna-stampa.jpg 1920w\" sizes=\"(max-width: 870px) 100vw, 870px\" \/><\/p>\n<p><a href=\"http:\/\/corriereinnovazione.corriere.it\/2015\/08\/06\/biologico-pannelli-eco-detergenti-nasce-italia-l-airbnb-ecologisti-49c9d6dc-3c7f-11e5-923b-31d1f7def042.shtml\" target=\"_blank\" rel=\"noopener\"><strong>Correre Innovazione,\u00a0<strong>\u00ab<\/strong>Ecobnb Dormire Ecologico<strong>\u00bb<\/strong><\/strong><\/a><\/p>\n<p><a href=\"https:\/\/ecobnb.it\/blog\/2015\/02\/il-sole-24-ore-viaggi-natura\/\" target=\"_blank\" rel=\"noopener\"><strong>Il Sole 24 Ore,\u00a0\u00abLa casa sull&rsquo;albero si prenota online\u00bb<\/strong><\/a><\/p>\n<p><a href=\"https:\/\/ecobnb.it\/blog\/2013\/07\/viaggia-green-cosmopolitan-parla-di-viaggiverdi\/\" target=\"_blank\" rel=\"noopener\"><strong>Cosmopolitan<\/strong>, \u00abViaggia Green\u00bb<\/a><\/p>\n<p><a href=\"http:\/\/www.casa24.ilsole24ore.com\/art\/mercato-immobiliare\/2015-02-27\/ecobnbcom-portale-alloggi-vacanza-110007.php?uuid=AbNovfJL\" target=\"_blank\" rel=\"noopener\"><strong>Il Sole 24 Ore<\/strong>,\u00a0\u00abEcobnb.com, il portale degli alloggi vacanza sostenibili. Certificati dagli utenti\u00bb<\/a><\/p>\n<p><a href=\"https:\/\/ecobnb.it\/blog\/2013\/09\/ora-la-vacanza-e-ecofriendly\/\" target=\"_blank\" rel=\"noopener\"><strong>Donna Moderna<\/strong>, \u00abOra la vacanza \u00e8 Eco Friendly\u00bb<\/a><\/p>\n<p>L\u2019Espresso, \u00abEcoturismo e Internet\u00bb<\/p>\n<p><a href=\"https:\/\/ecobnb.it\/blog\/2014\/03\/io-dormo-eco\/\" target=\"_blank\" rel=\"noopener\"><strong>L\u2019Espresso<\/strong>, \u00abIo dormo eco\u00bb<\/a><\/p>\n<p><a href=\"https:\/\/ecobnb.it\/blog\/2014\/01\/viaggiverdi-tecnologia-vacanza\/\" target=\"_blank\" rel=\"noopener\"><strong>BuoneNotizie.it<\/strong>, \u00abViaggiVerdi: la tecnologia al servizio del turismo sostenibile\u00bb<\/a><\/p>\n<p><strong>LaStampa.it<\/strong>, \u00abViaggiVerdi, un modo virtuoso di fare turismo\u00bb<\/p>\n<p><a href=\"https:\/\/ecobnb.it\/blog\/2013\/09\/business-a-km-zero-viaggiverdi-su-millionaire\/\" target=\"_blank\" rel=\"noopener\"><strong>Millionaire<\/strong>, \u00abBusiness a km0. Organizzo Viaggi Verdi\u00bb<\/a><\/p>\n<p><strong>Piu Turismo<\/strong>, \u00abNuovi modi di viaggiare. Concetto di vacanza democratica, intelligiente ed ecosostenibile\u00bb<\/p>\n<p><strong>Plein Air<\/strong>, \u00abEmilia Romagna fa rima con rispettare.\u00bb<\/p>\n<p><a href=\"https:\/\/ecobnb.it\/blog\/2013\/07\/viaggiare-in-armonia-con-la-natura-larticolo-di-agora-news\/\" target=\"_blank\" rel=\"noopener\"><strong>Agora News<\/strong>, \u00abViaggiare in Armonia con la Natura\u00bb<\/a><\/p>\n<p><a href=\"https:\/\/ecobnb.it\/blog\/2014\/03\/dove-whatsapp-vai-il-corriere-della-sera-nel-magazine-style-parla-di-viaggiverdi\/\" target=\"_blank\" rel=\"noopener\"><strong>Style magazine<\/strong> (Corriere della Sera), \u00abDove WhatsApp vai?\u00bb<\/a><\/p>\n<p><a href=\"https:\/\/ecobnb.it\/blog\/2014\/06\/turismo-benessere-eco-repubblica\/\" target=\"_blank\" rel=\"noopener\"><strong>Repubblica.it<\/strong> \u00abDalla casetta sull\u2019albero alle ecospiagge, turismo e benessere sono eco-friendly\u00bb<\/a><\/p>\n<p><a href=\"https:\/\/ecobnb.it\/blog\/2014\/07\/hotel-in-paglia-vacanze-sostenibili-viversaniebelli-viaggiverdi\/\" target=\"_blank\" rel=\"noopener\"><strong>Viver Sani e Belli<\/strong>, \u00abL\u2019hotel in paglia per un bassissimo impatto\u00bb<\/a><\/p>\n<p><a href=\"https:\/\/ecobnb.it\/blog\/2014\/07\/puglia-paradisi-sole-mare-vacanze\/\" target=\"_blank\" rel=\"noopener\"><strong>F magazine,<\/strong> \u00abItalia meravigliosa. Qui ti stendi al sole e sogni\u00bb<\/a><\/p>\n<p><a href=\"http:\/\/viaggi.ilmessaggero.it\/italia\/piedi_mountain_bike_itinerari_italia-1578601.html\" target=\"_blank\" rel=\"noopener\"><strong>Il Messaggero<\/strong>,\u00a0\u00abA piedi o in mountain bike: gli itinerari pi\u00f9 panoramici d&rsquo;Italia\u00bb<\/a><\/p>\n<p><a href=\"https:\/\/ecobnb.it\/blog\/2019\/02\/rivista-dove\/\" target=\"_blank\" rel=\"noopener\"><strong>Dove<\/strong>,\u00a0\u00abRisvegli di Primavera. Idee di Benessere per il weekend all\u2019aperto\u00bb<\/a><\/p>\n<p><a href=\"https:\/\/ecobnb.it\/blog\/2019\/01\/io-e-il-mio-bambino\/\" target=\"_blank\" rel=\"noopener\"><strong>Io e il mio Bambino<\/strong>, \u00abLe stanze dei sogni\u00bb<\/a><\/p>\n<h4>&#8230;..\u00a0<a href=\"https:\/\/ecobnb.it\/blog\/category\/stampa\/\" target=\"_blank\" rel=\"noopener\">Voir toute la revue de presse Ecobnb<\/a><\/h4>\n","protected":false},"excerpt":{"rendered":"<p>Ecobnb: la plus grande communaut\u00e9 d\u00e9di\u00e9e au voyage durable Ecobnb est le point de rencontre de\u00a0l&rsquo;h\u00e9bergement responsable et respectueux de l&rsquo;environnement et les\u00a0voyageurs, qui investissent dans un avenir meilleur.\u00a0Le blog Ecobnb est le d\u00e9sir de voyager, d\u2019\u00e9motions et d\u2019aventure. C&rsquo;est la recherche et la d\u00e9termination pour mener \u00e0 bien vos r\u00eaves. C&rsquo;est une inspiration, une [&hellip;]<\/p>\n","protected":false},"author":3,"featured_media":2013,"parent":0,"menu_order":0,"comment_status":"closed","ping_status":"open","template":"","meta":[],"acf":[],"yoast_head":"<!-- This site is optimized with the Yoast SEO plugin v19.9 - https:\/\/yoast.com\/wordpress\/plugins\/seo\/ -->\n<title>Media Kit &amp; Num\u00e9ros de Ecobnb - la Communaut\u00e9 du Tourisme Durable<\/title>\n<meta name=\"description\" content=\"Ecobnb est le point de rencontre des voyageurs et des h\u00e9bergements \u00e9cologiques. D\u00e9couvrez notre kit m\u00e9dia et nos num\u00e9ros.\" \/>\n<meta name=\"robots\" content=\"index, follow, max-snippet:-1, max-image-preview:large, max-video-preview:-1\" \/>\n<link rel=\"canonical\" href=\"https:\/\/ecobnb.fr\/blog\/media-kit\/\" \/>\n<meta property=\"og:locale\" content=\"fr_FR\" \/>\n<meta property=\"og:type\" content=\"article\" \/>\n<meta property=\"og:title\" content=\"Media Kit &amp; Num\u00e9ros de Ecobnb - la Communaut\u00e9 du Tourisme Durable\" \/>\n<meta property=\"og:description\" content=\"Ecobnb est le point de rencontre des voyageurs et des h\u00e9bergements \u00e9cologiques. D\u00e9couvrez notre kit m\u00e9dia et nos num\u00e9ros.\" \/>\n<meta property=\"og:url\" content=\"https:\/\/ecobnb.fr\/blog\/media-kit\/\" \/>\n<meta property=\"og:site_name\" content=\"Ecobnb\" \/>\n<meta property=\"article:modified_time\" content=\"2021-03-03T17:58:23+00:00\" \/>\n<meta property=\"og:image\" content=\"https:\/\/ecobnb.fr\/blog\/app\/uploads\/sites\/7\/2019\/11\/ecobnb-community-media-kit.jpg\" \/>\n\t<meta property=\"og:image:width\" content=\"1170\" \/>\n\t<meta property=\"og:image:height\" content=\"490\" \/>\n\t<meta property=\"og:image:type\" content=\"image\/jpeg\" \/>\n<meta name=\"twitter:card\" content=\"summary_large_image\" \/>\n<meta name=\"twitter:label1\" content=\"Est. reading time\" \/>\n\t<meta name=\"twitter:data1\" content=\"3 minutes\" \/>\n<!-- \/ Yoast SEO plugin. -->","yoast_head_json":{"title":"Media Kit & Num\u00e9ros de Ecobnb - la Communaut\u00e9 du Tourisme Durable","description":"Ecobnb est le point de rencontre des voyageurs et des h\u00e9bergements \u00e9cologiques. D\u00e9couvrez notre kit m\u00e9dia et nos num\u00e9ros.","robots":{"index":"index","follow":"follow","max-snippet":"max-snippet:-1","max-image-preview":"max-image-preview:large","max-video-preview":"max-video-preview:-1"},"canonical":"https:\/\/ecobnb.fr\/blog\/media-kit\/","og_locale":"fr_FR","og_type":"article","og_title":"Media Kit & Num\u00e9ros de Ecobnb - la Communaut\u00e9 du Tourisme Durable","og_description":"Ecobnb est le point de rencontre des voyageurs et des h\u00e9bergements \u00e9cologiques. D\u00e9couvrez notre kit m\u00e9dia et nos num\u00e9ros.","og_url":"https:\/\/ecobnb.fr\/blog\/media-kit\/","og_site_name":"Ecobnb","article_modified_time":"2021-03-03T17:58:23+00:00","og_image":[{"width":1170,"height":490,"url":"https:\/\/ecobnb.fr\/blog\/app\/uploads\/sites\/7\/2019\/11\/ecobnb-community-media-kit.jpg","type":"image\/jpeg"}],"twitter_card":"summary_large_image","twitter_misc":{"Est. reading time":"3 minutes"},"schema":{"@context":"https:\/\/schema.org","@graph":[{"@type":"WebPage","@id":"https:\/\/ecobnb.fr\/blog\/media-kit\/","url":"https:\/\/ecobnb.fr\/blog\/media-kit\/","name":"Media Kit & Num\u00e9ros de Ecobnb - la Communaut\u00e9 du Tourisme Durable","isPartOf":{"@id":"https:\/\/ecobnb.fr\/blog\/#website"},"datePublished":"2016-04-13T10:11:35+00:00","dateModified":"2021-03-03T17:58:23+00:00","description":"Ecobnb est le point de rencontre des voyageurs et des h\u00e9bergements \u00e9cologiques. D\u00e9couvrez notre kit m\u00e9dia et nos num\u00e9ros.","breadcrumb":{"@id":"https:\/\/ecobnb.fr\/blog\/media-kit\/#breadcrumb"},"inLanguage":"fr-FR","potentialAction":[{"@type":"ReadAction","target":["https:\/\/ecobnb.fr\/blog\/media-kit\/"]}]},{"@type":"BreadcrumbList","@id":"https:\/\/ecobnb.fr\/blog\/media-kit\/#breadcrumb","itemListElement":[{"@type":"ListItem","position":1,"name":"Home","item":"https:\/\/ecobnb.fr\/blog\/"},{"@type":"ListItem","position":2,"name":"Media Kit: les num\u00e9ros de Ecobnb"}]},{"@type":"WebSite","@id":"https:\/\/ecobnb.fr\/blog\/#website","url":"https:\/\/ecobnb.fr\/blog\/","name":"Ecobnb","description":"Find sustainable accommodation","potentialAction":[{"@type":"SearchAction","target":{"@type":"EntryPoint","urlTemplate":"https:\/\/ecobnb.fr\/blog\/?s={search_term_string}"},"query-input":"required name=search_term_string"}],"inLanguage":"fr-FR"}]}},"_links":{"self":[{"href":"https:\/\/ecobnb.fr\/blog\/wp-json\/wp\/v2\/pages\/507"}],"collection":[{"href":"https:\/\/ecobnb.fr\/blog\/wp-json\/wp\/v2\/pages"}],"about":[{"href":"https:\/\/ecobnb.fr\/blog\/wp-json\/wp\/v2\/types\/page"}],"author":[{"embeddable":true,"href":"https:\/\/ecobnb.fr\/blog\/wp-json\/wp\/v2\/users\/3"}],"replies":[{"embeddable":true,"href":"https:\/\/ecobnb.fr\/blog\/wp-json\/wp\/v2\/comments?post=507"}],"version-history":[{"count":15,"href":"https:\/\/ecobnb.fr\/blog\/wp-json\/wp\/v2\/pages\/507\/revisions"}],"predecessor-version":[{"id":2532,"href":"https:\/\/ecobnb.fr\/blog\/wp-json\/wp\/v2\/pages\/507\/revisions\/2532"}],"wp:featuredmedia":[{"embeddable":true,"href":"https:\/\/ecobnb.fr\/blog\/wp-json\/wp\/v2\/media\/2013"}],"wp:attachment":[{"href":"https:\/\/ecobnb.fr\/blog\/wp-json\/wp\/v2\/media?parent=507"}],"curies":[{"name":"wp","href":"https:\/\/api.w.org\/{rel}","templated":true}]}}