{"id":512,"date":"2016-04-13T15:10:25","date_gmt":"2016-04-13T15:10:25","guid":{"rendered":"https:\/\/ecobnb.fr\/blog\/?page_id=512"},"modified":"2020-06-28T08:13:34","modified_gmt":"2020-06-28T08:13:34","slug":"bienvenue","status":"publish","type":"page","link":"https:\/\/ecobnb.fr\/blog\/bienvenue\/","title":{"rendered":"Bienvenue sur Ecobnb"},"content":{"rendered":"<p>Bienvenue chez Ecobnb! Voici quelques informations utiles pour \u00e9diter votre page sur Ecobnb, ins\u00e9rer des offres sp\u00e9ciales, am\u00e9liorer votre visibilit\u00e9 et bien plus encore.<\/p>\n<h2>a. Comment changer votre page ?<\/h2>\n<p>Vous pouvez modifier vos informations en vous connectant de fa\u00e7on ind\u00e9pendante, ou en allant \u00e0 : https:\/\/ecobnb.it\/login<br \/>\net en ins\u00e9rant\u00a0vos identifiants (e-mail et mot de passe).<\/p>\n<p>Une fois connect\u00e9, dans le coin sup\u00e9rieur droit de la page, vous pouvez trouver le menu d\u00e9roulant pour votre hospitalit\u00e9, en cliquant sur &laquo;&nbsp;Modifier&nbsp;&raquo; (ou &laquo;&nbsp;Change&nbsp;&raquo; si vous \u00eates en anglais), vous pouvez modifier les d\u00e9tails de votre h\u00e9bergement.<\/p>\n<p><img class=\"alignnone size-full wp-image-2221\" src=\"https:\/\/ecobnb.fr\/blog\/app\/uploads\/sites\/7\/2020\/06\/Screenshot-from-2020-06-28-09-07-42-1-e1593331949162.png\" alt=\"Comment changer votre page\" width=\"870\" height=\"344\" \/><\/p>\n<p><img class=\"alignnone size-full wp-image-2220\" src=\"https:\/\/ecobnb.fr\/blog\/app\/uploads\/sites\/7\/2020\/06\/Screenshot-from-2020-06-28-09-07-42-e1593331897943.png\" alt=\"Comment changer votre page\" width=\"450\" height=\"283\" srcset=\"https:\/\/ecobnb.fr\/blog\/app\/uploads\/sites\/7\/2020\/06\/Screenshot-from-2020-06-28-09-07-42-e1593331897943.png 450w, https:\/\/ecobnb.fr\/blog\/app\/uploads\/sites\/7\/2020\/06\/Screenshot-from-2020-06-28-09-07-42-e1593331897943-344x216.png 344w\" sizes=\"(max-width: 450px) 100vw, 450px\" \/><\/p>\n<p>Une fois activ\u00e9, le mode \u2018Edit\u2019 ouvre la page d\u2019\u00e9dition. Sur la gauche de la page, vous trouverez le menu principal pour modifier vos informations :<\/p>\n<ul>\n<li><strong>Informations g\u00e9n\u00e9rales\u00a0<\/strong>: vous pouvez modifier ici les informations g\u00e9n\u00e9rales (nom de l&rsquo;h\u00e9bergement, contacts, teaser, etc.). Veuillez NE PAS changer le nom de l&rsquo;h\u00e9bergement et le type si ce n&rsquo;est pas vraiment n\u00e9cessaire.<\/li>\n<li><strong>Lieu\u00a0<\/strong>: ici vous pouvez changer la position de votre logement sur la carte ou mettre \u00e0 jour l&rsquo;adresse. Vous ne devez pas modifier le champ \u00ab Province ou district \u00bb s&rsquo;il n&rsquo;est pas vraiment n\u00e9cessaire.<\/li>\n<li><strong>Propri\u00e9t\u00e9s\u00a0<\/strong>: ici, vous pouvez d\u00e9finir les p\u00e9riodes de fermeture de l&rsquo;h\u00e9bergement et sp\u00e9cifier les conditions de paiement et d&rsquo;annulation. De plus, dans cette section, vous pouvez mettre \u00e0 jour les services g\u00e9n\u00e9raux de votre hospitalit\u00e9.<\/li>\n<li><strong>Espaces de location\u00a0<\/strong>: ici vous pouvez lister les chambres, appartements ou autres espaces que les voyageurs peuvent r\u00e9server, en mettant \u00e0 jour les prix, les descriptions et les services de chaque espace. Dans cette section, vous devez ins\u00e9rer au moins 1 image pour chaque espace et sp\u00e9cifier le nombre et le type de lits.<\/li>\n<li><strong>Calendrier\u00a0<\/strong>: vous choisissez ici si vous souhaitez utiliser un calendrier ou non pour g\u00e9rer votre disponibilit\u00e9.\n<ul>\n<li><strong>Si vous s\u00e9lectionnez \u00aboui\u00bb\u00a0<\/strong>: vous pouvez synchroniser votre channel manager ou votre calendrier google et la r\u00e9servation se fait en 2 \u00e9tapes:\n<ul>\n<li>1. le voyageur envoie la demande de r\u00e9servation<\/li>\n<li>2. l&rsquo;h\u00e9bergement confirme la r\u00e9servation<\/li>\n<\/ul>\n<\/li>\n<li><strong>Si vous s\u00e9lectionnez \u00abnon\u00bb\u00a0<\/strong>: le voyageur ne peut pas voir votre disponibilit\u00e9 et la r\u00e9servation se fait en 3 \u00e9tapes:\n<ul>\n<li>1. le voyageur envoie la demande de disponibilit\u00e9<\/li>\n<li>2. le logement donne la disponibilit\u00e9 et indique le prix total<\/li>\n<li>3. le voyageur confirme la r\u00e9servation.<\/li>\n<\/ul>\n<\/li>\n<\/ul>\n<\/li>\n<li><strong>Images\u00a0<\/strong>: Ici vous pouvez t\u00e9l\u00e9charger les photos de votre logement (au moins 5).<\/li>\n<li><strong>Description longue\u00a0<\/strong>: Vous pouvez saisir ici la description d\u00e9taill\u00e9e de votre \u00e9co-hospitalit\u00e9.<\/li>\n<li><strong>Informations de facturation\u00a0<\/strong>: saisissez ici vos informations de facturation.<\/li>\n<li><strong>Aper\u00e7u\u00a0<\/strong>: Ici, vous pouvez voir votre page telle qu&rsquo;elle est visible sur le site Web d&rsquo;Ecobnb.<\/li>\n<\/ul>\n<p><img class=\"alignnone size-large wp-image-2175\" src=\"https:\/\/ecobnb.fr\/blog\/app\/uploads\/sites\/7\/2020\/06\/Ecobnb-menu-870x392.png\" alt=\"Ecobnb-menu\" width=\"870\" height=\"392\" srcset=\"https:\/\/ecobnb.fr\/blog\/app\/uploads\/sites\/7\/2020\/06\/Ecobnb-menu.png 870w, https:\/\/ecobnb.fr\/blog\/app\/uploads\/sites\/7\/2020\/06\/Ecobnb-menu-536x242.png 536w, https:\/\/ecobnb.fr\/blog\/app\/uploads\/sites\/7\/2020\/06\/Ecobnb-menu-768x346.png 768w, https:\/\/ecobnb.fr\/blog\/app\/uploads\/sites\/7\/2020\/06\/Ecobnb-menu-344x155.png 344w\" sizes=\"(max-width: 870px) 100vw, 870px\" \/><\/p>\n<h2>b. Comment am\u00e9liorer votre page ?<\/h2>\n<h3>1. images d&rsquo;insertion possible :<\/h3>\n<p>Ajoutez toutes celles qui vous voulez et vous mettez \u00e0 jour souvent. Affichez les d\u00e9tails de la chambre, mais aussi les espaces ext\u00e9rieurs, les petits d\u00e9jeuners, les choses \u00e0 faire et \u00e0 voir dans les environs de votre emplacement<\/p>\n<h3>2. Soyez clair sur les prix :<\/h3>\n<p>Les prix doivent \u00eatre\u00a0aussi pr\u00e9cis que possible ; ils peuvent\u00a0varier selon les saisons et selon\u00a0les types de chambres<\/p>\n<h3>3. Ajoutez des d\u00e9tails \u00e0 la\u00a0description longue:<\/h3>\n<p>Ajoutez plus de d\u00e9tails que vous pouvez. Par exemple :\u00a0Qu\u2019est-ce que\u00a0peut faire l&rsquo;h\u00f4te dans\u00a0les\u00a0environs ? Comment vous pouvez atteindre l&rsquo;h\u00e9bergement\u00a0(m\u00eame par les transports publics ?) Qu\u2019est-ce\u00a0que\u00a0l\u2019h\u00f4te\u00a0peut trouver\u00a0au petit d\u00e9jeuner? Comment aviez-vous id\u00e9e de l\u2019hospitalit\u00e9 ? Etc.<\/p>\n<h2>c. Comment promouvoir votre logement\u00a0\u00e9colo\u00a0?<\/h2>\n<p>Faites remarquer aux\u00a0invit\u00e9s votre attention pour l\u2019environnement.<\/p>\n<p>Ci-dessous, vous pouvez t\u00e9l\u00e9charger des images et des\u00a0logos Ecobnb que vous pouvez\u00a0utiliser aussi sur votre site !<\/p>\n\n\t\t<style type=\"text\/css\">\n\t\t\t#gallery-1 {\n\t\t\t\tmargin: auto;\n\t\t\t}\n\t\t\t#gallery-1 .gallery-item {\n\t\t\t\tfloat: left;\n\t\t\t\tmargin-top: 10px;\n\t\t\t\ttext-align: center;\n\t\t\t\twidth: 50%;\n\t\t\t}\n\t\t\t#gallery-1 img {\n\t\t\t\tborder: 2px solid #cfcfcf;\n\t\t\t}\n\t\t\t#gallery-1 .gallery-caption {\n\t\t\t\tmargin-left: 0;\n\t\t\t}\n\t\t\t\/* see gallery_shortcode() in wp-includes\/media.php *\/\n\t\t<\/style>\n\t\t<div id='gallery-1' class='gallery galleryid-512 gallery-columns-2 gallery-size-medium'><dl class='gallery-item'>\n\t\t\t<dt class='gallery-icon landscape'>\n\t\t\t\t<a href='https:\/\/ecobnb.fr\/blog\/bienvenue\/ecobnb-2\/#main'><img width=\"300\" height=\"300\" src=\"https:\/\/ecobnb.fr\/blog\/app\/uploads\/sites\/7\/2020\/06\/Ecobnb.png\" class=\"attachment-medium size-medium\" alt=\"Ecobnb\" \/><\/a>\n\t\t\t<\/dt><\/dl><dl class='gallery-item'>\n\t\t\t<dt class='gallery-icon landscape'>\n\t\t\t\t<a href='https:\/\/ecobnb.fr\/blog\/bienvenue\/ecobnb-nature\/#main'><img width=\"536\" height=\"536\" src=\"https:\/\/ecobnb.fr\/blog\/app\/uploads\/sites\/7\/2020\/06\/Ecobnb-Nature-536x536.jpg\" class=\"attachment-medium size-medium\" alt=\"Ecobnb\" srcset=\"https:\/\/ecobnb.fr\/blog\/app\/uploads\/sites\/7\/2020\/06\/Ecobnb-Nature-536x536.jpg 536w, https:\/\/ecobnb.fr\/blog\/app\/uploads\/sites\/7\/2020\/06\/Ecobnb-Nature-768x768.jpg 768w, https:\/\/ecobnb.fr\/blog\/app\/uploads\/sites\/7\/2020\/06\/Ecobnb-Nature-344x344.jpg 344w, https:\/\/ecobnb.fr\/blog\/app\/uploads\/sites\/7\/2020\/06\/Ecobnb-Nature.jpg 2000w\" sizes=\"(max-width: 536px) 100vw, 536px\" \/><\/a>\n\t\t\t<\/dt><\/dl><br style=\"clear: both\" \/>\n\t\t<\/div>\n\n<p><strong><a href=\"https:\/\/ecobnb.com\/blog\/badges\/\" target=\"_blank\" rel=\"noopener\">Ici vous pouvez t\u00e9l\u00e9charger<\/a><\/strong>\u00a0quelques logos Ecobnb que vous pouvez utiliser sur votre site.<\/p>\n<p>Si vous \u00eates une \u00e9co-excellence vous pouvez le communiquer \u00e0 vos contacts en ins\u00e9rant l&rsquo;un de nos badges sur votre site :<\/p>\n<ul>\n<li><a href=\"https:\/\/ecobnb.com\/blog\/badges\/\" target=\"_blank\" rel=\"noopener\">Le badge Ecobnb<\/a><\/li>\n<li><a href=\"https:\/\/ecobnb.com\/blog\/eco-eccellence\/\" target=\"_blank\" rel=\"noopener\">Le badge exclusif pour les membres enregistr\u00e9s avec l&rsquo;adh\u00e9sion PRO<\/a><\/li>\n<li><a href=\"https:\/\/ecobnb.com\/blog\/exclusive-badges-eco-heroes\/\" target=\"_blank\" rel=\"noopener\">Le badge exclusif pour les super-h\u00e9ros de l&rsquo;hospitalit\u00e9 verte<\/a><\/li>\n<\/ul>\n<p>Si vous souhaitez recevoir un prix \u00e0 afficher dans votre emplacement, il suffit de communiquer l\u2019adresse o\u00f9 nous pouvons l\u2019envoyer, en\u00a0<b><a href=\"https:\/\/translate.google.it\/translate?hl=en&amp;sl=it&amp;tl=fr&amp;u=https%3A%2F%2Fdocs.google.com%2Fforms%2Fd%2F124zVQDjMRfgEfG4ojQOAK_QKBw00eH3nhyK-JNGhCyo%2Fviewform%3Fc%3D0%26w%3D1&amp;sandbox=1\" target=\"_blank\" rel=\"noopener\">remplissant ce formulaire.<\/a><\/b><\/p>\n<h2>d. Comment publier une offre sp\u00e9ciale pour libre ?<\/h2>\n<p>Pour r\u00e9pondre aux nombreuses demandes de nos voyageurs, nous avons cr\u00e9\u00e9 la section <strong><a href=\"https:\/\/ecobnb.fr\/offers\/\" target=\"_blank\" rel=\"noopener\">Offres sp\u00e9ciales<\/a><\/strong>, dans laquelle vous trouverez toutes les offres sp\u00e9ciales d&rsquo;hospitalit\u00e9 durable (r\u00e9ductions, promotions, ap\u00e9ritifs gratuits, etc.), mais aussi les initiatives et les activit\u00e9s des\u00a0h\u00e9bergements (cours, visites, randonn\u00e9es, r\u00e9unions, cuisine, etc.).<\/p>\n<p>Chaque semaine, nous publions sur la page d&rsquo;accueil\u00a0<a href=\"https:\/\/ecobnb.fr\/\" target=\"_blank\" rel=\"noopener\">Ecobnb<\/a>\u00a0les offres les plus attrayantes et nous promouvons\u00a0la page d&rsquo;accueil sur les social network. Cela vous donne encore plus de visibilit\u00e9 !<\/p>\n<p>Voulez-vous savoir comment faire en pratique ? Voyez\u00a0la vid\u00e9o :<br \/>\n<iframe loading=\"lazy\" src=\"https:\/\/www.youtube.com\/embed\/IUMACFSZm0c\" width=\"853\" height=\"480\" frameborder=\"0\" allowfullscreen=\"allowfullscreen\"><\/iframe><\/p>\n<h4>Comment modifier une offre sp\u00e9ciale ?<\/h4>\n<p>Pour <strong>modifier une offre sp\u00e9ciale<\/strong> que vous avez cr\u00e9\u00e9e, on doit :<\/p>\n<ul>\n<li>Se\u00a0<a href=\"https:\/\/ecobnb.fr\/login\" target=\"_blank\" rel=\"noopener\"><strong>connecter \u00e0 Ecobnb<\/strong><\/a>,<\/li>\n<li>Ouvrir la page d&rsquo;offre,<\/li>\n<li>Cliquer sur le bouton &laquo;&nbsp;<strong>Modifier<\/strong>&nbsp;&raquo; situ\u00e9 dans le coin sup\u00e9rieur droit de la page.<\/li>\n<\/ul>\n<p>Lorsque le <strong>bouton est vert<\/strong>, vous pouvez modifier l&rsquo;offre.<\/p>\n<p><img class=\"alignnone size-full wp-image-1921\" src=\"https:\/\/ecobnb.fr\/blog\/app\/uploads\/sites\/7\/2016\/04\/offer.png\" alt=\"Modifier une offre sp\u00e9ciale\" width=\"1202\" height=\"708\" srcset=\"https:\/\/ecobnb.fr\/blog\/app\/uploads\/sites\/7\/2016\/04\/offer.png 1202w, https:\/\/ecobnb.fr\/blog\/app\/uploads\/sites\/7\/2016\/04\/offer-536x316.png 536w, https:\/\/ecobnb.fr\/blog\/app\/uploads\/sites\/7\/2016\/04\/offer-344x203.png 344w\" sizes=\"(max-width: 1202px) 100vw, 1202px\" \/><\/p>\n<h2>e. Commentaire signaleur un itin\u00e9rarie vert ?<\/h2>\n<p>Est-ce\u00a0qu&rsquo;il\u00a0y a un parcours dans la nature pr\u00e8s de votre entreprise (exemple : aller \u00e0 pied, en\u00a0v\u00e9lo, etc.)?<\/p>\n<p>Vous pouvez nous le signaler en remplissant <strong><a href=\"https:\/\/translate.google.it\/translate?sl=it&amp;tl=fr&amp;js=y&amp;prev=_t&amp;hl=en&amp;ie=UTF-8&amp;u=https%3A%2F%2Fdocs.google.com%2Fforms%2Fd%2F1XLt5HM2hmPWpFDz5EbEiM0xTwXblTmixn6jFeJQSSW4%2Fviewform%3Fc%3D0%26w%3D1&amp;edit-text=\" target=\"_blank\" rel=\"noopener\">ce formulaire en ligne<\/a><\/strong>!<\/p>\n<p>Nous publierons l&rsquo;itin\u00e9raire sur notre site, afin de le faire conna\u00eetre aux voyageurs.<\/p>\n<p><img class=\"alignnone wp-image-519 size-full\" src=\"https:\/\/ecobnb.fr\/blog\/app\/uploads\/sites\/7\/2016\/04\/cammini-870x490.jpg\" alt=\"Green Trail\" width=\"870\" height=\"490\" srcset=\"https:\/\/ecobnb.fr\/blog\/app\/uploads\/sites\/7\/2016\/04\/cammini-870x490.jpg 870w, https:\/\/ecobnb.fr\/blog\/app\/uploads\/sites\/7\/2016\/04\/cammini-870x490-536x302.jpg 536w, https:\/\/ecobnb.fr\/blog\/app\/uploads\/sites\/7\/2016\/04\/cammini-870x490-570x320.jpg 570w, https:\/\/ecobnb.fr\/blog\/app\/uploads\/sites\/7\/2016\/04\/cammini-870x490-344x194.jpg 344w\" sizes=\"(max-width: 870px) 100vw, 870px\" \/><\/p>\n<h2>f. Comment h\u00e9berger de mani\u00e8re verte, propre et s\u00fbre ?<\/h2>\n<p>Pour faire face \u00e0 l&rsquo;urgence mondiale du coronavirus, nous avons demand\u00e9 aux \u00e9tablissements d&rsquo;h\u00e9bergement de suivre ces directives pour un <a href=\"https:\/\/ecobnb.fr\/blog\/sejour-en-securite-vert\/\" target=\"_blank\" rel=\"noopener\"><strong>s\u00e9jour \u00abvert, propre et s\u00fbr\u00bb<\/strong><\/a>.<\/p>\n<h2>g. Comment connecter Ecobnb aux Channel Managers ?<\/h2>\n<p>Utilisez-vous un syst\u00e8me de gestionnaire de canaux ou un calendrier Google pour g\u00e9rer la disponibilit\u00e9 de vos chambres ? <a href=\"https:\/\/ecobnb.fr\/blog\/mettre-a-jour-tarifs-disponibilite\/\" target=\"_blank\" rel=\"noopener\"><strong>Vous pouvez le synchroniser avec Ecobnb, en suivant les instructions sur cette page<\/strong><\/a>. De cette fa\u00e7on, le calendrier de disponibilit\u00e9 sur Ecobnb sera toujours mis \u00e0 jour et vous pourrez recevoir des r\u00e9servations plus facilement.<\/p>\n<div class=\"embed-container\">\n<blockquote class=\"wp-embedded-content\" data-secret=\"lXYNW4XMwj\"><p><a href=\"https:\/\/ecobnb.fr\/blog\/mettre-a-jour-tarifs-disponibilite\/\">Comment Mettre \u00e0 Jour Les Tarifs et La Disponibilit\u00e9 de Vos Espaces sur Ecobnb<\/a><\/p><\/blockquote>\n<p><iframe class=\"wp-embedded-content\" sandbox=\"allow-scripts\" security=\"restricted\" style=\"position: absolute; clip: rect(1px, 1px, 1px, 1px);\" src=\"https:\/\/ecobnb.fr\/blog\/mettre-a-jour-tarifs-disponibilite\/embed\/#?secret=lXYNW4XMwj\" data-secret=\"lXYNW4XMwj\" width=\"600\" height=\"338\" title=\"&#8220;Comment Mettre \u00e0 Jour Les Tarifs et La Disponibilit\u00e9 de Vos Espaces sur Ecobnb&#8221; &#8212; Ecobnb\" frameborder=\"0\" marginwidth=\"0\" marginheight=\"0\" scrolling=\"no\"><\/iframe><\/div>\n<h2>h. Comment puis-je avoir plus d&rsquo;informations sur l&rsquo;h\u00e9bergement avec Ecobnb ?<\/h2>\n<p>Sur ce lien, vous pouvez lire les <a href=\"https:\/\/ecobnb.fr\/blog\/accueillir-avec-ecobnb\/\" target=\"_blank\" rel=\"noopener\">r\u00e9ponses aux questions les plus fr\u00e9quentes<\/a> de ceux qui souhaitent h\u00e9berger avec Ecobnb.<br \/>\nVous trouverez ici plus d&rsquo;informations sur Ecobnb.com et notre <strong><a href=\"https:\/\/ecobnb.fr\/blog\/media-kit\/\" target=\"_blank\" rel=\"noopener\">m\u00e9dia kit<\/a><\/strong>.<\/p>\n<h4><a href=\"https:\/\/ecobnb.fr\/blog\/accueillir-avec-ecobnb\/\" target=\"_blank\" rel=\"noopener\">Questions &amp; r\u00e9ponses pour ceux qui accueillent avec Ecobnb<\/a><\/h4>\n","protected":false},"excerpt":{"rendered":"<p>Bienvenue chez Ecobnb! Voici quelques informations utiles pour \u00e9diter votre page sur Ecobnb, ins\u00e9rer des offres sp\u00e9ciales, am\u00e9liorer votre visibilit\u00e9 et bien plus encore. a. Comment changer votre page ? Vous pouvez modifier vos informations en vous connectant de fa\u00e7on ind\u00e9pendante, ou en allant \u00e0 : https:\/\/ecobnb.it\/login et en ins\u00e9rant\u00a0vos identifiants (e-mail et mot de [&hellip;]<\/p>\n","protected":false},"author":45,"featured_media":520,"parent":0,"menu_order":0,"comment_status":"closed","ping_status":"open","template":"","meta":[],"acf":[],"yoast_head":"<!-- This site is optimized with the Yoast SEO plugin v19.9 - https:\/\/yoast.com\/wordpress\/plugins\/seo\/ -->\n<title>Bienvenue sur Ecobnb - Ecobnb<\/title>\n<meta name=\"description\" content=\"Bienvenue sur Ecobnb, un p\u00e9riple entrepris dans le but de faire prosp\u00e9rer un r\u00e9seau encourageant un type de tourisme respectueux de la nature.\" \/>\n<meta name=\"robots\" content=\"index, follow, max-snippet:-1, max-image-preview:large, max-video-preview:-1\" \/>\n<link rel=\"canonical\" href=\"https:\/\/ecobnb.fr\/blog\/bienvenue\/\" \/>\n<meta property=\"og:locale\" content=\"fr_FR\" \/>\n<meta property=\"og:type\" content=\"article\" \/>\n<meta property=\"og:title\" content=\"Bienvenue sur Ecobnb - Ecobnb\" \/>\n<meta property=\"og:description\" content=\"Bienvenue sur Ecobnb, un p\u00e9riple entrepris dans le but de faire prosp\u00e9rer un r\u00e9seau encourageant un type de tourisme respectueux de la nature.\" \/>\n<meta property=\"og:url\" content=\"https:\/\/ecobnb.fr\/blog\/bienvenue\/\" \/>\n<meta property=\"og:site_name\" content=\"Ecobnb\" \/>\n<meta property=\"article:modified_time\" content=\"2020-06-28T08:13:34+00:00\" \/>\n<meta property=\"og:image\" content=\"https:\/\/ecobnb.fr\/blog\/app\/uploads\/sites\/7\/2016\/04\/Benvenuto-Ecobnb-1170x490.jpg\" \/>\n\t<meta property=\"og:image:width\" content=\"1170\" \/>\n\t<meta property=\"og:image:height\" content=\"490\" \/>\n\t<meta property=\"og:image:type\" content=\"image\/jpeg\" \/>\n<meta name=\"twitter:card\" content=\"summary_large_image\" \/>\n<meta name=\"twitter:label1\" content=\"Est. reading time\" \/>\n\t<meta name=\"twitter:data1\" content=\"5 minutes\" \/>\n<!-- \/ Yoast SEO plugin. -->","yoast_head_json":{"title":"Bienvenue sur Ecobnb - Ecobnb","description":"Bienvenue sur Ecobnb, un p\u00e9riple entrepris dans le but de faire prosp\u00e9rer un r\u00e9seau encourageant un type de tourisme respectueux de la nature.","robots":{"index":"index","follow":"follow","max-snippet":"max-snippet:-1","max-image-preview":"max-image-preview:large","max-video-preview":"max-video-preview:-1"},"canonical":"https:\/\/ecobnb.fr\/blog\/bienvenue\/","og_locale":"fr_FR","og_type":"article","og_title":"Bienvenue sur Ecobnb - Ecobnb","og_description":"Bienvenue sur Ecobnb, un p\u00e9riple entrepris dans le but de faire prosp\u00e9rer un r\u00e9seau encourageant un type de tourisme respectueux de la nature.","og_url":"https:\/\/ecobnb.fr\/blog\/bienvenue\/","og_site_name":"Ecobnb","article_modified_time":"2020-06-28T08:13:34+00:00","og_image":[{"width":1170,"height":490,"url":"https:\/\/ecobnb.fr\/blog\/app\/uploads\/sites\/7\/2016\/04\/Benvenuto-Ecobnb-1170x490.jpg","type":"image\/jpeg"}],"twitter_card":"summary_large_image","twitter_misc":{"Est. reading time":"5 minutes"},"schema":{"@context":"https:\/\/schema.org","@graph":[{"@type":"WebPage","@id":"https:\/\/ecobnb.fr\/blog\/bienvenue\/","url":"https:\/\/ecobnb.fr\/blog\/bienvenue\/","name":"Bienvenue sur Ecobnb - Ecobnb","isPartOf":{"@id":"https:\/\/ecobnb.fr\/blog\/#website"},"datePublished":"2016-04-13T15:10:25+00:00","dateModified":"2020-06-28T08:13:34+00:00","description":"Bienvenue sur Ecobnb, un p\u00e9riple entrepris dans le but de faire prosp\u00e9rer un r\u00e9seau encourageant un type de tourisme respectueux de la nature.","breadcrumb":{"@id":"https:\/\/ecobnb.fr\/blog\/bienvenue\/#breadcrumb"},"inLanguage":"fr-FR","potentialAction":[{"@type":"ReadAction","target":["https:\/\/ecobnb.fr\/blog\/bienvenue\/"]}]},{"@type":"BreadcrumbList","@id":"https:\/\/ecobnb.fr\/blog\/bienvenue\/#breadcrumb","itemListElement":[{"@type":"ListItem","position":1,"name":"Home","item":"https:\/\/ecobnb.fr\/blog\/"},{"@type":"ListItem","position":2,"name":"Bienvenue sur Ecobnb"}]},{"@type":"WebSite","@id":"https:\/\/ecobnb.fr\/blog\/#website","url":"https:\/\/ecobnb.fr\/blog\/","name":"Ecobnb","description":"Find sustainable accommodation","potentialAction":[{"@type":"SearchAction","target":{"@type":"EntryPoint","urlTemplate":"https:\/\/ecobnb.fr\/blog\/?s={search_term_string}"},"query-input":"required name=search_term_string"}],"inLanguage":"fr-FR"}]}},"_links":{"self":[{"href":"https:\/\/ecobnb.fr\/blog\/wp-json\/wp\/v2\/pages\/512"}],"collection":[{"href":"https:\/\/ecobnb.fr\/blog\/wp-json\/wp\/v2\/pages"}],"about":[{"href":"https:\/\/ecobnb.fr\/blog\/wp-json\/wp\/v2\/types\/page"}],"author":[{"embeddable":true,"href":"https:\/\/ecobnb.fr\/blog\/wp-json\/wp\/v2\/users\/45"}],"replies":[{"embeddable":true,"href":"https:\/\/ecobnb.fr\/blog\/wp-json\/wp\/v2\/comments?post=512"}],"version-history":[{"count":22,"href":"https:\/\/ecobnb.fr\/blog\/wp-json\/wp\/v2\/pages\/512\/revisions"}],"predecessor-version":[{"id":2223,"href":"https:\/\/ecobnb.fr\/blog\/wp-json\/wp\/v2\/pages\/512\/revisions\/2223"}],"wp:featuredmedia":[{"embeddable":true,"href":"https:\/\/ecobnb.fr\/blog\/wp-json\/wp\/v2\/media\/520"}],"wp:attachment":[{"href":"https:\/\/ecobnb.fr\/blog\/wp-json\/wp\/v2\/media?parent=512"}],"curies":[{"name":"wp","href":"https:\/\/api.w.org\/{rel}","templated":true}]}}