{"id":526,"date":"2016-04-14T08:14:32","date_gmt":"2016-04-14T08:14:32","guid":{"rendered":"https:\/\/ecobnb.fr\/blog\/?page_id=526"},"modified":"2024-10-26T12:47:48","modified_gmt":"2024-10-26T12:47:48","slug":"inserez-votre-place","status":"publish","type":"page","link":"https:\/\/ecobnb.fr\/blog\/inserez-votre-place\/","title":{"rendered":"Ins\u00e9rets votre place"},"content":{"rendered":"<h2 class=\"span12\" style=\"margin-left: 0!important;\">Des millions de voyageurs sont \u00e0 la recherche d&rsquo;h\u00e9bergement\u00e9co-durable. Ins\u00e9rez votre place dans Ecobnb, la communaut\u00e9 du tourisme durable.<\/h2>\n<table class=\"table\" style=\"clear: both;\">\n<tbody>\n<tr>\n<td style=\"vertical-align: middle;\">\n<h2 style=\"margin-top: 40px;\">Qu&rsquo;est-ce que Ecobnb?<\/h2>\n<p>Ecobnb est une plate-forme qui permet aux voyageurs de trouver et r\u00e9server en ligne tous les types d&rsquo;h\u00e9bergement <strong>respectueux de l&rsquo;environnement<\/strong>.<\/p>\n<ul>\n<li>Int\u00e9gr\u00e9 avec les m\u00e9dias sociaux,<\/li>\n<li>Adaptable aux smartphones et tablettes,<\/li>\n<li>Traduit en\u00a05 langues<\/li>\n<li>Avec examens cibl\u00e9s sur l&rsquo;\u00e9cologie<\/li>\n<\/ul>\n<p style=\"text-align: left; color: #006ecc;\" align=\"center\"><a class=\"btn btn-primary btn-large btn-block btn-success\" style=\"width: 400px; height: 45px;\" title=\"Registra la tua struttura ricettiva eco-sostenibile su ViaggiVerdi\" href=\"https:\/\/ecobnb.fr\/register\/membership\" target=\"_blank\" rel=\"noopener\"><strong>Ins\u00e9rez votre place dans Ecobnb!<\/strong><\/a><\/p>\n<\/td>\n<td style=\"padding-left: 11px; vertical-align: middle; text-align: center;\"><a href=\"https:\/\/ecobnb.it\/blog\/app\/uploads\/sites\/2\/2013\/05\/Suite-Neve_3.jpg\"><img class=\"alignnone wp-image-1574\" title=\"entra nella rete italiana delle strutture ricettive sostenibili\" src=\"https:\/\/ecobnb.fr\/blog\/app\/uploads\/sites\/2\/2013\/05\/BB-Il-Richiamo-del-Bosco-361.jpg\" alt=\"entra nella rete italiana delle strutture ricettive sostenibili\" width=\"442\" height=\"291\" \/><\/a><\/td>\n<\/tr>\n<tr>\n<td valign=\"top\"><iframe loading=\"lazy\" src=\"https:\/\/www.youtube.com\/embed\/Vy2TwQw2fCo?cc_load_policy=1&amp;hl=fr\" width=\"442\" height=\"291\" frameborder=\"0\" allowfullscreen=\"allowfullscreen\"><\/iframe><\/td>\n<td style=\"padding-left: 11px; vertical-align: middle;\">\n<h2>Pourquoi enregistrer mon logement?<\/h2>\n<ul>\n<li><strong>d&rsquo;accro\u00eetre la visibilit\u00e9<\/strong> et d&rsquo;entrer en contact avec des millions de voyageurs int\u00e9ress\u00e9s par le tourisme responsable<\/li>\n<li>de <strong>promouvoir la qualit\u00e9 \u00e9cologique<\/strong> et les caract\u00e9ristiques \u00e9cologiques de votre hospitalit\u00e9<\/li>\n<li>pour <strong>\u00e9conomiser de l&rsquo;argent<\/strong> en profitant des affrontements exclusifs de nos partenaires et \u00e0 devenir plus vert!<\/li>\n<\/ul>\n<\/td>\n<\/tr>\n<tr>\n<td valign=\"top\">\n<h2>Quelles sont les exigences de l&rsquo;environnement ai-je besoin?<\/h2>\n<p>Pour entrer dans le r\u00e9seau Ecobnb votre hospitalit\u00e9 doit avoir au moins 5 des <strong><a href=\"https:\/\/ecobnb.fr\/blog\/faq\" target=\"_blank\" rel=\"noopener\">10 exigences environnementales<\/a><\/strong> suivantes internationalement reconnues::<\/p>\n<ul>\n<li>Aliments Biologiques<\/li>\n<li>Architecture Verte<\/li>\n<li>\u00c9lectricit\u00e9 \u00e0 partir de sources renouvelables 100%<\/li>\n<li>Capteurs solaires pour l\u2019eau chaude<\/li>\n<li>Produits de nettoyage \u00e9cologiques<\/li>\n<li>Collecte s\u00e9par\u00e9e plus de 80%<\/li>\n<li>Accessible sans voiture<\/li>\n<li>Ampoules faible consommation<\/li>\n<li>R\u00e9ducteurs de d\u00e9bit d\u2019eau<\/li>\n<li>R\u00e9cup\u00e9ration et r\u00e9utilisation des eaux pluviales<\/li>\n<\/ul>\n<\/td>\n<td style=\"padding-left: 11px; vertical-align: middle;\"><a href=\"https:\/\/ecobnb.it\/blog\/app\/uploads\/sites\/2\/2013\/05\/foto-le-pinete-1_88097.png\"><img class=\"alignnone wp-image-1576\" title=\"entra nella rete italiana delle strutture ricettive sostenibili\" src=\"https:\/\/ecobnb.fr\/blog\/app\/uploads\/sites\/2\/2013\/05\/ho-taller-n-gallery-04.png\" alt=\"entra nella rete italiana delle strutture ricettive sostenibili\" width=\"442\" height=\"291\" \/><\/a><\/td>\n<\/tr>\n<tr>\n<td valign=\"top\"><iframe loading=\"lazy\" src=\"https:\/\/www.youtube.com\/embed\/Au1RewRlWxs?cc_load_policy=1&amp;hl=fr\" width=\"441\" height=\"291\" frameborder=\"0\" allowfullscreen=\"allowfullscreen\"><\/iframe><\/td>\n<td style=\"padding-left: 11px;\" valign=\"top\">\n<h2>Pourquoi rejoindre la communaut\u00e9 de Ecobnb?<\/h2>\n<ul>\n<li>Pour \u00eatre pr\u00e9sent sur tous <strong>les canaux Ecobnb<\/strong>: la plate-forme, la soci\u00e9t\u00e9 N\u00e9dia et les grands \u00e9v\u00e9nements et salons d\u00e9di\u00e9s \u00e0 l&rsquo;\u00e9cotourism.<\/li>\n<li>Pour avoir acc\u00e8s \u00e0 tous nos <strong><a href=\"https:\/\/ecobnb.fr\/blog\/partenaires\/\" target=\"_blank\" rel=\"noopener\">partenaires europ\u00e9ens<\/a>.<\/strong><\/li>\n<li>Pour <strong>am\u00e9liorer le monde<\/strong> en partageant notre d\u00e9fi de changer la fa\u00e7on dont nous voyageons<\/li>\n<\/ul>\n<p><strong><a class=\"btn btn-primary btn-large btn-block btn-success\" style=\"width: 400px; height: 45px;\" title=\"Registra la tua struttura ricettiva eco-sostenibile su ViaggiVerdi\" href=\"https:\/\/ecobnb.it\/register\/membership\" target=\"_blank\" rel=\"noopener\"><strong>Ens\u00e9rez votre place dans Ecobnb<\/strong><\/a><\/strong><\/td>\n<\/tr>\n<\/tbody>\n<\/table>\n<h2>Comme on le voit sur:<\/h2>\n<p><a href=\"https:\/\/ecobnb.it\/blog\/category\/stampa\/\"><img class=\"alignnone size-full wp-image-6059\" src=\"https:\/\/ecobnb.fr\/blog\/app\/uploads\/sites\/7\/2024\/10\/rassegna-stampa-ecobnb.png\" alt=\"press ecobnb\" width=\"836\" height=\"338\" srcset=\"https:\/\/ecobnb.fr\/blog\/app\/uploads\/sites\/7\/2024\/10\/rassegna-stampa-ecobnb.png 836w, https:\/\/ecobnb.fr\/blog\/app\/uploads\/sites\/7\/2024\/10\/rassegna-stampa-ecobnb-536x217.png 536w, https:\/\/ecobnb.fr\/blog\/app\/uploads\/sites\/7\/2024\/10\/rassegna-stampa-ecobnb-768x311.png 768w, https:\/\/ecobnb.fr\/blog\/app\/uploads\/sites\/7\/2024\/10\/rassegna-stampa-ecobnb-344x139.png 344w\" sizes=\"(max-width: 836px) 100vw, 836px\" \/><\/a><\/p>\n<div class=\"ads_container_top\" style=\"margin-left: 80px;\"><img class=\"alignnone size-small\" style=\"margin-right: 50px;\" src=\"https:\/\/ecobnb.fr\/blog\/app\/uploads\/sites\/2\/2016\/02\/logo_colored.jpg.png\" alt=\"Radio_105\" \/> <a href=\"http:\/\/www.cosmopolitan.it\/for-you\/Viaggia-green\" target=\"_blank\" rel=\"noopener\"><img src=\"https:\/\/ecobnb.fr\/blog\/app\/uploads\/sites\/2\/2013\/05\/cosmopolitan_bg_logoBW.gif\" alt=\"cosmopolitan_bg_logoBW\" width=\"175\" height=\"34\" \/><\/a>\u00a0 \u00a0 \u00a0 \u00a0 \u00a0 \u00a0 \u00a0 \u00a0 \u00a0 \u00a0 \u00a0 \u00a0 \u00a0 \u00a0 \u00a0 \u00a0 \u00a0 \u00a0 \u00a0<a href=\"https:\/\/ecobnb.it\/blog\/2013\/09\/ora-la-vacanza-e-ecofriendly\/\" target=\"_blank\" rel=\"noopener\"><img src=\"https:\/\/ecobnb.fr\/blog\/app\/uploads\/sites\/2\/2013\/05\/donna_moderna_logo-bw.jpg\" alt=\"donna_moderna_logo bw\" width=\"136\" height=\"70\" \/><\/a>\u00a0 \u00a0 \u00a0 \u00a0 \u00a0 \u00a0 \u00a0 \u00a0 \u00a0 \u00a0 \u00a0 \u00a0 \u00a0 \u00a0 \u00a0 \u00a0 \u00a0 \u00a0<a href=\"https:\/\/ecobnb.it\/blog\/2013\/09\/business-a-km-zero-viaggiverdi-su-millionaire\/\" target=\"_blank\" rel=\"noopener\"><img src=\"https:\/\/ecobnb.fr\/blog\/app\/uploads\/sites\/2\/2013\/05\/millionaire-bw.jpg\" alt=\"millionaire bw\" width=\"126\" height=\"43\" \/><\/a><\/div>\n<h4><a href=\"https:\/\/ecobnb.fr\/blog\/faq-questions-frequentes\/\" target=\"_blank\" rel=\"noopener\">FAQ: r\u00e9ponses aux questions les plus fr\u00e9quentes<\/a><\/h4>\n","protected":false},"excerpt":{"rendered":"<p>Des millions de voyageurs sont \u00e0 la recherche d&rsquo;h\u00e9bergement\u00e9co-durable. Ins\u00e9rez votre place dans Ecobnb, la communaut\u00e9 du tourisme durable. Qu&rsquo;est-ce que Ecobnb? Ecobnb est une plate-forme qui permet aux voyageurs de trouver et r\u00e9server en ligne tous les types d&rsquo;h\u00e9bergement respectueux de l&rsquo;environnement. Int\u00e9gr\u00e9 avec les m\u00e9dias sociaux, Adaptable aux smartphones et tablettes, Traduit en\u00a05 [&hellip;]<\/p>\n","protected":false},"author":3,"featured_media":6056,"parent":0,"menu_order":0,"comment_status":"closed","ping_status":"open","template":"","meta":[],"acf":[],"yoast_head":"<!-- This site is optimized with the Yoast SEO plugin v19.9 - https:\/\/yoast.com\/wordpress\/plugins\/seo\/ -->\n<title>Ins\u00e9rets votre place - Ecobnb<\/title>\n<meta name=\"description\" content=\"S&#039;il vous pla\u00eet ins\u00e9rez votre place dans Ecobnb et les ramener par des millions de voyageurs int\u00e9ress\u00e9s par le tourisme durable!\" \/>\n<meta name=\"robots\" content=\"index, follow, max-snippet:-1, max-image-preview:large, max-video-preview:-1\" \/>\n<link rel=\"canonical\" href=\"https:\/\/ecobnb.fr\/blog\/inserez-votre-place\/\" \/>\n<meta property=\"og:locale\" content=\"fr_FR\" \/>\n<meta property=\"og:type\" content=\"article\" \/>\n<meta property=\"og:title\" content=\"Ins\u00e9rets votre place - Ecobnb\" \/>\n<meta property=\"og:description\" content=\"S&#039;il vous pla\u00eet ins\u00e9rez votre place dans Ecobnb et les ramener par des millions de voyageurs int\u00e9ress\u00e9s par le tourisme durable!\" \/>\n<meta property=\"og:url\" content=\"https:\/\/ecobnb.fr\/blog\/inserez-votre-place\/\" \/>\n<meta property=\"og:site_name\" content=\"Ecobnb\" \/>\n<meta property=\"article:modified_time\" content=\"2024-10-26T12:47:48+00:00\" \/>\n<meta property=\"og:image\" content=\"https:\/\/ecobnb.fr\/blog\/app\/uploads\/sites\/7\/2024\/10\/sustainable-tourism-community.jpg\" \/>\n\t<meta property=\"og:image:width\" content=\"1170\" \/>\n\t<meta property=\"og:image:height\" content=\"490\" \/>\n\t<meta property=\"og:image:type\" content=\"image\/jpeg\" \/>\n<meta name=\"twitter:card\" content=\"summary_large_image\" \/>\n<meta name=\"twitter:label1\" content=\"Est. reading time\" \/>\n\t<meta name=\"twitter:data1\" content=\"3 minutes\" \/>\n<!-- \/ Yoast SEO plugin. -->","yoast_head_json":{"title":"Ins\u00e9rets votre place - Ecobnb","description":"S'il vous pla\u00eet ins\u00e9rez votre place dans Ecobnb et les ramener par des millions de voyageurs int\u00e9ress\u00e9s par le tourisme durable!","robots":{"index":"index","follow":"follow","max-snippet":"max-snippet:-1","max-image-preview":"max-image-preview:large","max-video-preview":"max-video-preview:-1"},"canonical":"https:\/\/ecobnb.fr\/blog\/inserez-votre-place\/","og_locale":"fr_FR","og_type":"article","og_title":"Ins\u00e9rets votre place - Ecobnb","og_description":"S'il vous pla\u00eet ins\u00e9rez votre place dans Ecobnb et les ramener par des millions de voyageurs int\u00e9ress\u00e9s par le tourisme durable!","og_url":"https:\/\/ecobnb.fr\/blog\/inserez-votre-place\/","og_site_name":"Ecobnb","article_modified_time":"2024-10-26T12:47:48+00:00","og_image":[{"width":1170,"height":490,"url":"https:\/\/ecobnb.fr\/blog\/app\/uploads\/sites\/7\/2024\/10\/sustainable-tourism-community.jpg","type":"image\/jpeg"}],"twitter_card":"summary_large_image","twitter_misc":{"Est. reading time":"3 minutes"},"schema":{"@context":"https:\/\/schema.org","@graph":[{"@type":"WebPage","@id":"https:\/\/ecobnb.fr\/blog\/inserez-votre-place\/","url":"https:\/\/ecobnb.fr\/blog\/inserez-votre-place\/","name":"Ins\u00e9rets votre place - Ecobnb","isPartOf":{"@id":"https:\/\/ecobnb.fr\/blog\/#website"},"datePublished":"2016-04-14T08:14:32+00:00","dateModified":"2024-10-26T12:47:48+00:00","description":"S'il vous pla\u00eet ins\u00e9rez votre place dans Ecobnb et les ramener par des millions de voyageurs int\u00e9ress\u00e9s par le tourisme durable!","breadcrumb":{"@id":"https:\/\/ecobnb.fr\/blog\/inserez-votre-place\/#breadcrumb"},"inLanguage":"fr-FR","potentialAction":[{"@type":"ReadAction","target":["https:\/\/ecobnb.fr\/blog\/inserez-votre-place\/"]}]},{"@type":"BreadcrumbList","@id":"https:\/\/ecobnb.fr\/blog\/inserez-votre-place\/#breadcrumb","itemListElement":[{"@type":"ListItem","position":1,"name":"Home","item":"https:\/\/ecobnb.fr\/blog\/"},{"@type":"ListItem","position":2,"name":"Ins\u00e9rets votre place"}]},{"@type":"WebSite","@id":"https:\/\/ecobnb.fr\/blog\/#website","url":"https:\/\/ecobnb.fr\/blog\/","name":"Ecobnb","description":"Find sustainable accommodation","potentialAction":[{"@type":"SearchAction","target":{"@type":"EntryPoint","urlTemplate":"https:\/\/ecobnb.fr\/blog\/?s={search_term_string}"},"query-input":"required name=search_term_string"}],"inLanguage":"fr-FR"}]}},"_links":{"self":[{"href":"https:\/\/ecobnb.fr\/blog\/wp-json\/wp\/v2\/pages\/526"}],"collection":[{"href":"https:\/\/ecobnb.fr\/blog\/wp-json\/wp\/v2\/pages"}],"about":[{"href":"https:\/\/ecobnb.fr\/blog\/wp-json\/wp\/v2\/types\/page"}],"author":[{"embeddable":true,"href":"https:\/\/ecobnb.fr\/blog\/wp-json\/wp\/v2\/users\/3"}],"replies":[{"embeddable":true,"href":"https:\/\/ecobnb.fr\/blog\/wp-json\/wp\/v2\/comments?post=526"}],"version-history":[{"count":11,"href":"https:\/\/ecobnb.fr\/blog\/wp-json\/wp\/v2\/pages\/526\/revisions"}],"predecessor-version":[{"id":6060,"href":"https:\/\/ecobnb.fr\/blog\/wp-json\/wp\/v2\/pages\/526\/revisions\/6060"}],"wp:featuredmedia":[{"embeddable":true,"href":"https:\/\/ecobnb.fr\/blog\/wp-json\/wp\/v2\/media\/6056"}],"wp:attachment":[{"href":"https:\/\/ecobnb.fr\/blog\/wp-json\/wp\/v2\/media?parent=526"}],"curies":[{"name":"wp","href":"https:\/\/api.w.org\/{rel}","templated":true}]}}