{"id":6176,"date":"2025-01-07T14:42:20","date_gmt":"2025-01-07T14:42:20","guid":{"rendered":"https:\/\/ecobnb.fr\/blog\/?page_id=6176"},"modified":"2025-01-10T07:58:23","modified_gmt":"2025-01-10T07:58:23","slug":"offrez-un-voyage-eco-durable","status":"publish","type":"page","link":"https:\/\/ecobnb.fr\/blog\/offrez-un-voyage-eco-durable\/","title":{"rendered":"Offrez un voyage \u00e9co-durable !"},"content":{"rendered":"\n<p><strong>Vous cherchez l&rsquo;id\u00e9e parfaite pour un cadeau \u00e9colo ?<\/strong> Pourquoi ne pas offrir un <strong>voyage en harmonie avec la nature<\/strong> ? Avec la <strong><a href=\"https:\/\/ecobnb.fr\/buy-giftcard\" target=\"_blank\" rel=\"noreferrer noopener\">GiftCard d\u2019Ecobnb<\/a><\/strong>, vous pouvez offrir un voyage \u00e9co-durable, un s\u00e9jour ou une <strong>exp\u00e9rience immersive en pleine nature<\/strong>. <\/p>\n\n\n\n<p>Vous pouvez acheter la GiftCard en ligne en quelques \u00e9tapes et recevoir la carte cadeau directement dans votre bo\u00eete mail en quelques minutes.<\/p>\n\n\n\n<p>La personne qui recevra le bon cadeau pourra l&rsquo;utiliser dans un d\u00e9lai d\u2019un an, en choisissant parmi <strong>plus de trois mille h\u00e9bergements \u00e9co-responsables en France et dans le monde entier<\/strong> : magnifiques fermes biologiques, h\u00f4tels diffus dans d\u2019anciens villages, glampings en pleine nature, \u00e9co-h\u00f4tels et chambres d&rsquo;h\u00f4tes z\u00e9ro \u00e9mission. Vous pouvez \u00e9galement ajouter un message personnalis\u00e9 \u00e0 votre bon cadeau.<\/p>\n\n\n\n<p><strong>Qu\u2019offre un s\u00e9jour \u00e9co par rapport \u00e0 un s\u00e9jour traditionnel ?<\/strong><br>De la nourriture biologique ou locale, de l\u2019\u00e9nergie propre, des savons naturels, une mobilit\u00e9 douce, et bien plus encore. En choisissant un h\u00e9bergement \u00e9cologique, vous pouvez \u00e9conomiser jusqu\u2019\u00e0 8 kg de CO2 par personne et par nuit, l\u2019\u00e9quivalent de <a href=\"https:\/\/ecobnb.fr\/blog\/arbres\/\" target=\"_blank\" rel=\"noreferrer noopener\">295 arbres sauv\u00e9s<\/a> !<\/p>\n\n\n\n<p><strong>Qu\u2019attendez-vous ?<\/strong><br>Offrez un voyage \u00e9co-durable \u00e0 ceux que vous aimez en <strong><a href=\"https:\/\/ecobnb.fr\/buy-giftcard\" target=\"_blank\" rel=\"noreferrer noopener\">achetant la GiftCard d\u2019Ecobnb sur cette page !<\/a><\/strong><\/p>\n\n\n\n<h2>Pourquoi offrir un voyage \u00e9colo ?<\/h2>\n\n\n\n<p>Un voyage est toujours un cadeau sp\u00e9cial. En voyageant, nous d\u00e9couvrons de nouveaux mondes et nous nous red\u00e9couvrons nous-m\u00eames. Nous tombons amoureux et nous nous \u00e9merveillons. Nous changeons nos opinions et nos pr\u00e9jug\u00e9s. Voyager donne un sens \u00e0 la vie et nous transforme en explorateurs curieux du monde. Comme le dit Omar Khayyam, &laquo;&nbsp;<em><a href=\"https:\/\/ecobnb.fr\/blog\/citations-voyage\/\" target=\"_blank\" rel=\"noreferrer noopener\">Voyager, c\u2019est vivre deux fois<\/a><\/em>.&nbsp;&raquo;<\/p>\n\n\n\n<p>De plus, en offrant une exp\u00e9rience de voyage \u00e9co-durable, vous envoyez un message fort de respect pour notre plan\u00e8te Terre et offrez la possibilit\u00e9 de d\u00e9couvrir des modes de vie \u00e9cologiques.<\/p>\n\n\n\n<h2>Comment le bon cadeau est-il envoy\u00e9 ?<\/h2>\n\n\n\n<p>Le bon cadeau ou la GiftCard vous sera envoy\u00e9 par email \u00e0 l\u2019adresse que vous aurez indiqu\u00e9e lors de l\u2019achat. Vous recevrez le bon cadeau dans votre bo\u00eete mail quelques minutes apr\u00e8s le paiement.<\/p>\n\n\n\n<h2>Comment fonctionne le bon cadeau ?<\/h2>\n\n\n\n<ol><li><strong><a href=\"https:\/\/ecobnb.fr\/buy-giftcard\" target=\"_blank\" rel=\"noreferrer noopener\">Acc\u00e9dez \u00e0 cette page<\/a><\/strong>, choisissez le montant que vous souhaitez, s\u00e9lectionnez un th\u00e8me (par exemple No\u00ebl ou Anniversaire), r\u00e9digez votre message de v\u0153ux (si vous souhaitez personnaliser le bon), indiquez le nom du b\u00e9n\u00e9ficiaire et proc\u00e9dez \u00e0 l\u2019achat.<\/li><li><strong>Vous recevrez par email le bon cadeau \u00e0 offrir \u00e0 votre proche<\/strong>, accompagn\u00e9 du code et de toutes les informations d\u2019utilisation. Vous pouvez l\u2019imprimer et le pr\u00e9senter de mani\u00e8re originale, comme nous le sugg\u00e9rons ci-dessous, ou l\u2019envoyer au format num\u00e9rique (par exemple par email ou WhatsApp) \u00e0 la personne concern\u00e9e.<\/li><li>Lorsque la personne souhaite utiliser son voyage cadeau, elle peut le faire librement en <strong><a href=\"https:\/\/ecobnb.fr\" target=\"_blank\" rel=\"noreferrer noopener\">visitant cette page<\/a><\/strong> et en choisissant parmi plus de trois mille options de s\u00e9jour \u00e9co-durable en Italie et dans le monde. Elle pourra envoyer des demandes de disponibilit\u00e9 \u00e0 plusieurs h\u00e9bergements en saisissant le code de son bon cadeau, puis choisir son pr\u00e9f\u00e9r\u00e9. Gr\u00e2ce au chat en ligne du site ou par email, l\u2019\u00e9quipe d\u2019Ecobnb est disponible pour offrir des conseils, un soutien \u00e0 la r\u00e9servation, et des suggestions sur des itin\u00e9raires et des destinations incontournables.<\/li><\/ol>\n\n\n\n<h2>Le bon cadeau a-t-il une date d\u2019expiration ?<\/h2>\n\n\n\n<p>Oui, les bons cadeaux sont valables pendant 12 mois \u00e0 compter de la date d\u2019\u00e9mission et peuvent \u00eatre utilis\u00e9s sur Ecobnb avant cette date.<\/p>\n\n\n\n<h2>Pourquoi une exp\u00e9rience de voyage \u00e9co-responsable ?<\/h2>\n\n\n\n<p>Parce que le tourisme est la quatri\u00e8me cause de pollution environnementale. Lorsque nous choisissons nos vacances, il est toujours pr\u00e9f\u00e9rable de le faire de mani\u00e8re responsable. Cela signifie minimiser l\u2019impact environnemental en optant pour des h\u00e9bergements \u00e9co-responsables et des moyens de transport durables, mais aussi se connecter \u00e0 la r\u00e9alit\u00e9 locale, d\u00e9couvrir des destinations moins touristiques, promouvoir l\u2019\u00e9conomie locale et privil\u00e9gier une exp\u00e9rience authentique, comme celle offerte par un h\u00f4tel diffus dans un petit village italien.<\/p>\n\n\n\n<h2>Comment emballer votre cadeau ?<\/h2>\n\n\n\n<p>Une id\u00e9e originale pour cr\u00e9er un emballage unique pour votre cadeau, \u00e0 r\u00e9aliser chez vous en quelques minutes, en utilisant du carton recycl\u00e9 et en laissant libre cours \u00e0 votre imagination avec les mat\u00e9riaux dont vous disposez.<\/p>\n\n\n\n<p><strong>Valise Cadeau :<\/strong> Pour emballer votre voyage cadeau de mani\u00e8re cr\u00e9ative, vous pouvez fabriquer une petite valise cadeau en carton recycl\u00e9.<\/p>\n\n\n\n<figure class=\"wp-container-2 wp-block-gallery-1 wp-block-gallery has-nested-images columns-default is-cropped\">\n<figure class=\"wp-block-image size-large\"><img width=\"270\" height=\"200\" data-id=\"6183\"  src=\"https:\/\/ecobnb.fr\/blog\/app\/uploads\/sites\/7\/2025\/01\/Regalo-1-270x200.jpg.webp\" alt=\"Valise Cadeau : Pour emballer votre voyage cadeau de mani\u00e8re cr\u00e9ative, vous pouvez fabriquer une petite valise cadeau en carton recycl\u00e9.\" class=\"wp-image-6183\"\/><\/figure>\n\n\n\n<figure class=\"wp-block-image size-large\"><img width=\"270\" height=\"200\" data-id=\"6182\"  src=\"https:\/\/ecobnb.fr\/blog\/app\/uploads\/sites\/7\/2025\/01\/ValigettaEcobnb-270x200.png.webp\" alt=\"Valise Cadeau : Pour emballer votre voyage cadeau de mani\u00e8re cr\u00e9ative, vous pouvez fabriquer une petite valise cadeau en carton recycl\u00e9.\" class=\"wp-image-6182\"\/><\/figure>\n\n\n\n<figure class=\"wp-block-image size-large\"><img width=\"270\" height=\"200\" data-id=\"6181\"  src=\"https:\/\/ecobnb.fr\/blog\/app\/uploads\/sites\/7\/2025\/01\/ValigettaEcobnb2-270x200.png.webp\" alt=\"Valise Cadeau : Pour emballer votre voyage cadeau de mani\u00e8re cr\u00e9ative, vous pouvez fabriquer une petite valise cadeau en carton recycl\u00e9.\" class=\"wp-image-6181\"\/><\/figure>\n<\/figure>\n\n\n\n<p><strong>Comment construire votre valise :<\/strong><\/p>\n\n\n\n<ul><li><strong>Ce qu\u2019il vous faut :<\/strong> Carton recycl\u00e9, ciseaux, colle.<\/li><\/ul>\n\n\n\n<ol><li>Imprimez (ou dessinez) sur du carton recycl\u00e9 les deux mod\u00e8les ci-dessous.<\/li><li>D\u00e9coupez les profils en suivant les lignes pleines. Pliez en suivant les lignes pointill\u00e9es.<\/li><li>Collez les coins pour obtenir la partie inf\u00e9rieure et sup\u00e9rieure de la valise.<\/li><li>Ins\u00e9rez le bon cadeau et un petit message \u00e0 l\u2019int\u00e9rieur, puis fermez la valise.<\/li><li>Pour qu\u2019elle ressemble \u00e0 une vraie valise, d\u00e9coupez un morceau de papier et collez-le sur le c\u00f4t\u00e9 \u00e9troit et long de la bo\u00eete, comme une poign\u00e9e.<\/li><li>Enfin, ajoutez un ruban color\u00e9 autour de la valise pour parfaire l\u2019emballage.<\/li><\/ol>\n\n\n\n<figure class=\"wp-block-image size-full\"><img width=\"2560\" height=\"1810\" src=\"https:\/\/ecobnb.fr\/blog\/app\/uploads\/sites\/7\/2025\/01\/ValigettaEcobnb.png-scaled.webp\" alt=\"Valise Cadeau : Pour emballer votre voyage cadeau de mani\u00e8re cr\u00e9ative, vous pouvez fabriquer une petite valise cadeau en carton recycl\u00e9.\" class=\"wp-image-6180\" srcset=\"https:\/\/ecobnb.fr\/blog\/app\/uploads\/sites\/7\/2025\/01\/ValigettaEcobnb.png-scaled.webp 2560w, https:\/\/ecobnb.fr\/blog\/app\/uploads\/sites\/7\/2025\/01\/ValigettaEcobnb.png-536x379.webp 536w, https:\/\/ecobnb.fr\/blog\/app\/uploads\/sites\/7\/2025\/01\/ValigettaEcobnb.png-768x543.webp 768w, https:\/\/ecobnb.fr\/blog\/app\/uploads\/sites\/7\/2025\/01\/ValigettaEcobnb.png-1536x1086.webp 1536w, https:\/\/ecobnb.fr\/blog\/app\/uploads\/sites\/7\/2025\/01\/ValigettaEcobnb.png-2048x1448.webp 2048w, https:\/\/ecobnb.fr\/blog\/app\/uploads\/sites\/7\/2025\/01\/ValigettaEcobnb.png-344x243.webp 344w\" sizes=\"(max-width: 2560px) 100vw, 2560px\" \/><\/figure>\n\n\n\n<figure class=\"wp-block-image size-full\"><img width=\"1810\" height=\"2560\" src=\"https:\/\/ecobnb.fr\/blog\/app\/uploads\/sites\/7\/2025\/01\/ValigettaEcobnb2.png-scaled.webp\" alt=\"Valise Cadeau\" class=\"wp-image-6184\" srcset=\"https:\/\/ecobnb.fr\/blog\/app\/uploads\/sites\/7\/2025\/01\/ValigettaEcobnb2.png-scaled.webp 1810w, https:\/\/ecobnb.fr\/blog\/app\/uploads\/sites\/7\/2025\/01\/ValigettaEcobnb2.png-536x758.webp 536w, https:\/\/ecobnb.fr\/blog\/app\/uploads\/sites\/7\/2025\/01\/ValigettaEcobnb2.png-768x1086.webp 768w, https:\/\/ecobnb.fr\/blog\/app\/uploads\/sites\/7\/2025\/01\/ValigettaEcobnb2.png-1086x1536.webp 1086w, https:\/\/ecobnb.fr\/blog\/app\/uploads\/sites\/7\/2025\/01\/ValigettaEcobnb2.png-1448x2048.webp 1448w, https:\/\/ecobnb.fr\/blog\/app\/uploads\/sites\/7\/2025\/01\/ValigettaEcobnb2.png-344x487.webp 344w\" sizes=\"(max-width: 1810px) 100vw, 1810px\" \/><\/figure>\n\n\n\n<p><em>Photo de couverture : image via Canva<\/em><\/p>\n","protected":false},"excerpt":{"rendered":"<p>Vous cherchez l&rsquo;id\u00e9e parfaite pour un cadeau \u00e9colo ? Pourquoi ne pas offrir un voyage en harmonie avec la nature ? Avec la GiftCard d\u2019Ecobnb, vous pouvez offrir un voyage \u00e9co-durable, un s\u00e9jour ou une exp\u00e9rience immersive en pleine nature. Vous pouvez acheter la GiftCard en ligne en quelques \u00e9tapes et recevoir la carte cadeau [&hellip;]<\/p>\n","protected":false},"author":3,"featured_media":6177,"parent":0,"menu_order":0,"comment_status":"closed","ping_status":"closed","template":"","meta":[],"acf":[],"yoast_head":"<!-- This site is optimized with the Yoast SEO plugin v19.9 - https:\/\/yoast.com\/wordpress\/plugins\/seo\/ -->\n<title>Offrez un voyage \u00e9co-durable ! - Ecobnb<\/title>\n<meta name=\"description\" content=\"Vous voulez faire (ou vous faire) un cadeau et vous n\u2019avez pas encore d\u00e9cid\u00e9 quoi offrir ? Offrez un voyage \u00e9co-durable!\" \/>\n<meta name=\"robots\" content=\"index, follow, max-snippet:-1, max-image-preview:large, max-video-preview:-1\" \/>\n<link rel=\"canonical\" href=\"https:\/\/ecobnb.fr\/blog\/offrez-un-voyage-eco-durable\/\" \/>\n<meta property=\"og:locale\" content=\"fr_FR\" \/>\n<meta property=\"og:type\" content=\"article\" \/>\n<meta property=\"og:title\" content=\"Offrez un voyage \u00e9co-durable ! - Ecobnb\" \/>\n<meta property=\"og:description\" content=\"Vous voulez faire (ou vous faire) un cadeau et vous n\u2019avez pas encore d\u00e9cid\u00e9 quoi offrir ? Offrez un voyage \u00e9co-durable!\" \/>\n<meta property=\"og:url\" content=\"https:\/\/ecobnb.fr\/blog\/offrez-un-voyage-eco-durable\/\" \/>\n<meta property=\"og:site_name\" content=\"Ecobnb\" \/>\n<meta property=\"article:modified_time\" content=\"2025-01-10T07:58:23+00:00\" \/>\n<meta property=\"og:image\" content=\"https:\/\/ecobnb.fr\/blog\/app\/uploads\/sites\/7\/2025\/01\/travel-gift.jpg\" \/>\n\t<meta property=\"og:image:width\" content=\"1170\" \/>\n\t<meta property=\"og:image:height\" content=\"490\" \/>\n\t<meta property=\"og:image:type\" content=\"image\/jpeg\" \/>\n<meta name=\"twitter:card\" content=\"summary_large_image\" \/>\n<meta name=\"twitter:label1\" content=\"Est. reading time\" \/>\n\t<meta name=\"twitter:data1\" content=\"6 minutes\" \/>\n<!-- \/ Yoast SEO plugin. -->","yoast_head_json":{"title":"Offrez un voyage \u00e9co-durable ! - Ecobnb","description":"Vous voulez faire (ou vous faire) un cadeau et vous n\u2019avez pas encore d\u00e9cid\u00e9 quoi offrir ? Offrez un voyage \u00e9co-durable!","robots":{"index":"index","follow":"follow","max-snippet":"max-snippet:-1","max-image-preview":"max-image-preview:large","max-video-preview":"max-video-preview:-1"},"canonical":"https:\/\/ecobnb.fr\/blog\/offrez-un-voyage-eco-durable\/","og_locale":"fr_FR","og_type":"article","og_title":"Offrez un voyage \u00e9co-durable ! - Ecobnb","og_description":"Vous voulez faire (ou vous faire) un cadeau et vous n\u2019avez pas encore d\u00e9cid\u00e9 quoi offrir ? Offrez un voyage \u00e9co-durable!","og_url":"https:\/\/ecobnb.fr\/blog\/offrez-un-voyage-eco-durable\/","og_site_name":"Ecobnb","article_modified_time":"2025-01-10T07:58:23+00:00","og_image":[{"width":1170,"height":490,"url":"https:\/\/ecobnb.fr\/blog\/app\/uploads\/sites\/7\/2025\/01\/travel-gift.jpg","type":"image\/jpeg"}],"twitter_card":"summary_large_image","twitter_misc":{"Est. reading time":"6 minutes"},"schema":{"@context":"https:\/\/schema.org","@graph":[{"@type":"WebPage","@id":"https:\/\/ecobnb.fr\/blog\/offrez-un-voyage-eco-durable\/","url":"https:\/\/ecobnb.fr\/blog\/offrez-un-voyage-eco-durable\/","name":"Offrez un voyage \u00e9co-durable ! - Ecobnb","isPartOf":{"@id":"https:\/\/ecobnb.fr\/blog\/#website"},"datePublished":"2025-01-07T14:42:20+00:00","dateModified":"2025-01-10T07:58:23+00:00","description":"Vous voulez faire (ou vous faire) un cadeau et vous n\u2019avez pas encore d\u00e9cid\u00e9 quoi offrir ? Offrez un voyage \u00e9co-durable!","breadcrumb":{"@id":"https:\/\/ecobnb.fr\/blog\/offrez-un-voyage-eco-durable\/#breadcrumb"},"inLanguage":"fr-FR","potentialAction":[{"@type":"ReadAction","target":["https:\/\/ecobnb.fr\/blog\/offrez-un-voyage-eco-durable\/"]}]},{"@type":"BreadcrumbList","@id":"https:\/\/ecobnb.fr\/blog\/offrez-un-voyage-eco-durable\/#breadcrumb","itemListElement":[{"@type":"ListItem","position":1,"name":"Home","item":"https:\/\/ecobnb.fr\/blog\/"},{"@type":"ListItem","position":2,"name":"Offrez un voyage \u00e9co-durable !"}]},{"@type":"WebSite","@id":"https:\/\/ecobnb.fr\/blog\/#website","url":"https:\/\/ecobnb.fr\/blog\/","name":"Ecobnb","description":"Find sustainable accommodation","potentialAction":[{"@type":"SearchAction","target":{"@type":"EntryPoint","urlTemplate":"https:\/\/ecobnb.fr\/blog\/?s={search_term_string}"},"query-input":"required name=search_term_string"}],"inLanguage":"fr-FR"}]}},"_links":{"self":[{"href":"https:\/\/ecobnb.fr\/blog\/wp-json\/wp\/v2\/pages\/6176"}],"collection":[{"href":"https:\/\/ecobnb.fr\/blog\/wp-json\/wp\/v2\/pages"}],"about":[{"href":"https:\/\/ecobnb.fr\/blog\/wp-json\/wp\/v2\/types\/page"}],"author":[{"embeddable":true,"href":"https:\/\/ecobnb.fr\/blog\/wp-json\/wp\/v2\/users\/3"}],"replies":[{"embeddable":true,"href":"https:\/\/ecobnb.fr\/blog\/wp-json\/wp\/v2\/comments?post=6176"}],"version-history":[{"count":7,"href":"https:\/\/ecobnb.fr\/blog\/wp-json\/wp\/v2\/pages\/6176\/revisions"}],"predecessor-version":[{"id":6196,"href":"https:\/\/ecobnb.fr\/blog\/wp-json\/wp\/v2\/pages\/6176\/revisions\/6196"}],"wp:featuredmedia":[{"embeddable":true,"href":"https:\/\/ecobnb.fr\/blog\/wp-json\/wp\/v2\/media\/6177"}],"wp:attachment":[{"href":"https:\/\/ecobnb.fr\/blog\/wp-json\/wp\/v2\/media?parent=6176"}],"curies":[{"name":"wp","href":"https:\/\/api.w.org\/{rel}","templated":true}]}}