{"id":6574,"date":"2025-04-26T10:54:02","date_gmt":"2025-04-26T10:54:02","guid":{"rendered":"https:\/\/ecobnb.fr\/blog\/?page_id=6574"},"modified":"2025-04-26T10:55:14","modified_gmt":"2025-04-26T10:55:14","slug":"arbres-forets-citations","status":"publish","type":"page","link":"https:\/\/ecobnb.fr\/blog\/arbres-forets-citations\/","title":{"rendered":"Arbres et For\u00eats: les Plus Belles Citations"},"content":{"rendered":"\n<p><em>\u00ab<\/em> <strong>J&rsquo;aime les arbres<\/strong>. Ils sont comme nous, racines en terre et t\u00eate vers le ciel. <em>\u00bb<\/em>&nbsp;Ce sont les mots de l&rsquo;\u00e9crivain Erri de Luca. Comment ne pas \u00eatre d&rsquo;accord avec lui ? R\u00e9fl\u00e9chissez-y : les arbres, qui rendent la vie possible, en sont aussi la m\u00e9taphore parfaite. Le besoin de solidit\u00e9, le d\u00e9sir de libert\u00e9 et de l\u00e9g\u00e8ret\u00e9, la volont\u00e9 de grandir et de se d\u00e9velopper, et l&rsquo;\u00e9lan vers de nouvelles exp\u00e9riences sont l&rsquo;essence m\u00eame de l&rsquo;\u00eatre humain, que le monde v\u00e9g\u00e9tal incarne de fa\u00e7on extraordinaire. C\u2019est peut-\u00eatre pour cette raison que nous avons choisi de <strong>c\u00e9l\u00e9brer les poumons verts de la Terre<\/strong>. Nous le ferons en partageant avec vous les plus belles citations sur les<strong> arbres<\/strong> et les <strong><a href=\"https:\/\/ecobnb.fr\/blog\/offrez-foret-carte-cadeau\/\" target=\"_blank\" rel=\"noreferrer noopener\">for\u00eats<\/a><\/strong>.<\/p>\n\n\n\n<p>D\u00e9couvrez-les dans cet article !<\/p>\n\n\n\n<h2>Citations sur les Arbres et les For\u00eats <\/h2>\n\n\n\n<figure class=\"wp-block-image size-large is-resized\"><img src=\"https:\/\/ecobnb.fr\/blog\/app\/uploads\/sites\/7\/2025\/04\/Citazioni-Foreste-Boschi-Alberi-Fracese-870x490.png\" alt=\"citation arbres Erri de Luca \" class=\"wp-image-6481\" width=\"840\" height=\"473\" srcset=\"https:\/\/ecobnb.fr\/blog\/app\/uploads\/sites\/7\/2025\/04\/Citazioni-Foreste-Boschi-Alberi-Fracese.png 870w, https:\/\/ecobnb.fr\/blog\/app\/uploads\/sites\/7\/2025\/04\/Citazioni-Foreste-Boschi-Alberi-Fracese-536x302.png 536w, https:\/\/ecobnb.fr\/blog\/app\/uploads\/sites\/7\/2025\/04\/Citazioni-Foreste-Boschi-Alberi-Fracese-768x433.png 768w, https:\/\/ecobnb.fr\/blog\/app\/uploads\/sites\/7\/2025\/04\/Citazioni-Foreste-Boschi-Alberi-Fracese-570x320.png 570w, https:\/\/ecobnb.fr\/blog\/app\/uploads\/sites\/7\/2025\/04\/Citazioni-Foreste-Boschi-Alberi-Fracese-344x194.png 344w\" sizes=\"(max-width: 840px) 100vw, 840px\" \/><\/figure>\n\n\n\n<ul><li>Depuis l&rsquo;antiquit\u00e9, l&rsquo;arbre repr\u00e9sente le symbole et l&rsquo;expression de la vie, de l&rsquo;\u00e9quilibre et de la sagesse. (Jean Giono)<\/li><li>Les arbres sont des sanctuaires. Quiconque sait leur parler, quiconque sait les \u00e9couter, peut apprendre la v\u00e9rit\u00e9. Ils ne pr\u00eachent pas enseignements et pr\u00e9ceptes, ils pr\u00eachent, sans s\u2019encombrer de d\u00e9tails, l\u2019ancienne loi de la vie. (Herman Hesse) <\/li><li>Si nous repr\u00e9sentons la connaissance comme un arbre, nous savons que ce qui est s\u00e9par\u00e9 est aussi connect\u00e9. Nous savons qu&rsquo;observer les divisions tout en ignorant les connexions revient \u00e0 d\u00e9truire l&rsquo;arbre. (Wendell Berry, <em>traduction libre<\/em>)<\/li><li>Il y a toujours de la musique parmi les arbres, dans le jardin. Mais nos c\u0153urs doivent \u00eatre tr\u00e8s silencieux pour pouvoir l&rsquo;entendre. (Minnie Aumonier)<\/li><li>Les troncs des arbres sont s\u00e9par\u00e9s, mais les racines s&rsquo;enlacent profond\u00e9ment et les branches en haut s&rsquo;entrem\u00ealent. Ils sont unis au niveau profond et \u00e0 celui le plus \u00e9lev\u00e9. Les hommes devraient \u00eatre comme une immense for\u00eat. (Romano Battaglia, <em>traduction libre<\/em>)<\/li><\/ul>\n\n\n\n<figure class=\"wp-block-image size-large\"><img width=\"870\" height=\"490\" src=\"https:\/\/ecobnb.fr\/blog\/app\/uploads\/sites\/7\/2025\/04\/Citazioni-Foreste-Boschi-Alberi-Fracese-7-870x490.png\" alt=\"hermann hesse citation arbres\" class=\"wp-image-6544\" srcset=\"https:\/\/ecobnb.fr\/blog\/app\/uploads\/sites\/7\/2025\/04\/Citazioni-Foreste-Boschi-Alberi-Fracese-7.png 870w, https:\/\/ecobnb.fr\/blog\/app\/uploads\/sites\/7\/2025\/04\/Citazioni-Foreste-Boschi-Alberi-Fracese-7-536x302.png 536w, https:\/\/ecobnb.fr\/blog\/app\/uploads\/sites\/7\/2025\/04\/Citazioni-Foreste-Boschi-Alberi-Fracese-7-768x433.png 768w, https:\/\/ecobnb.fr\/blog\/app\/uploads\/sites\/7\/2025\/04\/Citazioni-Foreste-Boschi-Alberi-Fracese-7-570x320.png 570w, https:\/\/ecobnb.fr\/blog\/app\/uploads\/sites\/7\/2025\/04\/Citazioni-Foreste-Boschi-Alberi-Fracese-7-344x194.png 344w\" sizes=\"(max-width: 870px) 100vw, 870px\" \/><\/figure>\n\n\n\n<h2>Les Arbres, une Source d&rsquo;Inspiration Extraordinaire <\/h2>\n\n\n\n<ul><li>Celui qui a&nbsp;appris \u00e0 \u00e9couter les arbres&nbsp;ne veut plus \u00eatre un&nbsp;arbre. Il ne veut \u00eatre rien d&rsquo;autre que ce qu&rsquo;il est. (Hermann Hesse)<\/li><li>Voulez-vous savoir o\u00f9 j\u2019ai trouv\u00e9 mon mod\u00e8le? Prenez un arbre \u00e9rig\u00e9, il porte ses branches, celles-ci les rameaux et ceux-ci les feuilles. Et chacune des parties cro\u00eet harmonieusement, magnifiquement. (Antoni Gaud\u00ed)<\/li><li>Soyez comme l&rsquo;arbre, changez vos feuilles, mais jamais vos racines. Vous pouvez changer vos opinions, mais jamais vos principes. (Victor Hugo)<\/li><li>L&rsquo;homme est comme un arbre, et chaque hiver il soul\u00e8ve une source qui apporte de nouvelles feuilles et une nouvelle force<em>.<\/em> (Vasco Pratolini)<\/li><li>Quel cadeau extraordinaire que les arbres, et combien de choses nous pourrions apprendre d&rsquo;eux, si seulement nous savions les regarder, les voir, leur donner l&rsquo;amour et l&rsquo;attention que l&rsquo;on donne \u00e0 ses amis. (Susanna Tamaro)<\/li><\/ul>\n\n\n\n<figure class=\"wp-block-image size-large\"><img width=\"870\" height=\"490\" src=\"https:\/\/ecobnb.fr\/blog\/app\/uploads\/sites\/7\/2025\/04\/Citazioni-Foreste-Boschi-Alberi-Fracese-1-870x490.png\" alt=\"citations sur les arbres Victor Hugo\" class=\"wp-image-6491\" srcset=\"https:\/\/ecobnb.fr\/blog\/app\/uploads\/sites\/7\/2025\/04\/Citazioni-Foreste-Boschi-Alberi-Fracese-1.png 870w, https:\/\/ecobnb.fr\/blog\/app\/uploads\/sites\/7\/2025\/04\/Citazioni-Foreste-Boschi-Alberi-Fracese-1-536x302.png 536w, https:\/\/ecobnb.fr\/blog\/app\/uploads\/sites\/7\/2025\/04\/Citazioni-Foreste-Boschi-Alberi-Fracese-1-768x433.png 768w, https:\/\/ecobnb.fr\/blog\/app\/uploads\/sites\/7\/2025\/04\/Citazioni-Foreste-Boschi-Alberi-Fracese-1-570x320.png 570w, https:\/\/ecobnb.fr\/blog\/app\/uploads\/sites\/7\/2025\/04\/Citazioni-Foreste-Boschi-Alberi-Fracese-1-344x194.png 344w\" sizes=\"(max-width: 870px) 100vw, 870px\" \/><\/figure>\n\n\n\n<h2>La Magie des Arbres et des For\u00eats <\/h2>\n\n\n\n<ul><li>Dans la nature, rien n&rsquo;est parfait&nbsp;et tout est parfait: un arbre peut \u00eatre tordu et ses branches tourment\u00e9es, il est toujours beau. (Alice Walker)<\/li><li>N&rsquo;aime pas seulement la branche harmonieuse, ni ne garde son image seule dans ton c\u0153ur. Elle fl\u00e9tr\u00eet. Aime l&rsquo;arbre tout entier ; alors tu aimeras la branche harmonieuse, la feuille tendre et dess\u00e9ch\u00e9e, le bourgeon timide et la fleur \u00e9panouie, le p\u00e9tale qui tombe et la nuit dansante, l&rsquo;ombre splendide de l&rsquo;amour total. Ah, aime la vie en pl\u00e9nitude. Elle ne conna\u00eet pas la d\u00e9cadence. (Jiddu Krishnamurti, <em>traduction libre<\/em>)<\/li><li>Les arbres sont des po\u00e8mes que la terre \u00e9crit sur le ciel. (Khalil Gibran)<\/li><li>Les arbres sont l&rsquo;effort sans fin de la terre pour parler au paradis qui \u00e9coute.&nbsp;(Rabindranath Tagore)<\/li><\/ul>\n\n\n\n<figure class=\"wp-block-image size-large\"><img width=\"870\" height=\"490\" src=\"https:\/\/ecobnb.fr\/blog\/app\/uploads\/sites\/7\/2025\/04\/Citazioni-Foreste-Boschi-Alberi-Fracese-2-870x490.png\" alt=\"citation de Khalil Gibran sur les arbres\" class=\"wp-image-6496\" srcset=\"https:\/\/ecobnb.fr\/blog\/app\/uploads\/sites\/7\/2025\/04\/Citazioni-Foreste-Boschi-Alberi-Fracese-2.png 870w, https:\/\/ecobnb.fr\/blog\/app\/uploads\/sites\/7\/2025\/04\/Citazioni-Foreste-Boschi-Alberi-Fracese-2-536x302.png 536w, https:\/\/ecobnb.fr\/blog\/app\/uploads\/sites\/7\/2025\/04\/Citazioni-Foreste-Boschi-Alberi-Fracese-2-768x433.png 768w, https:\/\/ecobnb.fr\/blog\/app\/uploads\/sites\/7\/2025\/04\/Citazioni-Foreste-Boschi-Alberi-Fracese-2-570x320.png 570w, https:\/\/ecobnb.fr\/blog\/app\/uploads\/sites\/7\/2025\/04\/Citazioni-Foreste-Boschi-Alberi-Fracese-2-344x194.png 344w\" sizes=\"(max-width: 870px) 100vw, 870px\" \/><\/figure>\n\n\n\n<h2>Citations sur les Arbres, les Plantes et les For\u00eats<\/h2>\n\n\n\n<ul><li>La for\u00eat est un organisme particulier d\u2019une bont\u00e9 et d\u2019une bienveillance sans limites, qui ne demande pas sa subsistance et distribue g\u00e9n\u00e9reusement les produits de son activit\u00e9 vitale ; elle offre une protection \u00e0 tous les \u00eatres, offrant de l\u2019ombre m\u00eame \u00e0 l\u2019homme-hache qui la d\u00e9truit. (Bouddha)<\/li><li>Frodon posa la main sur l&rsquo;arbre, \u00e0 c\u00f4t\u00e9 de l&rsquo;\u00e9chelle : jamais auparavant il n&rsquo;avait eu une conscience aussi soudaine et aussi vive du contact et de la texture d&rsquo;une enveloppe d&rsquo;arbre et de la vie qui courait dessous. Le bois et son contact furent un d\u00e9lice, non pas comme pour un forestier ou un charpentier ; c&rsquo;\u00e9tait le d\u00e9lice de l&rsquo;arbre vivant m\u00eame. (J.R.R Tolkien)<\/li><li>Je vois partout dans la nature, par exemple dans les arbres,&nbsp;la capacit\u00e9 d&rsquo;expression et, pour ainsi dire, une \u00e2me. (Vincent Van Gogh)<\/li><li>Quelle que soit l&rsquo;architecture que les hommes peuvent cr\u00e9er, ils ne feront jamais quelque chose d&rsquo;aussi merveilleux qu&rsquo;un arbre. (Pier Luigi Nervi, <em>traduction libre<\/em>)<\/li><li>La paix de la nature coulera en vous comme le soleil p\u00e9n\u00e8trera dans les arbres. Les vents souffleront leur propre fra\u00eecheur en vous, et les temp\u00eates leur \u00e9nergie, tandis que les soucis s&rsquo;\u00e9loigneront de vous comme les feuilles de l&rsquo;automne. (John Muir)<\/li><\/ul>\n\n\n\n<figure class=\"wp-block-image size-large is-resized\"><img src=\"https:\/\/ecobnb.fr\/blog\/app\/uploads\/sites\/7\/2025\/04\/Citazioni-Foreste-Boschi-Alberi-Fracese-3-870x490.png\" alt=\"van Gogh citation sur les arbres \" class=\"wp-image-6513\" width=\"870\" height=\"490\" srcset=\"https:\/\/ecobnb.fr\/blog\/app\/uploads\/sites\/7\/2025\/04\/Citazioni-Foreste-Boschi-Alberi-Fracese-3.png 870w, https:\/\/ecobnb.fr\/blog\/app\/uploads\/sites\/7\/2025\/04\/Citazioni-Foreste-Boschi-Alberi-Fracese-3-536x302.png 536w, https:\/\/ecobnb.fr\/blog\/app\/uploads\/sites\/7\/2025\/04\/Citazioni-Foreste-Boschi-Alberi-Fracese-3-768x433.png 768w, https:\/\/ecobnb.fr\/blog\/app\/uploads\/sites\/7\/2025\/04\/Citazioni-Foreste-Boschi-Alberi-Fracese-3-570x320.png 570w, https:\/\/ecobnb.fr\/blog\/app\/uploads\/sites\/7\/2025\/04\/Citazioni-Foreste-Boschi-Alberi-Fracese-3-344x194.png 344w\" sizes=\"(max-width: 870px) 100vw, 870px\" \/><\/figure>\n\n\n\n<h2><br>Chaque fois que tu te sentiras perdu, pense aux arbres<\/h2>\n\n\n\n<ul><li>Chaque fois que tu te sentiras perdu, ind\u00e9cis,&nbsp;pense aux arbres, souviens-toi de leur fa\u00e7on de pousser. Souviens-toi qu&rsquo;un arbre avec beaucoup de feuillage&nbsp;et peu de racines peut \u00eatre d\u00e9racin\u00e9 au moindre coup de vent,&nbsp;tandis que, dans un arbre avec beaucoup de racines&nbsp;et peu de feuillage, la s\u00e8ve court difficilement.&nbsp;Racines et feuillage doivent pousser dans les m\u00eames proportions. Tu dois \u00eatre dans les choses et au-dessus,&nbsp;ainsi seulement tu pourras offrir ombre et refuge,&nbsp;te couvrir de fleurs et de fruits quand ce sera la saison. (Susanna Tamaro)<\/li><li>Si un arbre veut pousser haut dans le ciel, chuchoter avec les nuages, jouer avec les vents ou communier avec les \u00e9toiles il doit d&rsquo;abord enfoncer profond\u00e9ment ses racines dans le sol. La premi\u00e8re des choses est d&rsquo;enfoncer les racines dans le sol, la seconde se produit spontan\u00e9ment. Plus les racines poussent profond, plus l&rsquo;arbre pousse haut ; il n&rsquo;est pas n\u00e9cessaire de faire quoi que ce soit d&rsquo;autre. (Osho)<\/li><li>Sans cesse, l&rsquo;arbre prend&nbsp;son&nbsp;\u00e9lan&nbsp;et fr\u00e9mit des feuilles, ses innombrables ailes. (Andr\u00e9 Suar\u00e8s)<\/li><li>La for\u00eat bruit et se tait: elle se tait lorsque j&rsquo;\u00e9coute. Elle bruit quand je dors. (Pablo Neruda)<\/li><\/ul>\n\n\n\n<figure class=\"wp-block-image size-large\"><img width=\"870\" height=\"490\" src=\"https:\/\/ecobnb.fr\/blog\/app\/uploads\/sites\/7\/2025\/04\/Citazioni-Foreste-Boschi-Alberi-Fracese-4-870x490.png\" alt=\"Andr\u00e9 Suar\u00e8s citation arbres \" class=\"wp-image-6517\" srcset=\"https:\/\/ecobnb.fr\/blog\/app\/uploads\/sites\/7\/2025\/04\/Citazioni-Foreste-Boschi-Alberi-Fracese-4.png 870w, https:\/\/ecobnb.fr\/blog\/app\/uploads\/sites\/7\/2025\/04\/Citazioni-Foreste-Boschi-Alberi-Fracese-4-536x302.png 536w, https:\/\/ecobnb.fr\/blog\/app\/uploads\/sites\/7\/2025\/04\/Citazioni-Foreste-Boschi-Alberi-Fracese-4-768x433.png 768w, https:\/\/ecobnb.fr\/blog\/app\/uploads\/sites\/7\/2025\/04\/Citazioni-Foreste-Boschi-Alberi-Fracese-4-570x320.png 570w, https:\/\/ecobnb.fr\/blog\/app\/uploads\/sites\/7\/2025\/04\/Citazioni-Foreste-Boschi-Alberi-Fracese-4-344x194.png 344w\" sizes=\"(max-width: 870px) 100vw, 870px\" \/><\/figure>\n\n\n\n<h2>Les plus belles citations sur la for\u00eat <\/h2>\n\n\n\n<ul><li>Tu trouveras quelque chose de plus dans les bois que dans les livres.&nbsp;Les arbres et les rochers t&rsquo;enseigneront ce que tu ne pourrais apprendre des plus grands ma\u00eetres. (Saint Bernard)<\/li><li>Rien n&rsquo;est plus beau que la beaut\u00e9 des bois avant le lever du soleil. (George Washington Carver)<\/li><li>Je pourrais survire \u00e0 la disparition de toutes les cath\u00e9drales du monde, mais jamais \u00e0 celle des for\u00eats que je vois chaque matin depuis ma fen\u00eatre. (Ermanno Olmi, <em>traduction libre<\/em>)<\/li><li>J&rsquo;aime les bois : ils apaisent mes temp\u00eates et laissent la paix dans mes yeux. (Fabrizio Caramagna, <em>traduction libre<\/em>)<\/li><li>La pri\u00e8re c&rsquo;est se taire dans les bois. (Mario Rigoni Stern)<\/li><li>Je suis all\u00e9 dans les bois parce que je voulais vivre, n&rsquo;affronter que les faits essentiels de la vie, et voir si je ne pouvais pas apprendre ce qu&rsquo;elle avait \u00e0 enseigner, et non, en mourant, d\u00e9couvrir que je n&rsquo;avais pas v\u00e9cu. (Henry David Thoreau, cit\u00e9 dans le film <em>Le Cercle des po\u00e8tes disparus<\/em>) <\/li><li>Parfois j&rsquo;aimerais d\u00e9crire l&rsquo;odeur de la for\u00eat. C&rsquo;est le bois humide, la pierre, la mousse, quelque chose de meuble dans la terre ( l&rsquo;ab\u00eeme peut-\u00eatre ? ), une promesse de fruits, de baies, de feuilles, la fourrure sauvage d&rsquo;un animal. (Fabrizio Caramagna, <em>traduction libre<\/em>)<\/li><li>Se perdre dans les bois, \u00e0 n&rsquo;importe quel moment, est une exp\u00e9rience surprenante, inoubliable et pr\u00e9cieuse. (Henry David Thoreau, <em>traduction libre<\/em>)<\/li><li>Si nous prenons quelque chose \u00e0 la for\u00eat, t\u00f4t ou tard nous devons le lui rendre. Il doit y avoir \u00e9galit\u00e9 des droits et nous devons offrir notre respect \u00e0 la for\u00eat. (Romano Battaglia, <em>traduction libre<\/em>)<\/li><li>Et, dans le fait, les&nbsp;images&nbsp;resplendissantes&nbsp;d&rsquo;or&nbsp;et&nbsp;d&rsquo;ivoire ne nous&nbsp;inspirent&nbsp;pas plus&nbsp;d&rsquo;adoration que les bois sacr\u00e9s et leur profond&nbsp;silence. (Pline l&rsquo;Ancien)<\/li><\/ul>\n\n\n\n<figure class=\"wp-block-image size-large\"><img width=\"870\" height=\"490\" src=\"https:\/\/ecobnb.fr\/blog\/app\/uploads\/sites\/7\/2025\/04\/Citazioni-Foreste-Boschi-Alberi-Fracese-5-870x490.png\" alt=\"Saint Bernard citation sur les bois\" class=\"wp-image-6528\" srcset=\"https:\/\/ecobnb.fr\/blog\/app\/uploads\/sites\/7\/2025\/04\/Citazioni-Foreste-Boschi-Alberi-Fracese-5.png 870w, https:\/\/ecobnb.fr\/blog\/app\/uploads\/sites\/7\/2025\/04\/Citazioni-Foreste-Boschi-Alberi-Fracese-5-536x302.png 536w, https:\/\/ecobnb.fr\/blog\/app\/uploads\/sites\/7\/2025\/04\/Citazioni-Foreste-Boschi-Alberi-Fracese-5-768x433.png 768w, https:\/\/ecobnb.fr\/blog\/app\/uploads\/sites\/7\/2025\/04\/Citazioni-Foreste-Boschi-Alberi-Fracese-5-570x320.png 570w, https:\/\/ecobnb.fr\/blog\/app\/uploads\/sites\/7\/2025\/04\/Citazioni-Foreste-Boschi-Alberi-Fracese-5-344x194.png 344w\" sizes=\"(max-width: 870px) 100vw, 870px\" \/><\/figure>\n\n\n\n<h2>Citations sur la plantation d&rsquo;arbres et la d\u00e9fense des for\u00eats <\/h2>\n\n\n\n<ul><li>Le meilleur moment pour planter un arbre \u00e9tait il y a 20 ans.&nbsp;Le deuxi\u00e8me meilleur moment est maintenant.<strong>&nbsp;<\/strong>(Proverbe chinois)<\/li><li>L&rsquo;arbre qui tombe fait plus&nbsp;de&nbsp;bruit que&nbsp;la for\u00eat&nbsp;qui&nbsp;pousse. (Lao Tse)<\/li><li>Si l&rsquo;on m&rsquo;annon\u00e7ait que&nbsp;la&nbsp;fin du monde est pour demain,&nbsp;je planterais quand m\u00eame&nbsp;un&nbsp;pommier. (Martin Luther King)<\/li><li>L&rsquo;arbre est la tr\u00e8s lente explosion d&rsquo;une graine. (Bruno Munari)<\/li><li>N&rsquo;importe quel imb\u00e9cile&nbsp;est capable de&nbsp;d\u00e9truire des arbres,&nbsp;ils ne peuvent pas s&rsquo;enfuir. (John Muir)<\/li><li>La plantation d&rsquo;arbres est le moins \u00e9gocentrique de tout ce que nous pouvons faire. Il s&rsquo;agit d&rsquo;un acte de foi plus pur que la procr\u00e9ation des enfants. (Thornton Niven Wilder)<\/li><li>En plantant un arbre, nous agissons pour rendre notre plan\u00e8te un endroit plus sain et plus joyeux, non seulement pour nous, mais aussi pour ceux qui viendront apr\u00e8s nous. (Oliver Wendell Holmes Jr., <em>traduction libre<\/em>)<\/li><li>Il faut un homme noble pour planter une graine pour un arbre qui donnera un jour de l&rsquo;ombre aux gens qu&rsquo;il ne rencontrera peut-\u00eatre jamais. (D. Elton Trueblood)<\/li><\/ul>\n\n\n\n<figure class=\"wp-block-image size-large\"><img width=\"870\" height=\"490\" src=\"https:\/\/ecobnb.fr\/blog\/app\/uploads\/sites\/7\/2025\/04\/Citazioni-Foreste-Boschi-Alberi-Fracese-6-870x490.png\" alt=\"proverbe chinois sur les arbres\" class=\"wp-image-6534\" srcset=\"https:\/\/ecobnb.fr\/blog\/app\/uploads\/sites\/7\/2025\/04\/Citazioni-Foreste-Boschi-Alberi-Fracese-6.png 870w, https:\/\/ecobnb.fr\/blog\/app\/uploads\/sites\/7\/2025\/04\/Citazioni-Foreste-Boschi-Alberi-Fracese-6-536x302.png 536w, https:\/\/ecobnb.fr\/blog\/app\/uploads\/sites\/7\/2025\/04\/Citazioni-Foreste-Boschi-Alberi-Fracese-6-768x433.png 768w, https:\/\/ecobnb.fr\/blog\/app\/uploads\/sites\/7\/2025\/04\/Citazioni-Foreste-Boschi-Alberi-Fracese-6-570x320.png 570w, https:\/\/ecobnb.fr\/blog\/app\/uploads\/sites\/7\/2025\/04\/Citazioni-Foreste-Boschi-Alberi-Fracese-6-344x194.png 344w\" sizes=\"(max-width: 870px) 100vw, 870px\" \/><\/figure>\n\n\n\n<p>Quelles sont vos citations pr\u00e9f\u00e9r\u00e9es sur les arbres et les for\u00eats? Dites-le-nous dans les commentaires !<\/p>\n\n\n\n<p><em>Image de couverture : photo de veeterzy, via Unsplash<\/em><\/p>\n","protected":false},"excerpt":{"rendered":"<p>\u00ab J&rsquo;aime les arbres. Ils sont comme nous, racines en terre et t\u00eate vers le ciel. \u00bb&nbsp;Ce sont les mots de l&rsquo;\u00e9crivain Erri de Luca. Comment ne pas \u00eatre d&rsquo;accord avec lui ? R\u00e9fl\u00e9chissez-y : les arbres, qui rendent la vie possible, en sont aussi la m\u00e9taphore parfaite. Le besoin de solidit\u00e9, le d\u00e9sir de [&hellip;]<\/p>\n","protected":false},"author":175,"featured_media":6572,"parent":0,"menu_order":0,"comment_status":"closed","ping_status":"closed","template":"","meta":[],"acf":[],"yoast_head":"<!-- This site is optimized with the Yoast SEO plugin v19.9 - https:\/\/yoast.com\/wordpress\/plugins\/seo\/ -->\n<title>Arbres et For\u00eats: les Plus Belles Citations - Ecobnb<\/title>\n<meta name=\"description\" content=\"D\u00e9couvrez les plus belles citations sur les arbres et les for\u00eats, pour c\u00e9l\u00e9brer au mieux les extraordinaires poumons verts de la Terre.\" \/>\n<meta name=\"robots\" content=\"index, follow, max-snippet:-1, max-image-preview:large, max-video-preview:-1\" \/>\n<link rel=\"canonical\" href=\"https:\/\/ecobnb.fr\/blog\/arbres-forets-citations\/\" \/>\n<meta property=\"og:locale\" content=\"fr_FR\" \/>\n<meta property=\"og:type\" content=\"article\" \/>\n<meta property=\"og:title\" content=\"Arbres et For\u00eats: les Plus Belles Citations - Ecobnb\" \/>\n<meta property=\"og:description\" content=\"D\u00e9couvrez les plus belles citations sur les arbres et les for\u00eats, pour c\u00e9l\u00e9brer au mieux les extraordinaires poumons verts de la Terre.\" \/>\n<meta property=\"og:url\" content=\"https:\/\/ecobnb.fr\/blog\/arbres-forets-citations\/\" \/>\n<meta property=\"og:site_name\" content=\"Ecobnb\" \/>\n<meta property=\"article:modified_time\" content=\"2025-04-26T10:55:14+00:00\" \/>\n<meta property=\"og:image\" content=\"https:\/\/ecobnb.fr\/blog\/app\/uploads\/sites\/7\/2025\/04\/veeterzy-sMQiL_2v4vs-unsplash-1-1170x490.jpg-1.webp\" \/>\n\t<meta property=\"og:image:width\" content=\"1170\" \/>\n\t<meta property=\"og:image:height\" content=\"490\" \/>\n\t<meta property=\"og:image:type\" content=\"image\/webp\" \/>\n<meta name=\"twitter:card\" content=\"summary_large_image\" \/>\n<meta name=\"twitter:label1\" content=\"Est. reading time\" \/>\n\t<meta name=\"twitter:data1\" content=\"10 minutes\" \/>\n<!-- \/ Yoast SEO plugin. -->","yoast_head_json":{"title":"Arbres et For\u00eats: les Plus Belles Citations - Ecobnb","description":"D\u00e9couvrez les plus belles citations sur les arbres et les for\u00eats, pour c\u00e9l\u00e9brer au mieux les extraordinaires poumons verts de la Terre.","robots":{"index":"index","follow":"follow","max-snippet":"max-snippet:-1","max-image-preview":"max-image-preview:large","max-video-preview":"max-video-preview:-1"},"canonical":"https:\/\/ecobnb.fr\/blog\/arbres-forets-citations\/","og_locale":"fr_FR","og_type":"article","og_title":"Arbres et For\u00eats: les Plus Belles Citations - Ecobnb","og_description":"D\u00e9couvrez les plus belles citations sur les arbres et les for\u00eats, pour c\u00e9l\u00e9brer au mieux les extraordinaires poumons verts de la Terre.","og_url":"https:\/\/ecobnb.fr\/blog\/arbres-forets-citations\/","og_site_name":"Ecobnb","article_modified_time":"2025-04-26T10:55:14+00:00","og_image":[{"width":1170,"height":490,"url":"https:\/\/ecobnb.fr\/blog\/app\/uploads\/sites\/7\/2025\/04\/veeterzy-sMQiL_2v4vs-unsplash-1-1170x490.jpg-1.webp","type":"image\/webp"}],"twitter_card":"summary_large_image","twitter_misc":{"Est. reading time":"10 minutes"},"schema":{"@context":"https:\/\/schema.org","@graph":[{"@type":"WebPage","@id":"https:\/\/ecobnb.fr\/blog\/arbres-forets-citations\/","url":"https:\/\/ecobnb.fr\/blog\/arbres-forets-citations\/","name":"Arbres et For\u00eats: les Plus Belles Citations - Ecobnb","isPartOf":{"@id":"https:\/\/ecobnb.fr\/blog\/#website"},"datePublished":"2025-04-26T10:54:02+00:00","dateModified":"2025-04-26T10:55:14+00:00","description":"D\u00e9couvrez les plus belles citations sur les arbres et les for\u00eats, pour c\u00e9l\u00e9brer au mieux les extraordinaires poumons verts de la Terre.","breadcrumb":{"@id":"https:\/\/ecobnb.fr\/blog\/arbres-forets-citations\/#breadcrumb"},"inLanguage":"fr-FR","potentialAction":[{"@type":"ReadAction","target":["https:\/\/ecobnb.fr\/blog\/arbres-forets-citations\/"]}]},{"@type":"BreadcrumbList","@id":"https:\/\/ecobnb.fr\/blog\/arbres-forets-citations\/#breadcrumb","itemListElement":[{"@type":"ListItem","position":1,"name":"Home","item":"https:\/\/ecobnb.fr\/blog\/"},{"@type":"ListItem","position":2,"name":"Arbres et For\u00eats: les Plus Belles Citations"}]},{"@type":"WebSite","@id":"https:\/\/ecobnb.fr\/blog\/#website","url":"https:\/\/ecobnb.fr\/blog\/","name":"Ecobnb","description":"Find sustainable accommodation","potentialAction":[{"@type":"SearchAction","target":{"@type":"EntryPoint","urlTemplate":"https:\/\/ecobnb.fr\/blog\/?s={search_term_string}"},"query-input":"required name=search_term_string"}],"inLanguage":"fr-FR"}]}},"_links":{"self":[{"href":"https:\/\/ecobnb.fr\/blog\/wp-json\/wp\/v2\/pages\/6574"}],"collection":[{"href":"https:\/\/ecobnb.fr\/blog\/wp-json\/wp\/v2\/pages"}],"about":[{"href":"https:\/\/ecobnb.fr\/blog\/wp-json\/wp\/v2\/types\/page"}],"author":[{"embeddable":true,"href":"https:\/\/ecobnb.fr\/blog\/wp-json\/wp\/v2\/users\/175"}],"replies":[{"embeddable":true,"href":"https:\/\/ecobnb.fr\/blog\/wp-json\/wp\/v2\/comments?post=6574"}],"version-history":[{"count":1,"href":"https:\/\/ecobnb.fr\/blog\/wp-json\/wp\/v2\/pages\/6574\/revisions"}],"predecessor-version":[{"id":6575,"href":"https:\/\/ecobnb.fr\/blog\/wp-json\/wp\/v2\/pages\/6574\/revisions\/6575"}],"wp:featuredmedia":[{"embeddable":true,"href":"https:\/\/ecobnb.fr\/blog\/wp-json\/wp\/v2\/media\/6572"}],"wp:attachment":[{"href":"https:\/\/ecobnb.fr\/blog\/wp-json\/wp\/v2\/media?parent=6574"}],"curies":[{"name":"wp","href":"https:\/\/api.w.org\/{rel}","templated":true}]}}