{"id":7808,"date":"2026-03-15T14:08:10","date_gmt":"2026-03-15T14:08:10","guid":{"rendered":"https:\/\/ecobnb.fr\/blog\/?page_id=7808"},"modified":"2026-03-15T14:22:36","modified_gmt":"2026-03-15T14:22:36","slug":"eco-criteres-certification-verte","status":"publish","type":"page","link":"https:\/\/ecobnb.fr\/blog\/eco-criteres-certification-verte\/","title":{"rendered":"\u00c9co-crit\u00e8res et certification verte d\u2019Ecobnb"},"content":{"rendered":"<p>Ecobnb est le point de rencontre entre les <strong>h\u00e9bergements durables<\/strong> pr\u00e9sents dans le monde entier et les <strong>voyageurs<\/strong> <strong>conscients<\/strong> qui souhaitent r\u00e9duire l\u2019impact de leurs vacances. Mais quels <strong>\u00e9co-crit\u00e8res<\/strong> doivent respecter les <a href=\"https:\/\/ecobnb.fr\/blog\/2021\/09\/actions-transformer-batiment-hotel-eco-durable\/\" target=\"_blank\" rel=\"noopener\"><strong>h\u00f4tels<\/strong><\/a>, les agritourismes et les B&amp;B pr\u00e9sents sur Ecobnb ? Et qui les contr\u00f4le ? Voici les r\u00e9ponses que vous cherchiez.<\/p>\n<p><img class=\"alignnone size-full wp-image-7810\" src=\"https:\/\/ecobnb.fr\/blog\/app\/uploads\/sites\/7\/2026\/03\/big_foto_tende_lr-10-870x490-1.jpg\" alt=\"Les crit\u00e8res des ecobnb\" width=\"870\" height=\"490\" srcset=\"https:\/\/ecobnb.fr\/blog\/app\/uploads\/sites\/7\/2026\/03\/big_foto_tende_lr-10-870x490-1.jpg 870w, https:\/\/ecobnb.fr\/blog\/app\/uploads\/sites\/7\/2026\/03\/big_foto_tende_lr-10-870x490-1-536x302.jpg 536w, https:\/\/ecobnb.fr\/blog\/app\/uploads\/sites\/7\/2026\/03\/big_foto_tende_lr-10-870x490-1-768x433.jpg 768w, https:\/\/ecobnb.fr\/blog\/app\/uploads\/sites\/7\/2026\/03\/big_foto_tende_lr-10-870x490-1-570x320.jpg 570w, https:\/\/ecobnb.fr\/blog\/app\/uploads\/sites\/7\/2026\/03\/big_foto_tende_lr-10-870x490-1-344x194.jpg 344w\" sizes=\"(max-width: 870px) 100vw, 870px\" \/><\/p>\n<h2>Que sont les Ecobnb ?<\/h2>\n<p>Les <strong>Ecobnb<\/strong> sont des structures d\u2019h\u00e9bergement qui respectent l\u2019environnement et qui m\u00e8nent des projets et programmes visant \u00e0 <strong>prot\u00e9ger<\/strong> la <strong>nature<\/strong> et notre plan\u00e8te. Agritourismes biologiques, bed &amp; breakfasts \u00e9cologiques, h\u00f4tels diffus dans d\u2019anciens villages, glamping \u00e0 z\u00e9ro \u00e9mission, \u00e9co-h\u00f4tels, campings ou refuges de haute montagne\u2026<\/p>\n<p><iframe loading=\"lazy\" src=\"https:\/\/www.youtube.com\/embed\/Vy2TwQw2fCo\" width=\"870\" height=\"490\" frameborder=\"0\" allowfullscreen=\"allowfullscreen\"><span data-mce-type=\"bookmark\" style=\"display: inline-block; width: 0px; overflow: hidden; line-height: 0;\" class=\"mce_SELRES_start\">\ufeff<\/span><\/iframe><\/p>\n<h2>Quelles caract\u00e9ristiques les structures doivent-elles avoir pour appara\u00eetre sur le portail ?<\/h2>\n<p>Les structures d\u2019h\u00e9bergement qui font partie d\u2019Ecobnb poss\u00e8dent <strong>au moins 5<\/strong> des 10 <a href=\"https:\/\/ecobnb.fr\/blog\/faq-questions-frequentes\/\" target=\"_blank\" rel=\"noopener\"><strong>principaux crit\u00e8res de<\/strong> <strong>durabilit\u00e9<\/strong><\/a>, qui sont :<\/p>\n<ol>\n<li>Nourriture biologique ou locale<\/li>\n<li>Bio-architecture<\/li>\n<li>\u00c9lectricit\u00e9 provenant \u00e0 100 % de sources renouvelables<\/li>\n<li>Ampoules basse consommation<\/li>\n<li>Panneaux solaires pour l\u2019eau chaude<\/li>\n<li>Produits de nettoyage \u00e9cologiques<\/li>\n<li>Tri des d\u00e9chets sup\u00e9rieur \u00e0 80 %<\/li>\n<li>Accessible sans voiture<\/li>\n<li>R\u00e9ducteurs de d\u00e9bit d\u2019eau<\/li>\n<li>R\u00e9cup\u00e9ration et r\u00e9utilisation des eaux de pluie<\/li>\n<\/ol>\n\n\t\t<style type=\"text\/css\">\n\t\t\t#gallery-1 {\n\t\t\t\tmargin: auto;\n\t\t\t}\n\t\t\t#gallery-1 .gallery-item {\n\t\t\t\tfloat: left;\n\t\t\t\tmargin-top: 10px;\n\t\t\t\ttext-align: center;\n\t\t\t\twidth: 33%;\n\t\t\t}\n\t\t\t#gallery-1 img {\n\t\t\t\tborder: 2px solid #cfcfcf;\n\t\t\t}\n\t\t\t#gallery-1 .gallery-caption {\n\t\t\t\tmargin-left: 0;\n\t\t\t}\n\t\t\t\/* see gallery_shortcode() in wp-includes\/media.php *\/\n\t\t<\/style>\n\t\t<div id='gallery-1' class='gallery galleryid-7808 gallery-columns-3 gallery-size-thumbnail'><dl class='gallery-item'>\n\t\t\t<dt class='gallery-icon landscape'>\n\t\t\t\t<img width=\"270\" height=\"200\" src=\"https:\/\/ecobnb.fr\/blog\/app\/uploads\/sites\/7\/2026\/03\/camylla-battani-PV4CRusn8c4-unsplash-270x200.jpg.webp\" class=\"attachment-thumbnail size-thumbnail\" alt=\"Structure d\u2019h\u00e9bergement \u00e9cologique\" aria-describedby=\"gallery-1-7817\" \/>\n\t\t\t<\/dt>\n\t\t\t\t<dd class='wp-caption-text gallery-caption' id='gallery-1-7817'>\n\t\t\t\t\u00a9 Camylla Battani via Unsplash\n\t\t\t\t<\/dd><\/dl><dl class='gallery-item'>\n\t\t\t<dt class='gallery-icon landscape'>\n\t\t\t\t<img width=\"270\" height=\"200\" src=\"https:\/\/ecobnb.fr\/blog\/app\/uploads\/sites\/7\/2026\/03\/anders-jacobsen-hxUcl0nUsIY-unsplash-270x200.jpg.webp\" class=\"attachment-thumbnail size-thumbnail\" alt=\"panneaux photovolta\u00efques\" aria-describedby=\"gallery-1-7818\" \/>\n\t\t\t<\/dt>\n\t\t\t\t<dd class='wp-caption-text gallery-caption' id='gallery-1-7818'>\n\t\t\t\tL\u2019\u00e9nergie propre est l\u2019un des crit\u00e8res d\u2019Ecobnb.\n\u00a9 Anders Jacobsen via Unsplash\n\t\t\t\t<\/dd><\/dl><dl class='gallery-item'>\n\t\t\t<dt class='gallery-icon landscape'>\n\t\t\t\t<img width=\"270\" height=\"200\" src=\"https:\/\/ecobnb.fr\/blog\/app\/uploads\/sites\/7\/2026\/03\/alex-loup-On2VseHUDXw-unsplash-270x200.jpg.webp\" class=\"attachment-thumbnail size-thumbnail\" alt=\"petit-d\u00e9jeuner biologique \u00e0 base de produits locaux\" aria-describedby=\"gallery-1-7819\" \/>\n\t\t\t<\/dt>\n\t\t\t\t<dd class='wp-caption-text gallery-caption' id='gallery-1-7819'>\n\t\t\t\tNourriture biologique.\n\u00a9 Alex Loup via Unsplash\n\t\t\t\t<\/dd><\/dl><br style=\"clear: both\" \/>\n\t\t<\/div>\n\n<h2>Les crit\u00e8res \u00e9cologiques secondaires<\/h2>\n<p>En plus des \u00e9co-crit\u00e8res principaux, les structures poss\u00e8dent de nombreuses autres caract\u00e9ristiques secondaires qui garantissent une meilleure durabilit\u00e9 environnementale, sociale et \u00e9conomique. Parmi celles-ci, par exemple :<\/p>\n<ul>\n<li>service de <strong>location de v\u00e9los<\/strong><\/li>\n<li>service de recharge pour v\u00e9hicules \u00e9lectriques<\/li>\n<li>menus durables, v\u00e9g\u00e9tariens ou v\u00e9g\u00e9taliens<\/li>\n<li>hospitalit\u00e9 <strong>sans plastique<\/strong><\/li>\n<li>\u00e9limination des produits \u00e0 usage unique et des portions individuelles<\/li>\n<li>changement des serviettes sur demande<\/li>\n<li>itin\u00e9raires d\u2019\u00e9cotourisme<\/li>\n<li>meubles r\u00e9alis\u00e9s par des <strong>artisans locaux<\/strong><\/li>\n<li>d\u00e9coration r\u00e9alis\u00e9e avec des mat\u00e9riaux recycl\u00e9s<\/li>\n<li>projets qui enrichissent la communaut\u00e9 locale<\/li>\n<\/ul>\n\n\t\t<style type=\"text\/css\">\n\t\t\t#gallery-2 {\n\t\t\t\tmargin: auto;\n\t\t\t}\n\t\t\t#gallery-2 .gallery-item {\n\t\t\t\tfloat: left;\n\t\t\t\tmargin-top: 10px;\n\t\t\t\ttext-align: center;\n\t\t\t\twidth: 33%;\n\t\t\t}\n\t\t\t#gallery-2 img {\n\t\t\t\tborder: 2px solid #cfcfcf;\n\t\t\t}\n\t\t\t#gallery-2 .gallery-caption {\n\t\t\t\tmargin-left: 0;\n\t\t\t}\n\t\t\t\/* see gallery_shortcode() in wp-includes\/media.php *\/\n\t\t<\/style>\n\t\t<div id='gallery-2' class='gallery galleryid-7808 gallery-columns-3 gallery-size-thumbnail'><dl class='gallery-item'>\n\t\t\t<dt class='gallery-icon landscape'>\n\t\t\t\t<img width=\"270\" height=\"200\" src=\"https:\/\/ecobnb.fr\/blog\/app\/uploads\/sites\/7\/2026\/03\/noleggio-bici-auralba-270x200.jpeg.webp\" class=\"attachment-thumbnail size-thumbnail\" alt=\"Location de v\u00e9los Auralba\" aria-describedby=\"gallery-2-7820\" \/>\n\t\t\t<\/dt>\n\t\t\t\t<dd class='wp-caption-text gallery-caption' id='gallery-2-7820'>\n\t\t\t\tLocation de v\u00e9los \u00e0 l\u2019\u00e9co-h\u00f4tel Auralba\n\t\t\t\t<\/dd><\/dl><dl class='gallery-item'>\n\t\t\t<dt class='gallery-icon landscape'>\n\t\t\t\t<img width=\"270\" height=\"200\" src=\"https:\/\/ecobnb.fr\/blog\/app\/uploads\/sites\/7\/2026\/03\/BMW_i3_charging_port-270x200.jpg.webp\" class=\"attachment-thumbnail size-thumbnail\" alt=\"Recharge de voiture \u00e9lectrique\" aria-describedby=\"gallery-2-7822\" \/>\n\t\t\t<\/dt>\n\t\t\t\t<dd class='wp-caption-text gallery-caption' id='gallery-2-7822'>\n\t\t\t\tRecharge de voiture \u00e9lectrique, photo de K\u0101rlis Dambr\u0101ns, via Wikipedia\n\t\t\t\t<\/dd><\/dl><dl class='gallery-item'>\n\t\t\t<dt class='gallery-icon landscape'>\n\t\t\t\t<img width=\"270\" height=\"200\" src=\"https:\/\/ecobnb.fr\/blog\/app\/uploads\/sites\/7\/2026\/03\/menu-vegan-270x200.jpg.webp\" class=\"attachment-thumbnail size-thumbnail\" alt=\"Menu vegan\" aria-describedby=\"gallery-2-7821\" \/>\n\t\t\t<\/dt>\n\t\t\t\t<dd class='wp-caption-text gallery-caption' id='gallery-2-7821'>\n\t\t\t\tMenu vegan\n\t\t\t\t<\/dd><\/dl><br style=\"clear: both\" \/>\n\t\t<\/div>\n\n<h2>Qui contr\u00f4le les \u00e9co-crit\u00e8res ?<\/h2>\n<p>Nous avons choisi ces crit\u00e8res parmi ceux <strong>reconnus<\/strong> <strong>au niveau international<\/strong> par les nombreux labels qui s\u2019occupent d\u2019\u00e9cotourisme.<\/p>\n<p>Les standards \u00e9cologiques sont <strong>autocertifi\u00e9s<\/strong> par les h\u00f4tes puis <strong>v\u00e9rifi\u00e9s<\/strong> par les voyageurs eux-m\u00eames, qui peuvent laisser sur notre site des <strong>avis<\/strong> <strong>cibl\u00e9s<\/strong>.<\/p>\n<h2>Certifications ?<\/h2>\n<p>Ecobnb ne certifie pas les structures et ne d\u00e9livre pas de certifications environnementales. Notre objectif est de promouvoir la v\u00e9ritable <strong>qualit\u00e9 \u00e9cologique<\/strong> des h\u00e9bergements en mettant en r\u00e9seau toutes ces <strong>r\u00e9alit\u00e9s vertueuses<\/strong> respectueuses de l\u2019environnement, de l\u2019\u00e9conomie et des communaut\u00e9s locales. C\u2019est pourquoi, sur nos pages, les caract\u00e9ristiques de durabilit\u00e9 de chaque h\u00e9bergement sont mises en \u00e9vidence, ainsi que d\u2019\u00e9ventuelles <strong>certifications environnementales<\/strong> nationales ou internationales.<\/p>\n<p><em>Photo de couverture \u00a9\u00a0<a href=\"https:\/\/unsplash.com\/@sarahdorweiler?utm_source=unsplash&amp;utm_medium=referral&amp;utm_content=creditCopyText\">Sarah Dorweiler<\/a>\u00a0via Unsplash<\/em><\/p>\n","protected":false},"excerpt":{"rendered":"<p>Ecobnb est le point de rencontre entre les h\u00e9bergements durables pr\u00e9sents dans le monde entier et les voyageurs conscients qui souhaitent r\u00e9duire l\u2019impact de leurs vacances. Mais quels \u00e9co-crit\u00e8res doivent respecter les h\u00f4tels, les agritourismes et les B&amp;B pr\u00e9sents sur Ecobnb ? Et qui les contr\u00f4le ? Voici les r\u00e9ponses que vous cherchiez. Que sont [&hellip;]<\/p>\n","protected":false},"author":3,"featured_media":7812,"parent":0,"menu_order":0,"comment_status":"closed","ping_status":"closed","template":"","meta":[],"acf":[],"yoast_head":"<!-- This site is optimized with the Yoast SEO plugin v19.9 - https:\/\/yoast.com\/wordpress\/plugins\/seo\/ -->\n<title>\u00c9co-crit\u00e8res et certification verte d\u2019Ecobnb - Ecobnb<\/title>\n<meta name=\"description\" content=\"Quels sont les \u00e9co-crit\u00e8res d\u2019Ecobnb pour un tourisme durable ? Qui les contr\u00f4le ? D\u00e9couvrez comment fonctionne notre communaut\u00e9 d\u2019h\u00e9bergements \u00e9cologiques.\" \/>\n<meta name=\"robots\" content=\"index, follow, max-snippet:-1, max-image-preview:large, max-video-preview:-1\" \/>\n<link rel=\"canonical\" href=\"https:\/\/ecobnb.fr\/blog\/eco-criteres-certification-verte\/\" \/>\n<meta property=\"og:locale\" content=\"fr_FR\" \/>\n<meta property=\"og:type\" content=\"article\" \/>\n<meta property=\"og:title\" content=\"\u00c9co-crit\u00e8res et certification verte d\u2019Ecobnb - Ecobnb\" \/>\n<meta property=\"og:description\" content=\"Quels sont les \u00e9co-crit\u00e8res d\u2019Ecobnb pour un tourisme durable ? Qui les contr\u00f4le ? D\u00e9couvrez comment fonctionne notre communaut\u00e9 d\u2019h\u00e9bergements \u00e9cologiques.\" \/>\n<meta property=\"og:url\" content=\"https:\/\/ecobnb.fr\/blog\/eco-criteres-certification-verte\/\" \/>\n<meta property=\"og:site_name\" content=\"Ecobnb\" \/>\n<meta property=\"article:modified_time\" content=\"2026-03-15T14:22:36+00:00\" \/>\n<meta property=\"og:image\" content=\"https:\/\/ecobnb.fr\/blog\/app\/uploads\/sites\/7\/2026\/03\/sarah-dorweiler-9Z1KRIfpBTM-unsplash.jpg\" \/>\n\t<meta property=\"og:image:width\" content=\"1170\" \/>\n\t<meta property=\"og:image:height\" content=\"490\" \/>\n\t<meta property=\"og:image:type\" content=\"image\/jpeg\" \/>\n<meta name=\"twitter:card\" content=\"summary_large_image\" \/>\n<meta name=\"twitter:label1\" content=\"Est. reading time\" \/>\n\t<meta name=\"twitter:data1\" content=\"3 minutes\" \/>\n<!-- \/ Yoast SEO plugin. -->","yoast_head_json":{"title":"\u00c9co-crit\u00e8res et certification verte d\u2019Ecobnb - Ecobnb","description":"Quels sont les \u00e9co-crit\u00e8res d\u2019Ecobnb pour un tourisme durable ? Qui les contr\u00f4le ? D\u00e9couvrez comment fonctionne notre communaut\u00e9 d\u2019h\u00e9bergements \u00e9cologiques.","robots":{"index":"index","follow":"follow","max-snippet":"max-snippet:-1","max-image-preview":"max-image-preview:large","max-video-preview":"max-video-preview:-1"},"canonical":"https:\/\/ecobnb.fr\/blog\/eco-criteres-certification-verte\/","og_locale":"fr_FR","og_type":"article","og_title":"\u00c9co-crit\u00e8res et certification verte d\u2019Ecobnb - Ecobnb","og_description":"Quels sont les \u00e9co-crit\u00e8res d\u2019Ecobnb pour un tourisme durable ? Qui les contr\u00f4le ? D\u00e9couvrez comment fonctionne notre communaut\u00e9 d\u2019h\u00e9bergements \u00e9cologiques.","og_url":"https:\/\/ecobnb.fr\/blog\/eco-criteres-certification-verte\/","og_site_name":"Ecobnb","article_modified_time":"2026-03-15T14:22:36+00:00","og_image":[{"width":1170,"height":490,"url":"https:\/\/ecobnb.fr\/blog\/app\/uploads\/sites\/7\/2026\/03\/sarah-dorweiler-9Z1KRIfpBTM-unsplash.jpg","type":"image\/jpeg"}],"twitter_card":"summary_large_image","twitter_misc":{"Est. reading time":"3 minutes"},"schema":{"@context":"https:\/\/schema.org","@graph":[{"@type":"WebPage","@id":"https:\/\/ecobnb.fr\/blog\/eco-criteres-certification-verte\/","url":"https:\/\/ecobnb.fr\/blog\/eco-criteres-certification-verte\/","name":"\u00c9co-crit\u00e8res et certification verte d\u2019Ecobnb - Ecobnb","isPartOf":{"@id":"https:\/\/ecobnb.fr\/blog\/#website"},"datePublished":"2026-03-15T14:08:10+00:00","dateModified":"2026-03-15T14:22:36+00:00","description":"Quels sont les \u00e9co-crit\u00e8res d\u2019Ecobnb pour un tourisme durable ? Qui les contr\u00f4le ? D\u00e9couvrez comment fonctionne notre communaut\u00e9 d\u2019h\u00e9bergements \u00e9cologiques.","breadcrumb":{"@id":"https:\/\/ecobnb.fr\/blog\/eco-criteres-certification-verte\/#breadcrumb"},"inLanguage":"fr-FR","potentialAction":[{"@type":"ReadAction","target":["https:\/\/ecobnb.fr\/blog\/eco-criteres-certification-verte\/"]}]},{"@type":"BreadcrumbList","@id":"https:\/\/ecobnb.fr\/blog\/eco-criteres-certification-verte\/#breadcrumb","itemListElement":[{"@type":"ListItem","position":1,"name":"Home","item":"https:\/\/ecobnb.fr\/blog\/"},{"@type":"ListItem","position":2,"name":"\u00c9co-crit\u00e8res et certification verte d\u2019Ecobnb"}]},{"@type":"WebSite","@id":"https:\/\/ecobnb.fr\/blog\/#website","url":"https:\/\/ecobnb.fr\/blog\/","name":"Ecobnb","description":"Find sustainable accommodation","potentialAction":[{"@type":"SearchAction","target":{"@type":"EntryPoint","urlTemplate":"https:\/\/ecobnb.fr\/blog\/?s={search_term_string}"},"query-input":"required name=search_term_string"}],"inLanguage":"fr-FR"}]}},"_links":{"self":[{"href":"https:\/\/ecobnb.fr\/blog\/wp-json\/wp\/v2\/pages\/7808"}],"collection":[{"href":"https:\/\/ecobnb.fr\/blog\/wp-json\/wp\/v2\/pages"}],"about":[{"href":"https:\/\/ecobnb.fr\/blog\/wp-json\/wp\/v2\/types\/page"}],"author":[{"embeddable":true,"href":"https:\/\/ecobnb.fr\/blog\/wp-json\/wp\/v2\/users\/3"}],"replies":[{"embeddable":true,"href":"https:\/\/ecobnb.fr\/blog\/wp-json\/wp\/v2\/comments?post=7808"}],"version-history":[{"count":5,"href":"https:\/\/ecobnb.fr\/blog\/wp-json\/wp\/v2\/pages\/7808\/revisions"}],"predecessor-version":[{"id":7823,"href":"https:\/\/ecobnb.fr\/blog\/wp-json\/wp\/v2\/pages\/7808\/revisions\/7823"}],"wp:featuredmedia":[{"embeddable":true,"href":"https:\/\/ecobnb.fr\/blog\/wp-json\/wp\/v2\/media\/7812"}],"wp:attachment":[{"href":"https:\/\/ecobnb.fr\/blog\/wp-json\/wp\/v2\/media?parent=7808"}],"curies":[{"name":"wp","href":"https:\/\/api.w.org\/{rel}","templated":true}]}}