{"id":8045,"date":"2026-03-30T16:54:03","date_gmt":"2026-03-30T16:54:03","guid":{"rendered":"https:\/\/ecobnb.fr\/blog\/?page_id=8045"},"modified":"2026-03-30T16:57:19","modified_gmt":"2026-03-30T16:57:19","slug":"meilleures-citations-chiens-chats","status":"publish","type":"page","link":"https:\/\/ecobnb.fr\/blog\/meilleures-citations-chiens-chats\/","title":{"rendered":"Amis \u00e0 4 pattes : Les Meilleures Phrases, Aphorismes et Citations sur Chiens et Chats"},"content":{"rendered":"\n<p><strong>Les chiens et les chats<\/strong> ne sont pas seulement des animaux de compagnie : ils occupent une place importante dans la vie de millions de personnes. Ceux qui ont eu la chance de partager des moments avec eux savent combien ils peuvent nous enseigner la <strong>joie, l\u2019amour inconditionnel et la fid\u00e9lit\u00e9.<\/strong> Leur pr\u00e9sence quotidienne rend les journ\u00e9es plus l\u00e9g\u00e8res, nous offrant compagnie et affection sinc\u00e8re.<\/p>\n\n\n\n<p>Dans cet article, nous avons rassembl\u00e9 les meilleures phrases, aphorismes et citations sur les chiens et les chats.<\/p>\n\n\n\n<p>Des pens\u00e9es parfaites \u00e0 partager sur les r\u00e9seaux sociaux, \u00e0 \u00e9crire dans un journal, sur une carte cadeau ou \u00e0 utiliser comme d\u00e9dicace sp\u00e9ciale.<\/p>\n\n\n\n<h2>Phrases et citations sur les chiens<\/h2>\n\n\n\n<p>Le <strong>chien<\/strong> est souvent d\u00e9crit comme le <strong>meilleur ami <\/strong>de l\u2019homme, symbole de <strong>fid\u00e9lit\u00e9 et de loyaut\u00e9.<\/strong> Ceux qui ont un ami \u00e0 quatre pattes savent combien le lien qui se cr\u00e9e est profond et unique.<\/p>\n\n\n\n<figure class=\"wp-block-image size-full\"><img width=\"870\" height=\"490\" src=\"https:\/\/ecobnb.fr\/blog\/app\/uploads\/sites\/7\/2026\/03\/1_20260319_200817_0000.png\" alt=\"Un chiot Labrador blanc heureux courant sur l\u2019herbe verte avec la citation d\u2019Edith Wharton : \u00ab\u202fMon petit chien \u2014 un battement de c\u0153ur \u00e0 mes pieds.\u202f\u00bb\" class=\"wp-image-7865\" srcset=\"https:\/\/ecobnb.fr\/blog\/app\/uploads\/sites\/7\/2026\/03\/1_20260319_200817_0000.png 870w, https:\/\/ecobnb.fr\/blog\/app\/uploads\/sites\/7\/2026\/03\/1_20260319_200817_0000-536x302.png 536w, https:\/\/ecobnb.fr\/blog\/app\/uploads\/sites\/7\/2026\/03\/1_20260319_200817_0000-768x433.png 768w, https:\/\/ecobnb.fr\/blog\/app\/uploads\/sites\/7\/2026\/03\/1_20260319_200817_0000-570x320.png 570w, https:\/\/ecobnb.fr\/blog\/app\/uploads\/sites\/7\/2026\/03\/1_20260319_200817_0000-344x194.png 344w\" sizes=\"(max-width: 870px) 100vw, 870px\" \/><figcaption>Infographie via Ecobnb<\/figcaption><\/figure>\n\n\n\n<p>\u201cUn chien est la seule chose sur Terre qui vous aime plus que vous ne vous aimez vous-m\u00eame.\u201d<\/p>\n\n\n\n<p>(Josh Billings)<\/p>\n\n\n\n<p>\u201cLe chien ouvre une fen\u00eatre sur les joies de l\u2019instant fugitif. Se promener avec un chien, c\u2019est entrer dans le monde de l\u2019imm\u00e9diat.\u201d<\/p>\n\n\n\n<p>(Jeffrey Masson)<\/p>\n\n\n\n<p>\u201cLes chiens sont de petits cadeaux que le ciel nous envoie pour nous montrer que le v\u00e9ritable amour existe. Leur \u2018Wouf\u2019 s\u2019incruste pour toujours dans notre c\u0153ur.\u201d<\/p>\n\n\n\n<p>(Fabrizio Caramagna)<\/p>\n\n\n\n<p>\u201cMon petit chien \u2013 un battement de c\u0153ur \u00e0 mes pieds.\u201d<\/p>\n\n\n\n<p>(Edith Wharton)<\/p>\n\n\n\n<figure class=\"wp-block-image size-full\"><img width=\"870\" height=\"490\" src=\"https:\/\/ecobnb.fr\/blog\/app\/uploads\/sites\/7\/2026\/03\/2_20260319_200817_0001.png\" alt=\"Gros plan d\u2019un chien Beagle regardant vers le haut avec la citation de Josh Billings : \u00ab\u202fUn chien est la seule chose sur terre qui vous aime plus qu\u2019il ne s\u2019aime lui-m\u00eame\u202f\u00bb.\" class=\"wp-image-7866\" srcset=\"https:\/\/ecobnb.fr\/blog\/app\/uploads\/sites\/7\/2026\/03\/2_20260319_200817_0001.png 870w, https:\/\/ecobnb.fr\/blog\/app\/uploads\/sites\/7\/2026\/03\/2_20260319_200817_0001-536x302.png 536w, https:\/\/ecobnb.fr\/blog\/app\/uploads\/sites\/7\/2026\/03\/2_20260319_200817_0001-768x433.png 768w, https:\/\/ecobnb.fr\/blog\/app\/uploads\/sites\/7\/2026\/03\/2_20260319_200817_0001-570x320.png 570w, https:\/\/ecobnb.fr\/blog\/app\/uploads\/sites\/7\/2026\/03\/2_20260319_200817_0001-344x194.png 344w\" sizes=\"(max-width: 870px) 100vw, 870px\" \/><figcaption>Infographie via Ecobnb<\/figcaption><\/figure>\n\n\n\n<p>\u201cFixez votre chien dans les yeux et essayez encore d\u2019affirmer que les animaux n\u2019ont pas d\u2019\u00e2me.\u201d<\/p>\n\n\n\n<p>(Victor Hugo)<\/p>\n\n\n\n<p>\u201cUn chien est le seul qui peut r\u00e9parer une fissure dans votre c\u0153ur bris\u00e9.\u201d<\/p>\n\n\n\n<p>(Judy Desmond)<\/p>\n\n\n\n<p>\u201cJ\u2019aimerais conna\u00eetre la musique au rythme de laquelle la queue de mon chien bat.\u201d<\/p>\n\n\n\n<p>(Yvan Audouard)<\/p>\n\n\n\n<p>\u201cLes chiens ne mentent pas sur ce qu\u2019ils ressentent, car ils ne peuvent pas mentir sur leurs \u00e9motions. Personne n\u2019a jamais vu un chien triste faire semblant d\u2019\u00eatre heureux.\u201d<\/p>\n\n\n\n<p>(Jeffrey Masson)<\/p>\n\n\n\n<p>\u201cLes chiens aiment \u00eatre pardonn\u00e9s. Ils ne font pas la t\u00eate et sont heureux de voir que nous ne gardons pas rancune.\u201d<\/p>\n\n\n\n<p>(Jeffrey Masson)<\/p>\n\n\n\n<p>\u201cLe chien a un esprit enviable ; il se souvient des belles choses de la vie et efface rapidement les mauvaises.\u201d<\/p>\n\n\n\n<p>(Barbara Woodhouse)<\/p>\n\n\n\n<h2>Phrases et citations sur les chats<\/h2>\n\n\n\n<p><strong>\u00c9l\u00e9gants, myst\u00e9rieux et ind\u00e9pendants<\/strong>. Avec leur caract\u00e8re unique, les chats ont toujours inspir\u00e9 artistes et \u00e9crivains de toutes les \u00e9poques. Voici les plus belles phrases et citations c\u00e9l\u00e8bres \u00e0 leur sujet.<\/p>\n\n\n\n<figure class=\"wp-block-image size-full\"><img width=\"870\" height=\"490\" src=\"https:\/\/ecobnb.fr\/blog\/app\/uploads\/sites\/7\/2026\/03\/3_20260319_200817_0002.png\" alt=\"Gros plan d\u2019yeux de chat verts brillants dans l\u2019obscurit\u00e9 avec la citation de Fabrizio Caramagna : \u00ab\u202fLes yeux d\u2019un chat sont deux fen\u00eatres derri\u00e8re lesquelles une divinit\u00e9 myst\u00e9rieuse nous observe en silence.\u202f\u00bb\" class=\"wp-image-7867\" srcset=\"https:\/\/ecobnb.fr\/blog\/app\/uploads\/sites\/7\/2026\/03\/3_20260319_200817_0002.png 870w, https:\/\/ecobnb.fr\/blog\/app\/uploads\/sites\/7\/2026\/03\/3_20260319_200817_0002-536x302.png 536w, https:\/\/ecobnb.fr\/blog\/app\/uploads\/sites\/7\/2026\/03\/3_20260319_200817_0002-768x433.png 768w, https:\/\/ecobnb.fr\/blog\/app\/uploads\/sites\/7\/2026\/03\/3_20260319_200817_0002-570x320.png 570w, https:\/\/ecobnb.fr\/blog\/app\/uploads\/sites\/7\/2026\/03\/3_20260319_200817_0002-344x194.png 344w\" sizes=\"(max-width: 870px) 100vw, 870px\" \/><figcaption>Infographie via Ecobnb<\/figcaption><\/figure>\n\n\n\n<p>\u201cIl n\u2019est pas facile de conqu\u00e9rir l\u2019amiti\u00e9 d\u2019un chat. Il vous accordera son amiti\u00e9 si vous montrez que vous m\u00e9ritez cet honneur, mais il ne sera jamais votre esclave.\u201d<\/p>\n\n\n\n<p>(Th\u00e9ophile Gautier)<\/p>\n\n\n\n<p>\u201cIl n\u2019est pas possible de poss\u00e9der un chat. Au mieux, on peut \u00eatre associ\u00e9 \u00e0 lui \u00e0 \u00e9galit\u00e9.\u201d<\/p>\n\n\n\n<p>(Sir Harry Swanson)<\/p>\n\n\n\n<p>\u201cLes chats ont \u00e9t\u00e9 mis au monde pour contredire le dogme selon lequel toutes les choses auraient \u00e9t\u00e9 cr\u00e9\u00e9es pour servir l\u2019homme.\u201d<\/p>\n\n\n\n<p>(Paul Gray)<\/p>\n\n\n\n<p>\u201cLes yeux d\u2019un chat sont deux fen\u00eatres derri\u00e8re lesquelles une divinit\u00e9 myst\u00e9rieuse nous observe en silence.\u201d<\/p>\n\n\n\n<p>(Fabrizio Caramagna)<\/p>\n\n\n\n<p>\u201cParmi tous les animaux, le chat est le seul capable de vivre dans la contemplation. Il observe la roue de l\u2019existence de l\u2019ext\u00e9rieur.\u201d<\/p>\n\n\n\n<p>(Anonyme)<\/p>\n\n\n\n<figure class=\"wp-block-image size-full\"><img width=\"870\" height=\"490\" src=\"https:\/\/ecobnb.fr\/blog\/app\/uploads\/sites\/7\/2026\/03\/4_20260319_200817_0003.png\" alt=\"Gros plan d\u2019un chat tachet\u00e9 (race Bengal) avec la citation de Sir Harry Swanson : \u00ab\u202fOn ne peut pas poss\u00e9der un chat\u202f\u00bb.\" class=\"wp-image-7868\" srcset=\"https:\/\/ecobnb.fr\/blog\/app\/uploads\/sites\/7\/2026\/03\/4_20260319_200817_0003.png 870w, https:\/\/ecobnb.fr\/blog\/app\/uploads\/sites\/7\/2026\/03\/4_20260319_200817_0003-536x302.png 536w, https:\/\/ecobnb.fr\/blog\/app\/uploads\/sites\/7\/2026\/03\/4_20260319_200817_0003-768x433.png 768w, https:\/\/ecobnb.fr\/blog\/app\/uploads\/sites\/7\/2026\/03\/4_20260319_200817_0003-570x320.png 570w, https:\/\/ecobnb.fr\/blog\/app\/uploads\/sites\/7\/2026\/03\/4_20260319_200817_0003-344x194.png 344w\" sizes=\"(max-width: 870px) 100vw, 870px\" \/><\/figure>\n\n\n\n<p>\u201cQuelle myst\u00e9rieuse recette connaissent les chats pour doser si parfaitement douceur et cruaut\u00e9, timidit\u00e9 et agressivit\u00e9, docilit\u00e9 et esprit sauvage ?\u201d<\/p>\n\n\n\n<p>(Mary S. Emilson)<\/p>\n\n\n\n<p>\u201cContrairement au chien qui voit dans son ma\u00eetre le bip\u00e8de en chef, le chat identifie dans son ma\u00eetre la figure maternelle.\u201d<\/p>\n\n\n\n<p>(Giorgio Celli)<\/p>\n\n\n\n<p>\u201cJe crois que les chats sont des esprits venus sur Terre. Un chat, j\u2019en suis convaincu, peut marcher sur un nuage.\u201d<\/p>\n\n\n\n<p>(Jules Verne)<\/p>\n\n\n\n<p>\u201cOn ne poss\u00e8de jamais un chat.&nbsp;&raquo;<\/p>\n\n\n\n<p>(Sir Harry Swanson)<\/p>\n\n\n\n<p>Les chats nous donnent deux grands enseignements : le d\u00e9tachement des choses est un art et l\u2019\u00e9l\u00e9gance ne fait pas de bruit.\u201d<\/p>\n\n\n\n<p>(Fabrizio Caramagna)<\/p>\n\n\n\n<h2>Pourquoi les chiens et les chats occupent-ils une place si sp\u00e9ciale dans notre c\u0153ur ?<\/h2>\n\n\n\n<figure class=\"wp-block-image size-full\"><img width=\"870\" height=\"490\" src=\"https:\/\/ecobnb.fr\/blog\/app\/uploads\/sites\/7\/2026\/03\/17739470086798601535489473773122.jpg\" alt=\"Un chat et un chien se reposant c\u00f4te \u00e0 c\u00f4te sous les couvertures, symbolisant le lien et l\u2019harmonie entre les animaux de compagnie.\" class=\"wp-image-7861\" srcset=\"https:\/\/ecobnb.fr\/blog\/app\/uploads\/sites\/7\/2026\/03\/17739470086798601535489473773122.jpg 870w, https:\/\/ecobnb.fr\/blog\/app\/uploads\/sites\/7\/2026\/03\/17739470086798601535489473773122-536x302.jpg 536w, https:\/\/ecobnb.fr\/blog\/app\/uploads\/sites\/7\/2026\/03\/17739470086798601535489473773122-768x433.jpg 768w, https:\/\/ecobnb.fr\/blog\/app\/uploads\/sites\/7\/2026\/03\/17739470086798601535489473773122-570x320.jpg 570w, https:\/\/ecobnb.fr\/blog\/app\/uploads\/sites\/7\/2026\/03\/17739470086798601535489473773122-344x194.jpg 344w\" sizes=\"(max-width: 870px) 100vw, 870px\" \/><\/figure>\n\n\n\n<p><strong>Le lien entre les humains et les animaux domestiques<\/strong> est profond et ancien. Depuis des si\u00e8cles, chiens et chats partagent notre vie quotidienne, devenant bien plus que de simples animaux de compagnie. Ils offrent affection, pr\u00e9sence et une forme d\u2019amour sinc\u00e8re qui rend souvent les journ\u00e9es plus l\u00e9g\u00e8res. Dans un monde de plus en plus fr\u00e9n\u00e9tique, leur compagnie peut se transformer en une v\u00e9ritable <strong>source de s\u00e9r\u00e9nit\u00e9.<\/strong><\/p>\n\n\n\n<p>Ceux qui vivent avec un animal le savent bien : un simple regard, une queue qui remue ou un chat qui ronronne suffit pour nous rappeler combien la <strong>simplicit\u00e9<\/strong> de l\u2019amour authentique est pr\u00e9cieuse. Les <strong>chiens et les chats<\/strong> occupent une place sp\u00e9ciale dans le c\u0153ur humain parce qu\u2019ils offrent amour inconditionnel, loyaut\u00e9 et compagnie sans jugement.<\/p>\n\n\n\n<p>Pour beaucoup, ils deviennent de v\u00e9ritables <strong>compagnons de vie<\/strong>, capables <strong>d\u2019am\u00e9liorer l\u2019humeur<\/strong> et d\u2019apporter du r\u00e9confort dans les moments difficiles. De nombreuses \u00e9tudes ont montr\u00e9 que la pr\u00e9sence d\u2019un animal domestique peut avoir des effets positifs sur la sant\u00e9 : <strong>r\u00e9duire le stress<\/strong>, soulager l\u2019anxi\u00e9t\u00e9 et favoriser le bien-\u00eatre \u00e9motionnel.<\/p>\n\n\n\n<p>Ainsi, chiens et chats peuvent \u00eatre consid\u00e9r\u00e9s comme un petit mais pr\u00e9cieux <strong>\u00ab antid\u00e9presseur \u00e0 quatre pattes \u00bb, <\/strong>capable d\u2019enrichir notre vie chaque jour.<\/p>\n\n\n\n<h2>Conclusion<\/h2>\n\n\n\n<figure class=\"wp-block-image size-full\"><img width=\"870\" height=\"490\" src=\"https:\/\/ecobnb.fr\/blog\/app\/uploads\/sites\/7\/2026\/03\/17739471701156726192890603172841.jpg\" alt=\"Un chien jouant joyeusement avec une balle sur l\u2019herbe, courant et s\u2019amusant en plein air.\" class=\"wp-image-7862\" srcset=\"https:\/\/ecobnb.fr\/blog\/app\/uploads\/sites\/7\/2026\/03\/17739471701156726192890603172841.jpg 870w, https:\/\/ecobnb.fr\/blog\/app\/uploads\/sites\/7\/2026\/03\/17739471701156726192890603172841-536x302.jpg 536w, https:\/\/ecobnb.fr\/blog\/app\/uploads\/sites\/7\/2026\/03\/17739471701156726192890603172841-768x433.jpg 768w, https:\/\/ecobnb.fr\/blog\/app\/uploads\/sites\/7\/2026\/03\/17739471701156726192890603172841-570x320.jpg 570w, https:\/\/ecobnb.fr\/blog\/app\/uploads\/sites\/7\/2026\/03\/17739471701156726192890603172841-344x194.jpg 344w\" sizes=\"(max-width: 870px) 100vw, 870px\" \/><figcaption>Photo de Luiza Sayfullina via Unsplash<\/figcaption><\/figure>\n\n\n\n<p>Nos animaux domestiques sont des cr\u00e9atures sp\u00e9ciales, capables de rendre notre vie plus heureuse et sereine. Ils nous accompagnent dans nos <strong>aventures quotidiennes<\/strong> et m\u00eame lors de nos voyages. De plus en plus de personnes choisissent d\u2019emmener leur chien ou leur chat lors de vacances, sorties ou week-ends. Voyager avec eux signifie partager de nouvelles exp\u00e9riences, d\u00e9couvrir des lieux diff\u00e9rents et cr\u00e9er des souvenirs encore plus pr\u00e9cieux.<\/p>\n\n\n\n<p>Notre ami \u00e0 quatre pattes n\u2019est pas seulement un compagnon de maison, mais un v\u00e9ritable membre de la famille, capable de rendre chaque moment plus amusant, authentique et riche en \u00e9motions. En d\u00e9finitive, chiens et chats nous enseignent chaque jour la valeur de l\u2019amour inconditionnel, de la compagnie et de la <strong>joie dans les petites choses<\/strong>.<\/p>\n\n\n\n<p>Qu\u2019ils soient \u00e0 nos c\u00f4t\u00e9s \u00e0 la maison ou qu\u2019ils <a href=\"https:\/\/ecobnb.fr\/special\/vacances-avec-animaux\" target=\"_blank\" rel=\"noreferrer noopener\"><strong>nous accompagnent en vacances<\/strong><\/a>, leur pr\u00e9sence <strong>enrichit la vie, <\/strong>offrant des moments de s\u00e9r\u00e9nit\u00e9, de rires et d\u2019affection sinc\u00e8re. Avoir un animal signifie ne <strong>jamais \u00eatre seul : <\/strong>chaque regard, chaque caresse et chaque ronron ou queue qui remue nous rappelle combien le lien entre humains et <strong>amis \u00e0 quatre pattes <\/strong>est pr\u00e9cieux.<\/p>\n\n\n\n<p><em>Cover image via Canva PRO<\/em><\/p>\n","protected":false},"excerpt":{"rendered":"<p>Les chiens et les chats ne sont pas seulement des animaux de compagnie : ils occupent une place importante dans la vie de millions de personnes. Ceux qui ont eu la chance de partager des moments avec eux savent combien ils peuvent nous enseigner la joie, l\u2019amour inconditionnel et la fid\u00e9lit\u00e9. Leur pr\u00e9sence quotidienne rend [&hellip;]<\/p>\n","protected":false},"author":194,"featured_media":7871,"parent":0,"menu_order":0,"comment_status":"closed","ping_status":"closed","template":"","meta":[],"acf":[],"yoast_head":"<!-- This site is optimized with the Yoast SEO plugin v19.9 - https:\/\/yoast.com\/wordpress\/plugins\/seo\/ -->\n<title>Les Meilleures Citations sur les Chiens et les Chats | Ecobnb<\/title>\n<meta name=\"description\" content=\"D\u00e9couvrez les plus belles citations sur chiens et chats et comment nous enseignent l\u2019amour, la fid\u00e9lit\u00e9 et la joie au quotidien.\" \/>\n<meta name=\"robots\" content=\"index, follow, max-snippet:-1, max-image-preview:large, max-video-preview:-1\" \/>\n<link rel=\"canonical\" href=\"https:\/\/ecobnb.fr\/blog\/meilleures-citations-chiens-chats\/\" \/>\n<meta property=\"og:locale\" content=\"fr_FR\" \/>\n<meta property=\"og:type\" content=\"article\" \/>\n<meta property=\"og:title\" content=\"Les Meilleures Citations sur les Chiens et les Chats | Ecobnb\" \/>\n<meta property=\"og:description\" content=\"D\u00e9couvrez les plus belles citations sur chiens et chats et comment nous enseignent l\u2019amour, la fid\u00e9lit\u00e9 et la joie au quotidien.\" \/>\n<meta property=\"og:url\" content=\"https:\/\/ecobnb.fr\/blog\/meilleures-citations-chiens-chats\/\" \/>\n<meta property=\"og:site_name\" content=\"Ecobnb\" \/>\n<meta property=\"article:modified_time\" content=\"2026-03-30T16:57:19+00:00\" \/>\n<meta property=\"og:image\" content=\"https:\/\/ecobnb.fr\/blog\/app\/uploads\/sites\/7\/2026\/03\/amici-a-4-zampe-1.jpg\" \/>\n\t<meta property=\"og:image:width\" content=\"1170\" \/>\n\t<meta property=\"og:image:height\" content=\"490\" \/>\n\t<meta property=\"og:image:type\" content=\"image\/jpeg\" \/>\n<meta name=\"twitter:card\" content=\"summary_large_image\" \/>\n<meta name=\"twitter:label1\" content=\"Est. reading time\" \/>\n\t<meta name=\"twitter:data1\" content=\"7 minutes\" \/>\n<!-- \/ Yoast SEO plugin. -->","yoast_head_json":{"title":"Les Meilleures Citations sur les Chiens et les Chats | Ecobnb","description":"D\u00e9couvrez les plus belles citations sur chiens et chats et comment nous enseignent l\u2019amour, la fid\u00e9lit\u00e9 et la joie au quotidien.","robots":{"index":"index","follow":"follow","max-snippet":"max-snippet:-1","max-image-preview":"max-image-preview:large","max-video-preview":"max-video-preview:-1"},"canonical":"https:\/\/ecobnb.fr\/blog\/meilleures-citations-chiens-chats\/","og_locale":"fr_FR","og_type":"article","og_title":"Les Meilleures Citations sur les Chiens et les Chats | Ecobnb","og_description":"D\u00e9couvrez les plus belles citations sur chiens et chats et comment nous enseignent l\u2019amour, la fid\u00e9lit\u00e9 et la joie au quotidien.","og_url":"https:\/\/ecobnb.fr\/blog\/meilleures-citations-chiens-chats\/","og_site_name":"Ecobnb","article_modified_time":"2026-03-30T16:57:19+00:00","og_image":[{"width":1170,"height":490,"url":"https:\/\/ecobnb.fr\/blog\/app\/uploads\/sites\/7\/2026\/03\/amici-a-4-zampe-1.jpg","type":"image\/jpeg"}],"twitter_card":"summary_large_image","twitter_misc":{"Est. reading time":"7 minutes"},"schema":{"@context":"https:\/\/schema.org","@graph":[{"@type":"WebPage","@id":"https:\/\/ecobnb.fr\/blog\/meilleures-citations-chiens-chats\/","url":"https:\/\/ecobnb.fr\/blog\/meilleures-citations-chiens-chats\/","name":"Les Meilleures Citations sur les Chiens et les Chats | Ecobnb","isPartOf":{"@id":"https:\/\/ecobnb.fr\/blog\/#website"},"datePublished":"2026-03-30T16:54:03+00:00","dateModified":"2026-03-30T16:57:19+00:00","description":"D\u00e9couvrez les plus belles citations sur chiens et chats et comment nous enseignent l\u2019amour, la fid\u00e9lit\u00e9 et la joie au quotidien.","breadcrumb":{"@id":"https:\/\/ecobnb.fr\/blog\/meilleures-citations-chiens-chats\/#breadcrumb"},"inLanguage":"fr-FR","potentialAction":[{"@type":"ReadAction","target":["https:\/\/ecobnb.fr\/blog\/meilleures-citations-chiens-chats\/"]}]},{"@type":"BreadcrumbList","@id":"https:\/\/ecobnb.fr\/blog\/meilleures-citations-chiens-chats\/#breadcrumb","itemListElement":[{"@type":"ListItem","position":1,"name":"Home","item":"https:\/\/ecobnb.fr\/blog\/"},{"@type":"ListItem","position":2,"name":"Amis \u00e0 4 pattes : Les Meilleures Phrases, Aphorismes et Citations sur Chiens et Chats"}]},{"@type":"WebSite","@id":"https:\/\/ecobnb.fr\/blog\/#website","url":"https:\/\/ecobnb.fr\/blog\/","name":"Ecobnb","description":"Find sustainable accommodation","potentialAction":[{"@type":"SearchAction","target":{"@type":"EntryPoint","urlTemplate":"https:\/\/ecobnb.fr\/blog\/?s={search_term_string}"},"query-input":"required name=search_term_string"}],"inLanguage":"fr-FR"}]}},"_links":{"self":[{"href":"https:\/\/ecobnb.fr\/blog\/wp-json\/wp\/v2\/pages\/8045"}],"collection":[{"href":"https:\/\/ecobnb.fr\/blog\/wp-json\/wp\/v2\/pages"}],"about":[{"href":"https:\/\/ecobnb.fr\/blog\/wp-json\/wp\/v2\/types\/page"}],"author":[{"embeddable":true,"href":"https:\/\/ecobnb.fr\/blog\/wp-json\/wp\/v2\/users\/194"}],"replies":[{"embeddable":true,"href":"https:\/\/ecobnb.fr\/blog\/wp-json\/wp\/v2\/comments?post=8045"}],"version-history":[{"count":1,"href":"https:\/\/ecobnb.fr\/blog\/wp-json\/wp\/v2\/pages\/8045\/revisions"}],"predecessor-version":[{"id":8046,"href":"https:\/\/ecobnb.fr\/blog\/wp-json\/wp\/v2\/pages\/8045\/revisions\/8046"}],"wp:featuredmedia":[{"embeddable":true,"href":"https:\/\/ecobnb.fr\/blog\/wp-json\/wp\/v2\/media\/7871"}],"wp:attachment":[{"href":"https:\/\/ecobnb.fr\/blog\/wp-json\/wp\/v2\/media?parent=8045"}],"curies":[{"name":"wp","href":"https:\/\/api.w.org\/{rel}","templated":true}]}}